{"id":5534,"date":"2019-12-09T02:33:44","date_gmt":"2019-12-09T02:33:44","guid":{"rendered":"https:\/\/www.stvvalves.com\/?post_type=product&#038;p=5534"},"modified":"2025-02-18T14:00:08","modified_gmt":"2025-02-18T06:00:08","slug":"sanitary-3-way-ball-valve-with-pneumatictri-clamp-ends","status":"publish","type":"product","link":"https:\/\/www.stvvalves.com\/de\/products\/sanitary-3-way-ball-valve-with-pneumatictri-clamp-ends\/","title":{"rendered":"Sanit\u00e4rer 3-Wege-Kugelhahn mit pneumatischen Tri-Clamp-Enden"},"content":{"rendered":"<p>Referenz: ST-V1053<br \/>\nVerf\u00fcgbare Gr\u00f6\u00dfen: 1\u2033 bis 4\u2033, DN25 bis DN100<br \/>\nEndanschluss: Tri-Clamp \/ Tri-Clamp<br \/>\nK\u00f6rper und Scheibe: AISI 304 oder 316L, (EN1.4301\/EN1.4404)<br \/>\nSitz: Verkapseltes Teflon (PTFE)<br \/>\n3-Wege-Flussplan: T-Typ oder L-Typ zur Auswahl<br \/>\nMax. Arbeitsdruck: 145 psi (10 bar)<br \/>\nBetrieb: Horizontalantrieb, Aluminiummaterial, AA\/NC\/NO<br \/>\nAktuatorluftdruck: 58 ~ 102 psi (4 ~ 7 bar)<br \/>\nTemperaturbereich: 14\u00b0F ~ 248\u00b0F (-10\u00b0C ~ 120\u00b0C) als Standard, h\u00f6her auf Anfrage erh\u00e4ltlich.<br \/>\nOberfl\u00e4chenbehandlung: Ra 32\u03bcin (0,8\u03bcm) als Standard, Ra 16\u03bcin (0,4\u03bcm) als beste Option<\/p>\n<p><img loading=\"lazy\" decoding=\"async\" class=\"alignleft size-full wp-image-5527\" src=\"https:\/\/www.stvvalves.com\/wp-content\/uploads\/2019\/12\/Sanitary-3-Way-Valve-3-Port-Ball-Valve-With-Pneumatic-Actuator-catalog.jpg\" alt=\"\" width=\"675\" height=\"817\" srcset=\"https:\/\/www.stvvalves.com\/wp-content\/uploads\/2019\/12\/Sanitary-3-Way-Valve-3-Port-Ball-Valve-With-Pneumatic-Actuator-catalog.jpg 675w, https:\/\/www.stvvalves.com\/wp-content\/uploads\/2019\/12\/Sanitary-3-Way-Valve-3-Port-Ball-Valve-With-Pneumatic-Actuator-catalog-600x726.jpg 600w, https:\/\/www.stvvalves.com\/wp-content\/uploads\/2019\/12\/Sanitary-3-Way-Valve-3-Port-Ball-Valve-With-Pneumatic-Actuator-catalog-248x300.jpg 248w, https:\/\/www.stvvalves.com\/wp-content\/uploads\/2019\/12\/Sanitary-3-Way-Valve-3-Port-Ball-Valve-With-Pneumatic-Actuator-catalog-582x705.jpg 582w\" sizes=\"auto, (max-width: 675px) 100vw, 675px\" \/><\/p>\n<p>&nbsp;<\/p>","protected":false},"excerpt":{"rendered":"<p>Die SV-2PEBC-H-3W-Serie ist ein pneumatischer 3-Wege-Sanit\u00e4rkugelhahn mit Tri-Clamp-\/Tri-Clamp-Enden und gekapseltem PTFE-Sitz, der h\u00e4ufig in der Lebensmittel- und Getr\u00e4nkeverarbeitung, im Brauwesen, in der \u00d6lraffinerie, in der Kosmetik und in der Pharmaindustrie eingesetzt wird und chemische Industrie zur Steuerung des Medienflusses. Das Vollanschlussdesign ohne Einschr\u00e4nkung macht es zur optimalen Wahl f\u00fcr viskose und partikelf\u00f6rmige Fl\u00fcssigkeiten. Der SV-2PFC-H-3W-Kugelhahn wird automatisch durch horizontale Aktuatoren betrieben.<\/p>\n<p>STV Valve Technology Group Co., Ltd ist ein professioneller Marktf\u00fchrer in der Herstellung von quadratischen pneumatischen Kugelh\u00e4hnen, Sanit\u00e4r-Edelstahl-Kugelh\u00e4hnen, Sanit\u00e4r-3-Wege-Kugelh\u00e4hnen, pneumatischen 3-Wege-Kugelh\u00e4hnen, 3-Wege-Kugelh\u00e4hnen, Sanit\u00e4r-Pneumatik-3-Wege-Kugelh\u00e4hnen mit hoher Qualit\u00e4t Qualit\u00e4t und wettbewerbsf\u00e4higer Preis.<\/p>","protected":false},"featured_media":5535,"template":"","meta":[],"product_brand":[],"product_cat":[966,969],"product_tag":[171,1339,391,1344,1334,1343],"class_list":{"0":"post-5534","1":"product","2":"type-product","3":"status-publish","4":"has-post-thumbnail","6":"product_cat-pipe-fitting","7":"product_cat-sanitary-pipe-fitting-and-valves","8":"product_tag-3-way-ball-valve","9":"product_tag-pneumatic-3-way-ball-valve","10":"product_tag-sanitary-3-way-ball-valve","11":"product_tag-sanitary-pneumatic-3-way-ball-valve","12":"product_tag-sanitary-stainless-steel-ball-valve","13":"product_tag-square-pneumatic-ball-valve","15":"first","16":"instock","17":"shipping-taxable","18":"product-type-simple"},"_links":{"self":[{"href":"https:\/\/www.stvvalves.com\/de\/wp-json\/wp\/v2\/product\/5534","targetHints":{"allow":["GET"]}}],"collection":[{"href":"https:\/\/www.stvvalves.com\/de\/wp-json\/wp\/v2\/product"}],"about":[{"href":"https:\/\/www.stvvalves.com\/de\/wp-json\/wp\/v2\/types\/product"}],"wp:featuredmedia":[{"embeddable":true,"href":"https:\/\/www.stvvalves.com\/de\/wp-json\/wp\/v2\/media\/5535"}],"wp:attachment":[{"href":"https:\/\/www.stvvalves.com\/de\/wp-json\/wp\/v2\/media?parent=5534"}],"wp:term":[{"taxonomy":"product_brand","embeddable":true,"href":"https:\/\/www.stvvalves.com\/de\/wp-json\/wp\/v2\/product_brand?post=5534"},{"taxonomy":"product_cat","embeddable":true,"href":"https:\/\/www.stvvalves.com\/de\/wp-json\/wp\/v2\/product_cat?post=5534"},{"taxonomy":"product_tag","embeddable":true,"href":"https:\/\/www.stvvalves.com\/de\/wp-json\/wp\/v2\/product_tag?post=5534"}],"curies":[{"name":"wp","href":"https:\/\/api.w.org\/{rel}","templated":true}]}}