{"id":5540,"date":"2019-12-09T03:10:10","date_gmt":"2019-12-09T03:10:10","guid":{"rendered":"https:\/\/www.stvvalves.com\/?post_type=product&#038;p=5540"},"modified":"2025-02-18T13:59:50","modified_gmt":"2025-02-18T05:59:50","slug":"sanitary-butterfly-valve-with-pneumatic-operated-actuatorbutt-weld-ends","status":"publish","type":"product","link":"https:\/\/www.stvvalves.com\/de\/products\/sanitary-butterfly-valve-with-pneumatic-operated-actuatorbutt-weld-ends\/","title":{"rendered":"Sanit\u00e4r-Absperrklappe mit pneumatisch bet\u00e4tigtem Antrieb, Stumpfschwei\u00dfenden"},"content":{"rendered":"<p>Referenz: ST-V1001<br \/>\nVerf\u00fcgbare Gr\u00f6\u00dfen: 1\/2\u2033 bis 12\u2033 (DN10 \u2013 DN300)<br \/>\nEndverbindung: stumpfgeschwei\u00dft\/stumpfgeschwei\u00dft<br \/>\nK\u00f6rper und Scheibe: AISI 304 oder 316L, (EN1.4301\/EN1.4404)<br \/>\nSitz: EPDM, VMQ (Silikon) oder Viton (FPM), FDA-zugelassen.<br \/>\nMax. Arbeitsdruck: 145 psi (10 bar)<br \/>\nTemperaturbereich: 14\u00b0F ~ 248\u00b0F (-10\u00b0C ~ 120\u00b0C) als Standard, h\u00f6her auf Anfrage erh\u00e4ltlich.<br \/>\nBetrieb: pneumatischer Antrieb, 304SS, vertikaler Typ, NC\/NO\/AA.<br \/>\nAktuatorluftdruck: 58 ~ 102 psi (4 ~ 7 bar)<br \/>\nOberfl\u00e4chenbehandlung: Ra 32\u03bcin (0,8\u03bcm) als Standard, Ra 16\u03bcin (0,4\u03bcm) als beste Option.<\/p>\n<p><img loading=\"lazy\" decoding=\"async\" class=\"alignleft size-full wp-image-5541\" src=\"https:\/\/www.stvvalves.com\/wp-content\/uploads\/2019\/12\/Sanitary-Butterfly-Valve-with-Pneumatic-Operated-Actuator-Butt-weld-Ends-catalog.jpg\" alt=\"\" width=\"730\" height=\"773\" srcset=\"https:\/\/www.stvvalves.com\/wp-content\/uploads\/2019\/12\/Sanitary-Butterfly-Valve-with-Pneumatic-Operated-Actuator-Butt-weld-Ends-catalog.jpg 730w, https:\/\/www.stvvalves.com\/wp-content\/uploads\/2019\/12\/Sanitary-Butterfly-Valve-with-Pneumatic-Operated-Actuator-Butt-weld-Ends-catalog-600x635.jpg 600w, https:\/\/www.stvvalves.com\/wp-content\/uploads\/2019\/12\/Sanitary-Butterfly-Valve-with-Pneumatic-Operated-Actuator-Butt-weld-Ends-catalog-283x300.jpg 283w, https:\/\/www.stvvalves.com\/wp-content\/uploads\/2019\/12\/Sanitary-Butterfly-Valve-with-Pneumatic-Operated-Actuator-Butt-weld-Ends-catalog-666x705.jpg 666w\" sizes=\"auto, (max-width: 730px) 100vw, 730px\" \/><\/p>\n<p>&nbsp;<\/p>","protected":false},"excerpt":{"rendered":"<p>Bei der ST-V1001-Serie handelt es sich um pneumatische Sanit\u00e4r-Absperrklappen mit stumpfgeschwei\u00dften\/stumpfgeschwei\u00dften Enden, die h\u00e4ufig in Prozessrohrsystemen zur Isolierung und Steuerung eingesetzt werden. Die Absperrklappe ST-V1001 arbeitet automatisch.<\/p>\n<p>Sanit\u00e4r-Absperrklappen k\u00f6nnen entweder manuell oder pneumatisch bet\u00e4tigt werden. Es gibt eine gro\u00dfe Auswahl an manuellen Steuerungen, um den unterschiedlichen Systemanforderungen gerecht zu werden. Die pneumatischen Steuerungen k\u00f6nnen horizontal und vertikal, einfach, doppelt wirkend und modulierend sein. Sie k\u00f6nnen mit Kontrolloberteilen und N\u00e4herungsschaltern ausgestattet werden. Sie werden h\u00e4ufig in vielen Bereichen eingesetzt, z. B. in den Bereichen Bier, Getr\u00e4nke, Milchprodukte, Fruchts\u00e4fte, Apotheken, Bioprodukte usw.<\/p>\n<p>STV Valve Technology Group Co., Ltd ist ein professioneller Marktf\u00fchrer in China f\u00fcr hygienische Absperrklappen, Sanit\u00e4r-Absperrklappen aus Edelstahl, Sanit\u00e4r-Absperrklappen mit Stellantrieb, Sanit\u00e4r-Absperrklappen, Hersteller von hygienischen Absperrklappen mit Stellantrieb aus Aluminium mit hoher Qualit\u00e4t und wettbewerbsf\u00e4higen Preisen<\/p>","protected":false},"featured_media":5542,"template":"","meta":[],"product_brand":[],"product_cat":[966,969],"product_tag":[1349,1345,1347,1348,1346],"class_list":{"0":"post-5540","1":"product","2":"type-product","3":"status-publish","4":"has-post-thumbnail","6":"product_cat-pipe-fitting","7":"product_cat-sanitary-pipe-fitting-and-valves","8":"product_tag-aluminum-actuator-hygienic-butterfly-valve-with-actuator-manufacturers","9":"product_tag-china-hygienic-butterfly-valve","10":"product_tag-sanitary-butterfly-valve-with-actuator","11":"product_tag-sanitary-butterfly-valves","12":"product_tag-sanitary-stainless-steel-butterfly-valve","14":"first","15":"instock","16":"shipping-taxable","17":"product-type-simple"},"_links":{"self":[{"href":"https:\/\/www.stvvalves.com\/de\/wp-json\/wp\/v2\/product\/5540","targetHints":{"allow":["GET"]}}],"collection":[{"href":"https:\/\/www.stvvalves.com\/de\/wp-json\/wp\/v2\/product"}],"about":[{"href":"https:\/\/www.stvvalves.com\/de\/wp-json\/wp\/v2\/types\/product"}],"wp:featuredmedia":[{"embeddable":true,"href":"https:\/\/www.stvvalves.com\/de\/wp-json\/wp\/v2\/media\/5542"}],"wp:attachment":[{"href":"https:\/\/www.stvvalves.com\/de\/wp-json\/wp\/v2\/media?parent=5540"}],"wp:term":[{"taxonomy":"product_brand","embeddable":true,"href":"https:\/\/www.stvvalves.com\/de\/wp-json\/wp\/v2\/product_brand?post=5540"},{"taxonomy":"product_cat","embeddable":true,"href":"https:\/\/www.stvvalves.com\/de\/wp-json\/wp\/v2\/product_cat?post=5540"},{"taxonomy":"product_tag","embeddable":true,"href":"https:\/\/www.stvvalves.com\/de\/wp-json\/wp\/v2\/product_tag?post=5540"}],"curies":[{"name":"wp","href":"https:\/\/api.w.org\/{rel}","templated":true}]}}