{"id":5546,"date":"2019-12-09T06:54:04","date_gmt":"2019-12-09T06:54:04","guid":{"rendered":"https:\/\/www.stvvalves.com\/?post_type=product&#038;p=5546"},"modified":"2025-02-18T13:59:49","modified_gmt":"2025-02-18T05:59:49","slug":"sanitary-304-y-type-strainerdn50clamp-end","status":"publish","type":"product","link":"https:\/\/www.stvvalves.com\/de\/products\/sanitary-304-y-type-strainerdn50clamp-end\/","title":{"rendered":"Sanit\u00e4r-Y-Sieb 304, DN50, Klemmende"},"content":{"rendered":"<p>Referenz: ST-V1087<br \/>\nVerf\u00fcgbare Gr\u00f6\u00dfen: 1\u2033-6\u2033 (DN25-DN150)<br \/>\nGeh\u00e4usematerial: AISI 304 oder AISI 316L<br \/>\nDichtungsmaterial: EPDM, Silikon, Viton (FPM)<br \/>\nEndanschl\u00fcsse: Stumpfschwei\u00dfung, Tri-Clamp, Gewinde<br \/>\nMaschenweiten: von 0,5 mm bis 2,0 mm<br \/>\nSieb: von 30 Mesh bis 300 Mesh<br \/>\nMax. Arbeitsdruck: 145 psi (10 bar)<br \/>\nTemperaturbereich: 14\u00b0F ~ 248\u00b0F (-10\u00b0C ~ 120\u00b0C)<br \/>\nOberfl\u00e4chenbehandlung: Ra 16 ~ 32\u00b5in (0,4 ~ 0,8\u00b5m), Ra 32\u00b5in als Standard<br \/>\nY-Typ-Filter: Keine Demontage von der Rohrleitung erforderlich, einfach die Klemme oder Mutter l\u00f6sen, dann kann das Netz leicht abgenommen werden.<\/p>\n<p><img loading=\"lazy\" decoding=\"async\" class=\"alignleft size-full wp-image-5547\" src=\"https:\/\/www.stvvalves.com\/wp-content\/uploads\/2019\/12\/Sanitary-304-Y-Type-Strainer-DN50-Clamp-End-Catalog.jpg\" alt=\"\" width=\"701\" height=\"613\" srcset=\"https:\/\/www.stvvalves.com\/wp-content\/uploads\/2019\/12\/Sanitary-304-Y-Type-Strainer-DN50-Clamp-End-Catalog.jpg 701w, https:\/\/www.stvvalves.com\/wp-content\/uploads\/2019\/12\/Sanitary-304-Y-Type-Strainer-DN50-Clamp-End-Catalog-600x525.jpg 600w, https:\/\/www.stvvalves.com\/wp-content\/uploads\/2019\/12\/Sanitary-304-Y-Type-Strainer-DN50-Clamp-End-Catalog-300x262.jpg 300w\" sizes=\"auto, (max-width: 701px) 100vw, 701px\" \/><\/p>\n<p>&nbsp;<\/p>","protected":false},"excerpt":{"rendered":"<p>Der Sanit\u00e4r-Y-Sieb ST-V1087 wird verwendet, um kleine Partikel aus Kompressoren, Pumpen, Messger\u00e4ten und einigen anderen Ger\u00e4ten zu entfernen. Wenn Fl\u00fcssigkeiten durch das Sieb flie\u00dfen, k\u00f6nnen Verunreinigungen zur\u00fcckgehalten werden, dann treten reine Fl\u00fcssigkeiten durch den Auslass aus. Wenn eine Reinigung erforderlich ist, ziehen Sie einfach die Kartusche heraus und setzen Sie sie nach der Reinigung wieder ein. Dies ist sehr praktisch f\u00fcr die Verwendung und Wartung.<\/p>\n<p>Die Filter zeichnen sich durch kompakte Bauweise, starke Filterleistung, geringen Schaden und g\u00fcnstige Preise aus und werden h\u00e4ufig in der Lebensmittel-, Getr\u00e4nke-, Molkerei- und Pharmaindustrie eingesetzt.<\/p>\n<p>STV Valve Technology Group Co., Ltd ist ein professioneller Marktf\u00fchrer f\u00fcr Hersteller von Sanit\u00e4r-Sieben, Sanit\u00e4r-Klemmsieben, Edelstahl-Sieben, Sanit\u00e4r-Y-Sieben und Klemm-Y-Sieben mit hoher Qualit\u00e4t und wettbewerbsf\u00e4higen Preisen.<\/p>","protected":false},"featured_media":5548,"template":"","meta":[],"product_brand":[],"product_cat":[966,969],"product_tag":[1350,1353,1351,1352,255],"class_list":{"0":"post-5546","1":"product","2":"type-product","3":"status-publish","4":"has-post-thumbnail","6":"product_cat-pipe-fitting","7":"product_cat-sanitary-pipe-fitting-and-valves","8":"product_tag-china-sanitary-strainer","9":"product_tag-clamp-y-type-strainer-manufacturers","10":"product_tag-sanitary-clamp-strainer","11":"product_tag-sanitary-y-type-strainer","12":"product_tag-stainless-steel-strainer","14":"first","15":"instock","16":"shipping-taxable","17":"product-type-simple"},"_links":{"self":[{"href":"https:\/\/www.stvvalves.com\/de\/wp-json\/wp\/v2\/product\/5546","targetHints":{"allow":["GET"]}}],"collection":[{"href":"https:\/\/www.stvvalves.com\/de\/wp-json\/wp\/v2\/product"}],"about":[{"href":"https:\/\/www.stvvalves.com\/de\/wp-json\/wp\/v2\/types\/product"}],"wp:featuredmedia":[{"embeddable":true,"href":"https:\/\/www.stvvalves.com\/de\/wp-json\/wp\/v2\/media\/5548"}],"wp:attachment":[{"href":"https:\/\/www.stvvalves.com\/de\/wp-json\/wp\/v2\/media?parent=5546"}],"wp:term":[{"taxonomy":"product_brand","embeddable":true,"href":"https:\/\/www.stvvalves.com\/de\/wp-json\/wp\/v2\/product_brand?post=5546"},{"taxonomy":"product_cat","embeddable":true,"href":"https:\/\/www.stvvalves.com\/de\/wp-json\/wp\/v2\/product_cat?post=5546"},{"taxonomy":"product_tag","embeddable":true,"href":"https:\/\/www.stvvalves.com\/de\/wp-json\/wp\/v2\/product_tag?post=5546"}],"curies":[{"name":"wp","href":"https:\/\/api.w.org\/{rel}","templated":true}]}}