{"id":5618,"date":"2020-10-07T02:23:09","date_gmt":"2020-10-07T02:23:09","guid":{"rendered":"https:\/\/www.stvvalves.com\/?post_type=product&#038;p=5618"},"modified":"2025-02-19T19:47:50","modified_gmt":"2025-02-19T11:47:50","slug":"2205-threaded-ball-valve-pn16-dn15-npt-end","status":"publish","type":"product","link":"https:\/\/www.stvvalves.com\/de\/products\/2205-threaded-ball-valve-pn16-dn15-npt-end\/","title":{"rendered":"2205 Kugelhahn mit Gewinde, PN16, DN15, NPT-Ende"},"content":{"rendered":"<p>Hauptmerkmale:<br \/>\nScrewed BSP or NPT End Connections<br \/>\n2205<br \/>\nPTFE Seat<br \/>\nGr\u00f6\u00dfen: 1\/4\u2033 bis 4\u2033<br \/>\nTemperature range: -20 \u00b0C to +180 \u00b0C<br \/>\nOperating pressure: 1000\u00a0 WOG<br \/>\nBewegung: 90\u00b0-Drehung<\/p>\n<table>\n<tbody>\n<tr>\n<td width=\"200\"><strong>Produktname<\/strong><\/td>\n<td width=\"481\">2205 Kugelhahn mit Gewinde, PN16, DN15, NPT-Ende<\/td>\n<\/tr>\n<tr>\n<td width=\"200\">1. Material<\/td>\n<td width=\"481\">2205<\/td>\n<\/tr>\n<tr>\n<td width=\"200\">2. Gr\u00f6\u00dfe<\/td>\n<td width=\"481\">1\/2&quot;<\/td>\n<\/tr>\n<tr>\n<td width=\"200\">4. Hafen<\/td>\n<td width=\"481\">Vollst\u00e4ndiger Port<\/td>\n<\/tr>\n<tr>\n<td width=\"200\">5. Arbeitsdruck<\/td>\n<td width=\"481\">1000WOG<\/td>\n<\/tr>\n<tr>\n<td width=\"200\">6. Verbindung endet<\/td>\n<td width=\"481\">NVV<\/td>\n<\/tr>\n<tr>\n<td width=\"200\">7. Arbeitstemperatur.<\/td>\n<td width=\"481\">-29~120 \u00b0C,<\/td>\n<\/tr>\n<tr>\n<td width=\"200\">8. Geeignetes Medium<\/td>\n<td width=\"481\">Wasser, Erdgas, \u00d6l und einige \u00e4tzende Fl\u00fcssigkeiten<\/td>\n<\/tr>\n<tr>\n<td width=\"200\">9. Betrieben<\/td>\n<td width=\"481\">Handrad<\/td>\n<\/tr>\n<tr>\n<td width=\"200\">10. Inspektion und Pr\u00fcfung<\/td>\n<td width=\"481\">Gem\u00e4\u00df API598<\/td>\n<\/tr>\n<tr>\n<td width=\"200\"><strong>Sendung<\/strong><\/td>\n<td width=\"481\"><\/td>\n<\/tr>\n<tr>\n<td width=\"200\">Lieferzeit<\/td>\n<td width=\"481\">30 Tage<\/td>\n<\/tr>\n<tr>\n<td width=\"200\">Paket<\/td>\n<td width=\"481\">Standard-Export-Sperrholzkiste<\/td>\n<\/tr>\n<tr>\n<td width=\"200\">Hafen<\/td>\n<td width=\"481\">Ningbo\/Shanghai, China<\/td>\n<\/tr>\n<tr>\n<td width=\"200\">Versandbedingungen<\/td>\n<td width=\"481\">Exw, FOB, CFR, CIF usw.<\/td>\n<\/tr>\n<tr>\n<td width=\"200\">Zahlungsbedingungen<\/td>\n<td width=\"481\">T\/T, Western Union, PayPal usw.<\/td>\n<\/tr>\n<tr>\n<td width=\"200\"><\/td>\n<td width=\"481\">30% Vorauszahlung, 70% Restbetrag vor dem Versand bezahlt<\/td>\n<\/tr>\n<tr>\n<td width=\"200\">Herkunftsland<\/td>\n<td width=\"481\">Stadt Wenzhou, China<\/td>\n<\/tr>\n<tr>\n<td width=\"200\">Produktionskapazit\u00e4t<\/td>\n<td width=\"481\">6000 Tonnen\/Jahr<\/td>\n<\/tr>\n<tr>\n<td width=\"200\">Mindestbestellmenge<\/td>\n<td width=\"481\">1 St\u00fcck\/Gr\u00f6\u00dfe<\/td>\n<\/tr>\n<\/tbody>\n<\/table>","protected":false},"excerpt":{"rendered":"<p>Modell:Q11F-1-1000WOG-1\/2\u2033<\/p>\n<p>Der Kugelhahn mit Gewinde STV 2205 kann aus einer einteiligen Struktur, einer zweiteiligen Struktur und einer dreiteiligen Struktur hergestellt werden. Es wurde mit der Technologie der Firma euroelectric entwickelt. Es ist ein Produkt mit Lichtschalter, einfacher Struktur und erschwinglich. Es kann durch stark oxidierende Medien, Meerwasser, Chlorid, Ammoniumthioat und andere Medien korrodiert werden.<br \/>\nEin Kugelhahn mit Gewinde ist eine Art Ventil, bei dem sich die Kugel um die Mittellinie des Ventilk\u00f6rpers dreht, um das \u00d6ffnen oder Schlie\u00dfen zu erreichen. Es wird haupts\u00e4chlich in Rohrleitungen verwendet, um die Str\u00f6mungsrichtung des Mediums abzuschneiden, zu verteilen und zu \u00e4ndern. Der interne Schraubkugelhahn 2205 ist eine Ventilart, die in den letzten Jahren weit verbreitet war. Der Einbau des Ventils erfolgt grunds\u00e4tzlich horizontal<\/p>\n<p>Verf\u00fcgt \u00fcber einen ausblassicheren Stiel und einen isolierten Griff sowie einen abschlie\u00dfbaren Hebelgriff.<\/p>\n<p>&nbsp;<\/p>\n<p>STV Valve Technology Group Co., Ltd ist ein professioneller Hersteller von 2205-Kugelh\u00e4hnen, 2205-Gewindekugelh\u00e4hnen, NPT-2205-Kugelh\u00e4hnen und Supper 2205-Kugelh\u00e4hnen mit hoher Qualit\u00e4t und wettbewerbsf\u00e4higen Preisen.<\/p>","protected":false},"featured_media":5623,"template":"","meta":[],"product_brand":[],"product_cat":[43,79],"product_tag":[1396,1395,1397,1399],"class_list":{"0":"post-5618","1":"product","2":"type-product","3":"status-publish","4":"has-post-thumbnail","6":"product_cat-ball-valve","7":"product_cat-threaded-ball-valve","8":"product_tag-2205-threaded-ball-valve","9":"product_tag-china-2205-ball-valve","10":"product_tag-npt-2205-ball-valve","11":"product_tag-supper-2205-ball-vave-manufacturer","13":"first","14":"instock","15":"shipping-taxable","16":"product-type-simple"},"_links":{"self":[{"href":"https:\/\/www.stvvalves.com\/de\/wp-json\/wp\/v2\/product\/5618","targetHints":{"allow":["GET"]}}],"collection":[{"href":"https:\/\/www.stvvalves.com\/de\/wp-json\/wp\/v2\/product"}],"about":[{"href":"https:\/\/www.stvvalves.com\/de\/wp-json\/wp\/v2\/types\/product"}],"wp:featuredmedia":[{"embeddable":true,"href":"https:\/\/www.stvvalves.com\/de\/wp-json\/wp\/v2\/media\/5623"}],"wp:attachment":[{"href":"https:\/\/www.stvvalves.com\/de\/wp-json\/wp\/v2\/media?parent=5618"}],"wp:term":[{"taxonomy":"product_brand","embeddable":true,"href":"https:\/\/www.stvvalves.com\/de\/wp-json\/wp\/v2\/product_brand?post=5618"},{"taxonomy":"product_cat","embeddable":true,"href":"https:\/\/www.stvvalves.com\/de\/wp-json\/wp\/v2\/product_cat?post=5618"},{"taxonomy":"product_tag","embeddable":true,"href":"https:\/\/www.stvvalves.com\/de\/wp-json\/wp\/v2\/product_tag?post=5618"}],"curies":[{"name":"wp","href":"https:\/\/api.w.org\/{rel}","templated":true}]}}