{"id":5624,"date":"2020-10-07T12:47:37","date_gmt":"2020-10-07T12:47:37","guid":{"rendered":"https:\/\/www.stvvalves.com\/?post_type=product&#038;p=5624"},"modified":"2025-02-18T13:59:00","modified_gmt":"2025-02-18T05:59:00","slug":"s31803-flanged-y-strainer-150lb-dn100","status":"publish","type":"product","link":"https:\/\/www.stvvalves.com\/de\/products\/s31803-flanged-y-strainer-150lb-dn100\/","title":{"rendered":"S31803 Y-Sieb mit Flansch, 150LB, DN100"},"content":{"rendered":"<p>Standards f\u00fcr Y-Flanschfilter<\/p>\n<p>Design und Herstellung: ASME B16.34<br \/>\nInspektion und Test: API 598<br \/>\nEndflanschabmessungen: ASME B16.5, ASME B16.47 A<br \/>\nBW-Endma\u00df: ASME B16.25<br \/>\nVon Angesicht zu Angesicht und von Ende zu Ende: ASME B16.10<br \/>\n(R\u00fcckschlagventil\/Kugelventil)<br \/>\nDruck-Temperatur-Bewertungen: ASME B16.34<\/p>\n<p>Standard: API, ANSI, ISO, BS, DIN, NF, JIS. ECT<br \/>\nVerbindungsart: Flansche, Gewinde, Muffenschwei\u00dfen, BW<br \/>\nDruckstufe: PN 1,0 ~ 25 MPa; Klasse 150\u2013600<br \/>\nGr\u00f6\u00dfe: DN6~500mm, NPS1\/4\u2033~20\u2033<br \/>\nTemp. -198c~+450c<br \/>\nMaterial:<br \/>\nTian: TA1, TA2, TA10, TC4, GR2, GR3, GR5<br \/>\nNickellegierung: N6, N201, N200, CZ-100<br \/>\nHastelloy-Legierung: Hastello B (N-12MV, N-7M), Hastello C (CW-12MW)<br \/>\nHastelloy C276 (CW-6MC), Hastelloy C4, Hastelloy G30<br \/>\nMonel-Legierung: M-30C, M35-1, Monel 400, Monel 600, Monel K500<br \/>\nInconel: Inconel 600, Inconel 800, Inconel 690<br \/>\nDuplexstahl: S31803 (SAF2205, F51), S32750 (SAF2507, F53)<br \/>\nZirkonium: Zirkonium 702, Zirkonium 705<br \/>\nAustenitischer Edelstahl: 904L, 254SMO. 654SMO<br \/>\nSonstiges: NS143\/Alloy20, C4<\/p>\n<table>\n<tbody>\n<tr>\n<td width=\"200\"><strong>Produktname<\/strong><\/td>\n<td width=\"481\">S31803 Y-Sieb mit Flansch, 150LB, DN100<\/td>\n<\/tr>\n<tr>\n<td width=\"200\">1. Material<\/td>\n<td width=\"481\">S31806<\/td>\n<\/tr>\n<tr>\n<td width=\"200\">2. Gr\u00f6\u00dfe<\/td>\n<td width=\"481\">4&quot;<\/td>\n<\/tr>\n<tr>\n<td width=\"200\">4. Hafen<\/td>\n<td width=\"481\">Vollst\u00e4ndiger Port<\/td>\n<\/tr>\n<tr>\n<td width=\"200\">5. Arbeitsdruck<\/td>\n<td width=\"481\">150 Pfund<\/td>\n<\/tr>\n<tr>\n<td width=\"200\">6. Verbindung endet<\/td>\n<td width=\"481\">RF<\/td>\n<\/tr>\n<tr>\n<td width=\"200\">7. Arbeitstemperatur.<\/td>\n<td width=\"481\">-29~425 \u00b0C,<\/td>\n<\/tr>\n<tr>\n<td width=\"200\">8. Geeignetes Medium<\/td>\n<td width=\"481\">Wasser, Erdgas, \u00d6l und einige \u00e4tzende Fl\u00fcssigkeiten<\/td>\n<\/tr>\n<tr>\n<td width=\"200\">9. Betrieben<\/td>\n<td width=\"481\">\/<\/td>\n<\/tr>\n<tr>\n<td width=\"200\">10. Inspektion und Pr\u00fcfung<\/td>\n<td width=\"481\">Gem\u00e4\u00df API598<\/td>\n<\/tr>\n<tr>\n<td width=\"200\"><strong>Sendung<\/strong><\/td>\n<td width=\"481\"><\/td>\n<\/tr>\n<tr>\n<td width=\"200\">Lieferzeit<\/td>\n<td width=\"481\">30 Tage<\/td>\n<\/tr>\n<tr>\n<td width=\"200\">Paket<\/td>\n<td width=\"481\">Standard-Export-Sperrholzkiste<\/td>\n<\/tr>\n<tr>\n<td width=\"200\">Hafen<\/td>\n<td width=\"481\">Ningbo\/Shanghai, China<\/td>\n<\/tr>\n<tr>\n<td width=\"200\">Versandbedingungen<\/td>\n<td width=\"481\">Exw, FOB, CFR, CIF usw.<\/td>\n<\/tr>\n<tr>\n<td width=\"200\">Zahlungsbedingungen<\/td>\n<td width=\"481\">T\/T, Western Union, PayPal usw.<\/td>\n<\/tr>\n<tr>\n<td width=\"200\"><\/td>\n<td width=\"481\">30% Vorauszahlung, 70% Restbetrag vor dem Versand bezahlt<\/td>\n<\/tr>\n<tr>\n<td width=\"200\">Herkunftsland<\/td>\n<td width=\"481\">Stadt Wenzhou, China<\/td>\n<\/tr>\n<tr>\n<td width=\"200\">Produktionskapazit\u00e4t<\/td>\n<td width=\"481\">6000 Tonnen\/Jahr<\/td>\n<\/tr>\n<tr>\n<td width=\"200\">Mindestbestellmenge<\/td>\n<td width=\"481\">1 St\u00fcck\/Gr\u00f6\u00dfe<\/td>\n<\/tr>\n<\/tbody>\n<\/table>","protected":false},"excerpt":{"rendered":"<p>STV-GL41Y-DN100<\/p>\n<p>Das Y-Sieb mit Flansch S31803 besteht haupts\u00e4chlich aus D\u00fcse, Hauptrohr, Filtersieb, Flansch, Flanschabdeckung und Befestigungselement. Der Filter s31803y bietet die Vorteile einer fortschrittlichen Struktur, eines geringen Widerstands und eines bequemen Abblasens. Wenn die Fl\u00fcssigkeit durch das Hauptrohr in den Filterkorb gelangt, werden die festen Verunreinigungen im Filterkorb blockiert und die saubere Fl\u00fcssigkeit wird vom Filterauslass durch den Filterkorb abgef\u00fchrt.<br \/>\nAus welchem Material besteht der Flansch-Y-Sieb S31803? Es handelt sich um eine mittlere Legierung aus F51 und 1.4462 \u2013 die repr\u00e4sentative Marke ist UNS S31803 (22cr-5ni-3mo-0,15n). Es verf\u00fcgt \u00fcber eine hohe Festigkeit, gute Schlagz\u00e4higkeit und eine gute Gesamt- und lokale Spannungskorrosionsbest\u00e4ndigkeit.<br \/>\nDer Grund daf\u00fcr ist, dass das Filtersieb des Y-Siebkorbfilters mit Flansch S31803 zu einem Korb mit zylindrischer Oberfl\u00e4che geformt ist und die Flanschabdeckung am unteren Ende der Y-f\u00f6rmigen Schnittstelle abgeschraubt werden kann, um die Festigkeit zu erh\u00f6hen und robuster als das Einzelsieb zu sein -Schichtnetz und entfernen Sie regelm\u00e4\u00dfig die im Filterkorb abgelagerten Partikel und Verunreinigungen.<\/p>\n<p>STV Valve Technology Group Co., Ltd ist ein professioneller Marktf\u00fchrer in China S31803 Flansch-Y-Sieb, DN100 S31803 Flansch-Y-Sieb, 150LB S31803 Flansch-Y-Sieb Hersteller mit hoher Qualit\u00e4t und wettbewerbsf\u00e4higem Preis.<\/p>","protected":false},"featured_media":5669,"template":"","meta":[],"product_brand":[],"product_cat":[85,48],"product_tag":[1402,1400,1401],"class_list":{"0":"post-5624","1":"product","2":"type-product","3":"status-publish","4":"has-post-thumbnail","6":"product_cat-stainless-steel-y-type-strainer","7":"product_cat-y-strainer","8":"product_tag-150lb-s31803-flanged-y-strainer-manufacturer","9":"product_tag-china-s31803-flanged-y-strainer","10":"product_tag-dn100-s31803-flanged-y-strainer","12":"first","13":"instock","14":"shipping-taxable","15":"product-type-simple"},"_links":{"self":[{"href":"https:\/\/www.stvvalves.com\/de\/wp-json\/wp\/v2\/product\/5624","targetHints":{"allow":["GET"]}}],"collection":[{"href":"https:\/\/www.stvvalves.com\/de\/wp-json\/wp\/v2\/product"}],"about":[{"href":"https:\/\/www.stvvalves.com\/de\/wp-json\/wp\/v2\/types\/product"}],"wp:featuredmedia":[{"embeddable":true,"href":"https:\/\/www.stvvalves.com\/de\/wp-json\/wp\/v2\/media\/5669"}],"wp:attachment":[{"href":"https:\/\/www.stvvalves.com\/de\/wp-json\/wp\/v2\/media?parent=5624"}],"wp:term":[{"taxonomy":"product_brand","embeddable":true,"href":"https:\/\/www.stvvalves.com\/de\/wp-json\/wp\/v2\/product_brand?post=5624"},{"taxonomy":"product_cat","embeddable":true,"href":"https:\/\/www.stvvalves.com\/de\/wp-json\/wp\/v2\/product_cat?post=5624"},{"taxonomy":"product_tag","embeddable":true,"href":"https:\/\/www.stvvalves.com\/de\/wp-json\/wp\/v2\/product_tag?post=5624"}],"curies":[{"name":"wp","href":"https:\/\/api.w.org\/{rel}","templated":true}]}}