{"id":5630,"date":"2020-11-03T02:32:47","date_gmt":"2020-11-03T02:32:47","guid":{"rendered":"https:\/\/www.stvvalves.com\/?post_type=product&#038;p=5630"},"modified":"2024-12-24T22:48:25","modified_gmt":"2024-12-24T14:48:25","slug":"din-swing-check-valve-gs-c25-body-dn100-pn40","status":"publish","type":"product","link":"https:\/\/www.stvvalves.com\/de\/products\/din-swing-check-valve-gs-c25-body-dn100-pn40\/","title":{"rendered":"DIN-R\u00fcckschlagventil, GS-C25-Geh\u00e4use, DN100, PN40"},"content":{"rendered":"<p><!--StartFragment --><\/p>\n<div>Anwendung: Industrie, Kraftwerke, Rauchgasreinigungsanlagen, Verarbeitungstechnik, Gasversorgung, Dampfanlagen, Recyclinganlagen, Vakuumanlagen, Hei\u00dfwasser, Thermo\u00f6lanwendungen, allgemeiner Anlagenbau usw. Medium: Dampf, Gase, Hei\u00dfwasser, Thermo\u00f6l , Ammoniak usw. Materialien: GG25 (EN-GJL-250), GGG40, 1.0619+N (GS-C25), 1.4308 (CF8), 1.4408 (CF8M) Gr\u00f6\u00dfenbereich: DN15-DN400 Druck: PN16-PN40 Temperatur: \u2264425 \u2103 Abb. Nr.: STV-BD44H<br \/>\nTechnische Spezifikation<br \/>\n\u25cfDesignstandard: DIN 3356<br \/>\n\u25cfVon Angesicht zu Angesicht: DIN3202<br \/>\n\u25cfFlanschenden: DIN2543-2545<br \/>\n\u25cfPr\u00fcfung und Inspektion: DIN 3230<\/div>\n<div>\n<table class=\"ke-zeroborder\" border=\"0\" cellspacing=\"0\" cellpadding=\"0\">\n<tbody>\n<tr>\n<td valign=\"top\">NEIN.<\/td>\n<td valign=\"top\">Teilname<\/td>\n<td valign=\"top\">Material<\/td>\n<\/tr>\n<tr>\n<td>\n<p align=\"center\">1<\/p>\n<\/td>\n<td>\n<p align=\"center\">K\u00f6rper<\/p>\n<\/td>\n<td>\n<p align=\"center\">GS-C25\u30011.4301\u30011.4401<\/p>\n<\/td>\n<\/tr>\n<tr>\n<td>\n<p align=\"center\">2<\/p>\n<\/td>\n<td>\n<p align=\"center\">Sitz<\/p>\n<\/td>\n<td>\n<p align=\"center\">1.4301\u3001Stellit<\/p>\n<\/td>\n<\/tr>\n<tr>\n<td>\n<p align=\"center\">3<\/p>\n<\/td>\n<td>\n<p align=\"center\">Rabatt<\/p>\n<\/td>\n<td>\n<p align=\"center\">1.4021\u30011.4301+Stellit<\/p>\n<\/td>\n<\/tr>\n<tr>\n<td>\n<p align=\"center\">4<\/p>\n<\/td>\n<td>\n<p align=\"center\">Fr\u00fchling<\/p>\n<\/td>\n<td>\n<p align=\"center\">1.4301\u30011.4401<\/p>\n<\/td>\n<\/tr>\n<tr>\n<td>\n<p align=\"center\">5<\/p>\n<\/td>\n<td>\n<p align=\"center\">F\u00fchrungsh\u00fclse aus Kupfer<\/p>\n<\/td>\n<td>\n<p align=\"center\">Kupferlegierung, D2, BL2<\/p>\n<\/td>\n<\/tr>\n<tr>\n<td>\n<p align=\"center\">6<\/p>\n<\/td>\n<td>\n<p align=\"center\">Metalldichtung<\/p>\n<\/td>\n<td>\n<p align=\"center\">Edelstahl<\/p>\n<\/td>\n<\/tr>\n<tr>\n<td>\n<p align=\"center\">7<\/p>\n<\/td>\n<td>\n<p align=\"center\">Abdeckung<\/p>\n<\/td>\n<td>\n<p align=\"center\">GS-25\u30011.4301\u30011.4401<\/p>\n<\/td>\n<\/tr>\n<tr>\n<td>\n<p align=\"center\">8<\/p>\n<\/td>\n<td>\n<p align=\"center\">Nuss<\/p>\n<\/td>\n<td>\n<p align=\"center\">ASTM 194-2H\u3001A194-8<\/p>\n<\/td>\n<\/tr>\n<tr>\n<td>\n<p align=\"center\">9<\/p>\n<\/td>\n<td>\n<p align=\"center\">Doppelkopfbolzen<\/p>\n<\/td>\n<td>\n<p align=\"center\">ASTM 193-B7\u3001A193-B8<\/p>\n<\/td>\n<\/tr>\n<\/tbody>\n<\/table>\n<\/div>","protected":false},"excerpt":{"rendered":"<p>Vorteil<br \/>\nDie Hauptmerkmale unserer R\u00fcckschlagventile k\u00f6nnen sein:<br \/>\n\u25cfVerschraubte Motorhaube<br \/>\n\u25cfDruckdichtungshaube<br \/>\n\u25cfEingeschraubter oder geschwei\u00dfter Deckel<br \/>\n\u25cfGegossen oder geschmiedet<br \/>\n\u25cfSchwenkkontrolle, Kolbenkontrolle, Kugelkontrolle<br \/>\n\u25cfEingeschwei\u00dfte oder austauschbare Sitze<\/p>\n<p>STV Valve Technology Group Co., Ltd ist ein professioneller Hersteller von DIN-R\u00fcckschlagventilen, GS-C25-R\u00fcckschlagventilen, DN100-R\u00fcckschlagventilen und PN40-R\u00fcckschlagventilen in China mit hoher Qualit\u00e4t und wettbewerbsf\u00e4higem Preis.<\/p>\n<p>F\u00fcr weitere Materialien und Details wenden Sie sich bitte an sales@stvvalve.com.<\/p>\n<p>&nbsp;<\/p>","protected":false},"featured_media":5631,"template":"","meta":[],"product_brand":[],"product_cat":[83,46],"product_tag":[1407,1409,1408,1410],"class_list":{"0":"post-5630","1":"product","2":"type-product","3":"status-publish","4":"has-post-thumbnail","6":"product_cat-cast-steel-check-valve","7":"product_cat-check-valves","8":"product_tag-din-swing-check-valve","9":"product_tag-dn100-swing-check-valve","10":"product_tag-gs-c25-swing-check-valve","11":"product_tag-pn40-swing-check-valve","13":"first","14":"instock","15":"shipping-taxable","16":"product-type-simple"},"_links":{"self":[{"href":"https:\/\/www.stvvalves.com\/de\/wp-json\/wp\/v2\/product\/5630","targetHints":{"allow":["GET"]}}],"collection":[{"href":"https:\/\/www.stvvalves.com\/de\/wp-json\/wp\/v2\/product"}],"about":[{"href":"https:\/\/www.stvvalves.com\/de\/wp-json\/wp\/v2\/types\/product"}],"wp:featuredmedia":[{"embeddable":true,"href":"https:\/\/www.stvvalves.com\/de\/wp-json\/wp\/v2\/media\/5631"}],"wp:attachment":[{"href":"https:\/\/www.stvvalves.com\/de\/wp-json\/wp\/v2\/media?parent=5630"}],"wp:term":[{"taxonomy":"product_brand","embeddable":true,"href":"https:\/\/www.stvvalves.com\/de\/wp-json\/wp\/v2\/product_brand?post=5630"},{"taxonomy":"product_cat","embeddable":true,"href":"https:\/\/www.stvvalves.com\/de\/wp-json\/wp\/v2\/product_cat?post=5630"},{"taxonomy":"product_tag","embeddable":true,"href":"https:\/\/www.stvvalves.com\/de\/wp-json\/wp\/v2\/product_tag?post=5630"}],"curies":[{"name":"wp","href":"https:\/\/api.w.org\/{rel}","templated":true}]}}