{"id":5634,"date":"2020-11-03T02:46:23","date_gmt":"2020-11-03T02:46:23","guid":{"rendered":"https:\/\/www.stvvalves.com\/?post_type=product&#038;p=5634"},"modified":"2025-02-18T13:58:57","modified_gmt":"2025-02-18T05:58:57","slug":"ansi-300lb-bellow-seal-gate-valve-wcb-body-3-inch-rf-flange-end","status":"publish","type":"product","link":"https:\/\/www.stvvalves.com\/de\/products\/ansi-300lb-bellow-seal-gate-valve-wcb-body-3-inch-rf-flange-end\/","title":{"rendered":"ANSI 300lb Balgdichtungsschieber, Wcb-K\u00f6rper, 3 Zoll, RF-Flanschende"},"content":{"rendered":"<p>Anwendung<br \/>\nHei\u00df\u00f6lsystem, Dampfsystem, Hei\u00df- und Kaltwassersystem usw.<br \/>\nVorteil<br \/>\n1.Balgdichtungselement. Der Hauptbestandteil balggedichteter Absperrventile ist der innere Faltenbalg. Es handelt sich um die Verbindung zwischen Deckel und Stiel durch automatisches Rollschwei\u00dfen. Der mentale Balg verhindert, dass der Schaftteil ausl\u00e4uft.<br \/>\n2.Doppelte Dichtungskonstruktion (Faltenbalg + Packung). Faltenbalg und Packung k\u00f6nnen vor Leckagen sch\u00fctzen und eine hervorragende Abdichtung bieten.<br \/>\n3.Schmiernippel. Es kann den Schaft, die Mutter und die H\u00fclse direkt schmieren.<br \/>\n4.Ergonomisches Handrad. Es sorgt f\u00fcr eine l\u00e4ngere Lebensdauer und eine einfachere Bedienung.<br \/>\nTechnische Spezifikation<br \/>\nDesignstandard: ASME B16.34<br \/>\nBaul\u00e4nge: ASME B16.10<br \/>\nFlanschenden: ASME B16.5<br \/>\nTest und Inspektion: API 598<\/p>\n<table>\n<tbody>\n<tr>\n<td width=\"200\"><strong>Produktname<\/strong><\/td>\n<td width=\"481\">ANSI 300lb Balgdichtungsschieber, Wcb-K\u00f6rper, 3 Zoll, RF-Flanschende<\/td>\n<\/tr>\n<tr>\n<td width=\"200\">1. Material<\/td>\n<td width=\"481\">WCB<\/td>\n<\/tr>\n<tr>\n<td width=\"200\">2. Gr\u00f6\u00dfe<\/td>\n<td width=\"481\">3&quot;<\/td>\n<\/tr>\n<tr>\n<td width=\"200\">4. Hafen<\/td>\n<td width=\"481\">Vollst\u00e4ndiger Port<\/td>\n<\/tr>\n<tr>\n<td width=\"200\">5. Arbeitsdruck<\/td>\n<td width=\"481\">300 Pfund<\/td>\n<\/tr>\n<tr>\n<td width=\"200\">6. Verbindung endet<\/td>\n<td width=\"481\">RF<\/td>\n<\/tr>\n<tr>\n<td width=\"200\">7. Arbeitstemperatur.<\/td>\n<td width=\"481\">-29~425 \u00b0C,<\/td>\n<\/tr>\n<tr>\n<td width=\"200\">8. Geeignetes Medium<\/td>\n<td width=\"481\">Wasser, Erdgas, \u00d6l und einige \u00e4tzende Fl\u00fcssigkeiten<\/td>\n<\/tr>\n<tr>\n<td width=\"200\">9. Betrieben<\/td>\n<td width=\"481\">Handrad<\/td>\n<\/tr>\n<tr>\n<td width=\"200\">10. Inspektion und Pr\u00fcfung<\/td>\n<td width=\"481\">Gem\u00e4\u00df API598<\/td>\n<\/tr>\n<tr>\n<td width=\"200\"><strong>Sendung<\/strong><\/td>\n<td width=\"481\"><\/td>\n<\/tr>\n<tr>\n<td width=\"200\">Lieferzeit<\/td>\n<td width=\"481\">30 Tage<\/td>\n<\/tr>\n<tr>\n<td width=\"200\">Paket<\/td>\n<td width=\"481\">Standard-Export-Sperrholzkiste<\/td>\n<\/tr>\n<tr>\n<td width=\"200\">Hafen<\/td>\n<td width=\"481\">Ningbo\/Shanghai, China<\/td>\n<\/tr>\n<tr>\n<td width=\"200\">Versandbedingungen<\/td>\n<td width=\"481\">Exw, FOB, CFR, CIF usw.<\/td>\n<\/tr>\n<tr>\n<td width=\"200\">Zahlungsbedingungen<\/td>\n<td width=\"481\">T\/T, Western Union, PayPal usw.<\/td>\n<\/tr>\n<tr>\n<td width=\"200\"><\/td>\n<td width=\"481\">30% Vorauszahlung, 70% Restbetrag vor dem Versand bezahlt<\/td>\n<\/tr>\n<tr>\n<td width=\"200\">Herkunftsland<\/td>\n<td width=\"481\">Stadt Wenzhou, China<\/td>\n<\/tr>\n<tr>\n<td width=\"200\">Produktionskapazit\u00e4t<\/td>\n<td width=\"481\">6000 Tonnen\/Jahr<\/td>\n<\/tr>\n<tr>\n<td width=\"200\">Mindestbestellmenge<\/td>\n<td width=\"481\">1 St\u00fcck\/Gr\u00f6\u00dfe<\/td>\n<\/tr>\n<\/tbody>\n<\/table>","protected":false},"excerpt":{"rendered":"<p>Funktionen und Vorteile<br \/>\n\u25cf Lange Lebensdauer des Balgs (2000 Zyklen) in Gr. 321 (rostfrei), Inconel f\u00fcr spezielle Anwendungen (kann durch Monel-Besatz ersetzt werden, um Korrosion zu widerstehen, oder Hastelloy C f\u00fcr Chloranwendungen).<br \/>\n\u25cf Verbesserte Geh\u00e4use-Oberteil-Verbindung: Graphit verst\u00e4rkt mit SS-Foliendichtung f\u00fcr Ventile der Klasse 150. Vollst\u00e4ndig umh\u00fcllter, spiralf\u00f6rmig gewickelter, mit Graphit gef\u00fcllter Gr. 316-Dichtung (Edelstahl) f\u00fcr die Klassen 300\u2013600.<br \/>\n\u25cf Verschraubte Karosserie-Motorhaube f\u00fcr schnelle Wartung. F\u00fcr die Klassen 300 und 600 sind hermetisch dichte Hauben erh\u00e4ltlich.<br \/>\n\u25cf Zwei- oder dreiteilige Balgbaugruppe.<br \/>\n\u25cf Nicht rotierende Spindel verhindert Torsion des Balgs.<br \/>\n\u25cf Zwei sekund\u00e4re Schaftdichtungen: a) R\u00fccksitz in ge\u00f6ffneter Position; b) Graphitpackung.<br \/>\n\u25cf Eingeschwei\u00dfter Sitz mit Hartauftragung aus CoCr-Legierung.<br \/>\n\u25cf Mit CoCr-Legierung beschichteter Keil f\u00fcr lange Lebensdauer.<br \/>\n\u25cf Sitzfl\u00e4chen mit CoCr-Legierung gepanzert, geschliffen und gel\u00e4ppt.<\/p>\n<p>STV Valve Technology Group Co., Ltd ist ein professioneller Marktf\u00fchrer in China Ansi 300lb Faltenbalg-Absperrschieber, Wcb-Faltenbalg-Absperrschieber, 3-Zoll-Faltenbalg-Absperrschieber, RF-Flanschend-Faltenbalg-Absperrschieber Hersteller mit hoher Qualit\u00e4t und wettbewerbsf\u00e4higem Preis.<\/p>\n<p>F\u00fcr weitere Materialien und Details wenden Sie sich bitte an sales@stvvalve.com.<\/p>","protected":false},"featured_media":5635,"template":"","meta":[],"product_brand":[],"product_cat":[82,44],"product_tag":[1413,1411,1414,1412],"class_list":{"0":"post-5634","1":"product","2":"type-product","3":"status-publish","4":"has-post-thumbnail","6":"product_cat-bellow-seal-gate-valve","7":"product_cat-gate-valve","8":"product_tag-3-inch-bellows-seal-gate-valve","9":"product_tag-ansi-300lb-bellows-seal-gate-valve","10":"product_tag-rf-flange-end-bellows-seal-gate-valve","11":"product_tag-wcb-bellows-seal-gate-valve","13":"first","14":"instock","15":"shipping-taxable","16":"product-type-simple"},"_links":{"self":[{"href":"https:\/\/www.stvvalves.com\/de\/wp-json\/wp\/v2\/product\/5634","targetHints":{"allow":["GET"]}}],"collection":[{"href":"https:\/\/www.stvvalves.com\/de\/wp-json\/wp\/v2\/product"}],"about":[{"href":"https:\/\/www.stvvalves.com\/de\/wp-json\/wp\/v2\/types\/product"}],"wp:featuredmedia":[{"embeddable":true,"href":"https:\/\/www.stvvalves.com\/de\/wp-json\/wp\/v2\/media\/5635"}],"wp:attachment":[{"href":"https:\/\/www.stvvalves.com\/de\/wp-json\/wp\/v2\/media?parent=5634"}],"wp:term":[{"taxonomy":"product_brand","embeddable":true,"href":"https:\/\/www.stvvalves.com\/de\/wp-json\/wp\/v2\/product_brand?post=5634"},{"taxonomy":"product_cat","embeddable":true,"href":"https:\/\/www.stvvalves.com\/de\/wp-json\/wp\/v2\/product_cat?post=5634"},{"taxonomy":"product_tag","embeddable":true,"href":"https:\/\/www.stvvalves.com\/de\/wp-json\/wp\/v2\/product_tag?post=5634"}],"curies":[{"name":"wp","href":"https:\/\/api.w.org\/{rel}","templated":true}]}}