{"id":5638,"date":"2020-11-03T06:20:35","date_gmt":"2020-11-03T06:20:35","guid":{"rendered":"https:\/\/www.stvvalves.com\/?post_type=product&#038;p=5638"},"modified":"2025-02-17T18:34:13","modified_gmt":"2025-02-17T10:34:13","slug":"cf8c-swing-check-valve-12-inch-cl600-flange-end","status":"publish","type":"product","link":"https:\/\/www.stvvalves.com\/de\/products\/cf8c-swing-check-valve-12-inch-cl600-flange-end\/","title":{"rendered":"CF8C-R\u00fcckschlagventil, 12 Zoll, CL600, Flanschende"},"content":{"rendered":"<p>Design-Merkmale:<br \/>\nDesignstandard gem\u00e4\u00df: BS1868, ASME B16.34, API 600<\/p>\n<p>Kompakte und vern\u00fcnftige Produktstruktur, zuverl\u00e4ssige Dichtheit und gute Leistung;<\/p>\n<p>Glatter Fl\u00fcssigkeitsdurchgang und geringer Fl\u00fcssigkeitswiderstand;<\/p>\n<p>Schwingscheibe.<\/p>\n<p>Kann mit einem D\u00e4mpfungszylinder oder einer ausgeglichenen Scheibe ausgestattet werden.<\/p>\n<p>Glatter Fl\u00fcssigkeitsdurchgang und geringer Fl\u00fcssigkeitswiderstand.<\/p>\n<p>Produktauswahl<br \/>\nGeh\u00e4usematerial: WCB, A105, LCB, LC3, CF8, CF8M, CF3, CF3M, CF8C, CF10M, CG8M, WC1, WC6, WC9, F11 usw.<\/p>\n<p>Nenndurchmesser: 1\/2\u2033\uff5e60\u2033\uff08DN15~DN1500\uff09<\/p>\n<p>Druckbereich: Klasse 150 bis 2500 (PN10 bis PN420).<\/p>\n<p>Endanschluss: RF, RTJ, BW<\/p>\n<p>Arbeitstemperatur: -196\u2103~+560\u2103<\/p>\n<div>\n<p>Drucktest: API598<\/p>\n<table>\n<tbody>\n<tr>\n<td width=\"200\"><strong><b>Produktname<\/b><\/strong><\/td>\n<td width=\"481\">CF8C-R\u00fcckschlagventil, 12 Zoll, CL600, Flanschende<\/td>\n<\/tr>\n<tr>\n<td width=\"200\">1. Material<\/td>\n<td width=\"481\">CF8C<\/td>\n<\/tr>\n<tr>\n<td width=\"200\">2. Gr\u00f6\u00dfe<\/td>\n<td width=\"481\">12&quot;<\/td>\n<\/tr>\n<tr>\n<td width=\"200\">4. Hafen<\/td>\n<td width=\"481\">Vollst\u00e4ndiger Port<\/td>\n<\/tr>\n<tr>\n<td width=\"200\">5. Arbeitsdruck<\/td>\n<td width=\"481\">600 Pfund<\/td>\n<\/tr>\n<tr>\n<td width=\"200\">6. Verbindung endet<\/td>\n<td width=\"481\">RF<\/td>\n<\/tr>\n<tr>\n<td width=\"200\">7. Arbeitstemperatur.<\/td>\n<td width=\"481\">-29~250 \u00b0C,<\/td>\n<\/tr>\n<tr>\n<td width=\"200\">8. Geeignetes Medium<\/td>\n<td width=\"481\">Wasser, Erdgas, \u00d6l und einige \u00e4tzende Fl\u00fcssigkeiten<\/td>\n<\/tr>\n<tr>\n<td width=\"200\">9. Betrieben<\/td>\n<td width=\"481\">\/<\/td>\n<\/tr>\n<tr>\n<td width=\"200\">10. Inspektion und Pr\u00fcfung<\/td>\n<td width=\"481\">Gem\u00e4\u00df API 598<\/td>\n<\/tr>\n<tr>\n<td width=\"200\"><strong><b>Sendung<\/b><\/strong><\/td>\n<td width=\"481\"><\/td>\n<\/tr>\n<tr>\n<td width=\"200\">Lieferzeit<\/td>\n<td width=\"481\">30 Tage<\/td>\n<\/tr>\n<tr>\n<td width=\"200\">Paket<\/td>\n<td width=\"481\">Standard-Export-Sperrholzkiste<\/td>\n<\/tr>\n<tr>\n<td width=\"200\">Hafen<\/td>\n<td width=\"481\">Ningbo\/Shanghai, China<\/td>\n<\/tr>\n<tr>\n<td width=\"200\">Versandbedingungen<\/td>\n<td width=\"481\">Exw, FOB, CFR, CIF usw.<\/td>\n<\/tr>\n<tr>\n<td width=\"200\">Zahlungsbedingungen<\/td>\n<td width=\"481\">T\/T, Western Union, PayPal usw.<\/td>\n<\/tr>\n<tr>\n<td width=\"200\"><\/td>\n<td width=\"481\">30% Vorauszahlung, 70% Restbetrag vor dem Versand bezahlt<\/td>\n<\/tr>\n<tr>\n<td width=\"200\">Herkunftsland<\/td>\n<td width=\"481\">Stadt Wenzhou, China<\/td>\n<\/tr>\n<tr>\n<td width=\"200\">Produktionskapazit\u00e4t<\/td>\n<td width=\"481\">6000 Tonnen\/Jahr<\/td>\n<\/tr>\n<tr>\n<td width=\"200\">Mindestbestellmenge<\/td>\n<td width=\"481\">10 St\u00fcck\/Gr\u00f6\u00dfe<\/td>\n<\/tr>\n<\/tbody>\n<\/table>\n<\/div>","protected":false},"excerpt":{"rendered":"<p>Merkmale<\/p>\n<p>1. Im Allgemeinen<\/p>\n<p>Verschraubte Motorhaube<\/p>\n<p>Schwingscheibe;<\/p>\n<p>Sitzfl\u00e4chen aus Metall<\/p>\n<p>2. Verbindung zwischen Geh\u00e4use und Motorhaube<\/p>\n<p>R\u00fcckschlagventile der Klasse 1500LB sind sowohl f\u00fcr verschraubte Oberteile als auch f\u00fcr druckdichte Oberteile geeignet.<\/p>\n<p>3. Deckeldichtungsstil<\/p>\n<p>Metallringdichtung<\/p>\n<p>Druckdichtungsdeckel-\/Motorhaubendesign.<\/p>\n<p>4. Sitz<\/p>\n<p>Bei R\u00fcckschlagventilen aus Kohlenstoffstahl besteht der Sitz normalerweise aus geschmiedetem Stahl. Auf Kundenwunsch kann die Sitzdichtfl\u00e4che mit einer Hartlegierung spritzgeschwei\u00dft werden. F\u00fcr R\u00fcckschlagventile aus Edelstahl wird normalerweise ein integrierter Sitz verwendet, oder er kann nach dem Hartlegierungsschwei\u00dfen integral bearbeitet werden. Der Gewinde- oder Schwei\u00dfsitz ist f\u00fcr R\u00fcckschlagventile aus Edelstahl auf Wunsch des Kunden ebenfalls optional.<\/p>\n<p>STV Valve Technology Group Co., Ltd ist ein professioneller Hersteller von CF8C-R\u00fcckschlagventilen, 12-Zoll-R\u00fcckschlagventilen, CL600-R\u00fcckschlagventilen und Flanschend-R\u00fcckschlagventilen in China mit hoher Qualit\u00e4t und wettbewerbsf\u00e4higem Preis.<\/p>\n<p>F\u00fcr weitere Materialien und Details wenden Sie sich bitte an sales@stvvalve.com.<\/p>","protected":false},"featured_media":5639,"template":"","meta":[],"product_brand":[],"product_cat":[46,67],"product_tag":[1416,1415,1417,339],"class_list":{"0":"post-5638","1":"product","2":"type-product","3":"status-publish","4":"has-post-thumbnail","6":"product_cat-check-valves","7":"product_cat-stainless-steel-check-valve","8":"product_tag-12-inch-swing-check-valve","9":"product_tag-cf8c-swing-check-valve","10":"product_tag-cl600-swing-check-valve","11":"product_tag-flange-end-swing-check-valve","13":"first","14":"instock","15":"shipping-taxable","16":"product-type-simple"},"_links":{"self":[{"href":"https:\/\/www.stvvalves.com\/de\/wp-json\/wp\/v2\/product\/5638","targetHints":{"allow":["GET"]}}],"collection":[{"href":"https:\/\/www.stvvalves.com\/de\/wp-json\/wp\/v2\/product"}],"about":[{"href":"https:\/\/www.stvvalves.com\/de\/wp-json\/wp\/v2\/types\/product"}],"wp:featuredmedia":[{"embeddable":true,"href":"https:\/\/www.stvvalves.com\/de\/wp-json\/wp\/v2\/media\/5639"}],"wp:attachment":[{"href":"https:\/\/www.stvvalves.com\/de\/wp-json\/wp\/v2\/media?parent=5638"}],"wp:term":[{"taxonomy":"product_brand","embeddable":true,"href":"https:\/\/www.stvvalves.com\/de\/wp-json\/wp\/v2\/product_brand?post=5638"},{"taxonomy":"product_cat","embeddable":true,"href":"https:\/\/www.stvvalves.com\/de\/wp-json\/wp\/v2\/product_cat?post=5638"},{"taxonomy":"product_tag","embeddable":true,"href":"https:\/\/www.stvvalves.com\/de\/wp-json\/wp\/v2\/product_tag?post=5638"}],"curies":[{"name":"wp","href":"https:\/\/api.w.org\/{rel}","templated":true}]}}