{"id":5672,"date":"2020-12-30T06:38:47","date_gmt":"2020-12-30T06:38:47","guid":{"rendered":"https:\/\/www.stvvalves.com\/?post_type=product&#038;p=5672"},"modified":"2025-02-17T18:33:21","modified_gmt":"2025-02-17T10:33:21","slug":"cy40-gate-valve-ansi-150lb-dn50","status":"publish","type":"product","link":"https:\/\/www.stvvalves.com\/de\/products\/cy40-gate-valve-ansi-150lb-dn50\/","title":{"rendered":"CY40 Absperrschieber,Ansi 150LB,DN50"},"content":{"rendered":"<p>Gr\u00f6\u00dfe: von 2\u2033 bis 48\u2033<br \/>\nDruck: 150 \u2013 2500LB<br \/>\nMaterial: Inconel 600, Inconel 625, Incoloy 800, Incoloy 825<br \/>\nCY40,CW6MC,CT15C,CU5MCuC,<br \/>\nNO6600, NO6625, NO8800, NO8825<br \/>\nDesign- und Produktionsstandard: API 600, API6D und ASME B16.34<br \/>\nStandardabstand zwischen Flanschen: API 6D, ASME B16.10<br \/>\nAnschluss gem\u00e4\u00df Norm: ANSI B16.5, ASME B16.47, ANSI B16.25<br \/>\nTeststandard: API598<br \/>\nBet\u00e4tigung: kann f\u00fcr Notf\u00e4lle mit Hebel, Getriebe, pneumatischem oder elektrischem Antrieb mit Handrad betrieben werden.<br \/>\nMedium: Das Ventil ist f\u00fcr verschiedene Medien geeignet, darunter Wasser, Dampf, \u00d6l, Gas, Benzinprodukte, Salpeters\u00e4ure, Essigs\u00e4ure usw.<br \/>\nArbeitstemperatur: von -46 \u00b0C oder -50 \u00b0C (Edelstahlkonstruktionen) und -29 \u00b0C (Kohlenstoffstahlkonstruktionen) bis 600 \u00b0C<\/p>","protected":false},"excerpt":{"rendered":"<p>CK20-Absperrschieber werden h\u00e4ufig in der \u00d6l-, Chemie-, Medizin-, D\u00fcngemittel-, Elektroindustrie usw. als Ein-\/Aus-Steuerventile zum Durchlassen oder Absperren des Mediums eingesetzt. Der Schieber ist als keilf\u00f6rmiger, flexibler Schieber mit einfacher Abdichtung und Verschlei\u00dfkompensation konzipiert. Die Dichtungsoberfl\u00e4che ist mit einer verschlei\u00dffesten, geh\u00e4rteten Legierung \u00fcberzogen. die Oberfl\u00e4che der Sitzdichtung ist mit einer verschlei\u00dffesten, geh\u00e4rteten Legierung \u00fcberzogen, die an die Oberfl\u00e4che der Angussdichtung angepasst ist; Der Schaft ist speziell behandelt, um seine Festigkeit, Steifigkeit, Korrosionsbest\u00e4ndigkeit und Abriebfestigkeit zu gew\u00e4hrleisten. Unser Absperrschieber zeichnet sich durch zuverl\u00e4ssige Abdichtung, sichere Verwendung und einfache Bedienung aus. Ventile sind in einer vollst\u00e4ndigen Palette von Geh\u00e4use-\/Oberteilmaterialien und Garnituren erh\u00e4ltlich, die f\u00fcr die Medien Wasser, Dampf, \u00d6lprodukte, Salpeters\u00e4ure, Essigs\u00e4ure usw. verwendet werden.<\/p>\n<p>Modell:Z41H-150LB-3-G1\u2033<\/p>\n<p>Design-Merkmale<br \/>\nVollst\u00e4ndiges Port-Design<br \/>\nOS&amp;Y, au\u00dfen und Schraube<br \/>\nVerschraubte Motorhaube, hintere Dichtungsstruktur<br \/>\nFlexibler Keil, vollst\u00e4ndig gef\u00fchrt<br \/>\nWahlweise mit massivem oder geteiltem Keil<br \/>\nErneuerbarer oder geschwei\u00dfter Sitz<br \/>\nVerl\u00e4ngertes Schaftdesign f\u00fcr niedrige Temperaturen<br \/>\nFlansch- oder Stumpfschwei\u00dfenden<\/p>\n<p>STV Valve Technology Group Co., Ltd ist ein professioneller Hersteller von CY40-Absperrschiebern, Ansi 150LB CY40-Absperrschiebern, 2-Zoll-CY40-Absperrschiebern und CY40-Absperrschiebern mit Flanschende in China mit hoher Qualit\u00e4t und wettbewerbsf\u00e4higen Preisen.<\/p>","protected":false},"featured_media":5673,"template":"","meta":[],"product_brand":[],"product_cat":[44,60],"product_tag":[1437,1436,1435,1438],"class_list":{"0":"post-5672","1":"product","2":"type-product","3":"status-publish","4":"has-post-thumbnail","6":"product_cat-gate-valve","7":"product_cat-stainless-steel-gate-valve","8":"product_tag-2-inch-cy40-gate-valve","9":"product_tag-ansi-150lb-cy40-gate-valve","10":"product_tag-china-cy40-gate-valve","11":"product_tag-flange-end-cy40-gate-valve-manufacturer","13":"first","14":"instock","15":"shipping-taxable","16":"product-type-simple"},"_links":{"self":[{"href":"https:\/\/www.stvvalves.com\/de\/wp-json\/wp\/v2\/product\/5672","targetHints":{"allow":["GET"]}}],"collection":[{"href":"https:\/\/www.stvvalves.com\/de\/wp-json\/wp\/v2\/product"}],"about":[{"href":"https:\/\/www.stvvalves.com\/de\/wp-json\/wp\/v2\/types\/product"}],"wp:featuredmedia":[{"embeddable":true,"href":"https:\/\/www.stvvalves.com\/de\/wp-json\/wp\/v2\/media\/5673"}],"wp:attachment":[{"href":"https:\/\/www.stvvalves.com\/de\/wp-json\/wp\/v2\/media?parent=5672"}],"wp:term":[{"taxonomy":"product_brand","embeddable":true,"href":"https:\/\/www.stvvalves.com\/de\/wp-json\/wp\/v2\/product_brand?post=5672"},{"taxonomy":"product_cat","embeddable":true,"href":"https:\/\/www.stvvalves.com\/de\/wp-json\/wp\/v2\/product_cat?post=5672"},{"taxonomy":"product_tag","embeddable":true,"href":"https:\/\/www.stvvalves.com\/de\/wp-json\/wp\/v2\/product_tag?post=5672"}],"curies":[{"name":"wp","href":"https:\/\/api.w.org\/{rel}","templated":true}]}}