{"id":5684,"date":"2021-01-07T02:55:29","date_gmt":"2021-01-07T02:55:29","guid":{"rendered":"https:\/\/www.stvvalves.com\/?post_type=product&#038;p=5684"},"modified":"2024-12-24T23:08:52","modified_gmt":"2024-12-24T15:08:52","slug":"310s-swing-check-valve-pn16-dn32-flange-end","status":"publish","type":"product","link":"https:\/\/www.stvvalves.com\/de\/products\/310s-swing-check-valve-pn16-dn32-flange-end\/","title":{"rendered":"310S R\u00fcckschlagventil, PN16, DN32, Flanschende"},"content":{"rendered":"<p>Gr\u00f6\u00dfe: von DN50 bis DN600<br \/>\nDruck: PN6 \u2013 PN160<br \/>\nMaterial: CF8, CF3, CF8M, CF3M, CG8M, CG3M, CF8C, CK20<br \/>\n304, 304L, 316, 316L, 316Ti, 317, 317L, 310, 310S,<br \/>\nF304, F304, F316, F316L, F316Ti, F317, F317L, F310, F310S<br \/>\nDesign- und Produktionsstandard: DIN3352, EN558<br \/>\nAbstand zwischen den Flanschen: DIN3202-F5\/F7<br \/>\nAnschluss gem\u00e4\u00df Norm: DIN2543-2547, EN1092<br \/>\nTeststandard: API598, ISO5208<br \/>\nMedium: Das Ventil ist f\u00fcr verschiedene Medien geeignet, darunter Wasser, Dampf, \u00d6l, Gas, Benzinprodukte, Salpeters\u00e4ure, Essigs\u00e4ure usw.<br \/>\nArbeitstemperatur: von -46 \u00b0C oder -50 \u00b0C (Edelstahlkonstruktionen) und -29 \u00b0C oder -46 \u00b0C (Kohlenstoffstahlkonstruktionen) bis 600 \u00b0C<\/p>","protected":false},"excerpt":{"rendered":"<p>Merkmale:<br \/>\nSwing-Typ<br \/>\nVerschraubte Motorhaube<br \/>\nAnti-Rotationsscheibe<br \/>\nErneuerbarer Sitzring<br \/>\nDurchdringungsfreie Scheibenwelle<br \/>\nHorizontale und vertikale Installationen<\/p>\n<div class=\"woocommerce-product-details__short-description\">\n<p>STV Valve Technology Group Co., Ltd ist ein professioneller Marktf\u00fchrer in China 310S-R\u00fcckschlagventile, PN16 310S-R\u00fcckschlagventile, DN32 310S-R\u00fcckschlagventile, Flanschend-R\u00fcckschlagventile, Hersteller von R\u00fcckschlagventilen aus Spezialstahl mit hoher Qualit\u00e4t und wettbewerbsf\u00e4higem Preis.<\/p>\n<\/div>\n<form class=\"cart\" action=\"https:\/\/www.stvvalves.com\/de\/product\/ck20-gate-valve-ansi-300lb-4-inch-flange-end\/\" enctype=\"multipart\/form-data\" method=\"post\" data-trp-original-action=\"https:\/\/www.stvvalves.com\/product\/ck20-gate-valve-ansi-300lb-4-inch-flange-end\/\">\n<div class=\"quantity\"><\/div>\n<div class=\"addquotelistlink\">\n<div class=\"quotelistadd_prodpage\"><\/div>\n<\/div>\n<input type=\"hidden\" name=\"trp-form-language\" value=\"de\"\/><\/form>","protected":false},"featured_media":5685,"template":"","meta":[],"product_brand":[],"product_cat":[46,67],"product_tag":[1439,1441,339,1440,1442],"class_list":{"0":"post-5684","1":"product","2":"type-product","3":"status-publish","4":"has-post-thumbnail","6":"product_cat-check-valves","7":"product_cat-stainless-steel-check-valve","8":"product_tag-china-310s-swing-check-valve","9":"product_tag-dn32-310s-swing-check-valve","10":"product_tag-flange-end-swing-check-valve","11":"product_tag-pn16-310s-swing-check-valve","12":"product_tag-special-steel-swing-check-valve-manufacturer","14":"first","15":"instock","16":"shipping-taxable","17":"product-type-simple"},"_links":{"self":[{"href":"https:\/\/www.stvvalves.com\/de\/wp-json\/wp\/v2\/product\/5684","targetHints":{"allow":["GET"]}}],"collection":[{"href":"https:\/\/www.stvvalves.com\/de\/wp-json\/wp\/v2\/product"}],"about":[{"href":"https:\/\/www.stvvalves.com\/de\/wp-json\/wp\/v2\/types\/product"}],"wp:featuredmedia":[{"embeddable":true,"href":"https:\/\/www.stvvalves.com\/de\/wp-json\/wp\/v2\/media\/5685"}],"wp:attachment":[{"href":"https:\/\/www.stvvalves.com\/de\/wp-json\/wp\/v2\/media?parent=5684"}],"wp:term":[{"taxonomy":"product_brand","embeddable":true,"href":"https:\/\/www.stvvalves.com\/de\/wp-json\/wp\/v2\/product_brand?post=5684"},{"taxonomy":"product_cat","embeddable":true,"href":"https:\/\/www.stvvalves.com\/de\/wp-json\/wp\/v2\/product_cat?post=5684"},{"taxonomy":"product_tag","embeddable":true,"href":"https:\/\/www.stvvalves.com\/de\/wp-json\/wp\/v2\/product_tag?post=5684"}],"curies":[{"name":"wp","href":"https:\/\/api.w.org\/{rel}","templated":true}]}}