{"id":5779,"date":"2021-03-22T06:14:23","date_gmt":"2021-03-22T06:14:23","guid":{"rendered":"https:\/\/www.stvvalves.com\/?post_type=product&#038;p=5779"},"modified":"2024-12-25T09:34:57","modified_gmt":"2024-12-25T01:34:57","slug":"screwed-ball-float-steam-traps","status":"publish","type":"product","link":"https:\/\/www.stvvalves.com\/de\/products\/screwed-ball-float-steam-traps\/","title":{"rendered":"Verschraubte Kugelschwimmer-Kondensatableiter"},"content":{"rendered":"<p>Merkmale<br \/>\nGr\u00f6\u00dfe: DN15-DN50, 1\/2\u2033-2\u2033<br \/>\nNormaldruck: Klasse 150-Klasse 300, PN10-PN64<br \/>\nGeh\u00e4usematerial: Guss- oder Schmiedegeh\u00e4use aus Gusseisen, Kohlenstoffstahl, Edelstahl oder Duplex.<br \/>\nBesatz: Besatz aus Edelstahl SS304 als Standard<br \/>\nEnden: Mit Flansch: BSPT, NPT, BSPP<br \/>\nStandard: ASME B16.34, DIN3202, ASME b16.10, MSS SP-71, BS EN558, ASME B16.5 CL150, EN1092, EN12226, ISO5208, API598<\/p>\n<p><img loading=\"lazy\" decoding=\"async\" class=\"alignleft size-full wp-image-5780\" src=\"https:\/\/www.stvvalves.com\/wp-content\/uploads\/2021\/03\/Screwed-Ball-float-steam-traps.jpg\" alt=\"\" width=\"1197\" height=\"683\" srcset=\"https:\/\/www.stvvalves.com\/wp-content\/uploads\/2021\/03\/Screwed-Ball-float-steam-traps.jpg 1197w, https:\/\/www.stvvalves.com\/wp-content\/uploads\/2021\/03\/Screwed-Ball-float-steam-traps-600x342.jpg 600w, https:\/\/www.stvvalves.com\/wp-content\/uploads\/2021\/03\/Screwed-Ball-float-steam-traps-300x171.jpg 300w, https:\/\/www.stvvalves.com\/wp-content\/uploads\/2021\/03\/Screwed-Ball-float-steam-traps-1030x588.jpg 1030w, https:\/\/www.stvvalves.com\/wp-content\/uploads\/2021\/03\/Screwed-Ball-float-steam-traps-768x438.jpg 768w, https:\/\/www.stvvalves.com\/wp-content\/uploads\/2021\/03\/Screwed-Ball-float-steam-traps-705x402.jpg 705w\" sizes=\"auto, (max-width: 1197px) 100vw, 1197px\" \/><\/p>","protected":false},"excerpt":{"rendered":"<p>Kugelschwimmer-D\u00e4mpfer mit Schrauben sind \u00e4u\u00dferst vielseitig und arbeiten effizient bei leichten und schweren Kondensatlasten. Obwohl sie kompakt sind, verf\u00fcgen sie \u00fcber eine hohe und kontinuierliche Abflusskapazit\u00e4t, die eine maximale W\u00e4rme\u00fcbertragung gew\u00e4hrleistet. Diese Ableiter sind die beste Wahl f\u00fcr Entw\u00e4sserungsanlagen mit automatischer Temperaturregelung.<br \/>\nVerschraubte Kugelschwimmer-Kondensatableiter verf\u00fcgen standardm\u00e4\u00dfig \u00fcber eine integrierte Entl\u00fcftung und die Optionen eines manuell einstellbaren Nadelventils und eines Ablasshahns. Die Kugelschwimmer-Serie ist an alle Anwendungen anpassbar, bei denen Kugelschwimmerableiter empfohlen werden und eine sofortige Kondensatentfernung erforderlich ist.<\/p>\n<p>&nbsp;<\/p>\n<p>Wie funktioniert ein Kugelschwimmer-Kondensatableiter?<\/p>\n<p>Der\u00a0<b>Kugelschwimmer<\/b>\u00a0Typ\u00a0<b>fangen<\/b>\u00a0funktioniert durch die Erfassung des Dichteunterschieds zwischen\u00a0<b>Dampf<\/b>\u00a0und Kondensat. \u2026 Nach dem Ablassen der anf\u00e4nglichen Luft bleibt es geschlossen, bis sich w\u00e4hrend des normalen Betriebs Luft oder andere nicht kondensierbare Gase ansammeln und das \u00d6ffnen durch Senkung der Lufttemperatur bewirken.<b>Dampf<\/b>\u00a0Mischung.<\/p>\n<p>Wo sind Schwimmer- und Thermostatableiter am wahrscheinlichsten zu finden?<\/p>\n<p>A\u00a0<b>schweben<\/b>-und-Thermostat-Dampf\u00a0<b>fangen<\/b>, falls vorhanden, ist mehr\u00a0<b>wahrscheinlich gefunden werden<\/b>\u00a0bei neueren, modernen Dampfheizsystemen, bei denen sich Kessel und Rohrleitungen schnell erhitzen. Der\u00a0<b>fangen<\/b>\u00a0wird von a bet\u00e4tigt (ge\u00f6ffnet oder geschlossen).\u00a0<b>schweben<\/b>\u00a0Montage\u00a0<b>das wird<\/b>\u00a0Kondensat durch ablassen\u00a0<b>fangen<\/b>\u00a0ohne Abh\u00e4ngigkeit von Temperatur oder Aufheizzeit<\/p>\n<p>Welche Art von Kondensatableiter ist nicht w\u00fcnschenswert?<\/p>\n<p>In den meisten F\u00e4llen ist dies der Fall\u00a0<b>nicht w\u00fcnschenswert<\/b>\u00a0denn Kondensat muss sofort nach seiner Entstehung entfernt werden. Thermodynamik (TD)\u00a0<b>Fallen<\/b>\u00a0Arbeiten Sie an der unterschiedlichen dynamischen Reaktion auf Geschwindigkeits\u00e4nderungen im Fluss kompressibler und inkompressibler Fl\u00fcssigkeiten.<\/p>","protected":false},"featured_media":5781,"template":"","meta":[],"product_brand":[],"product_cat":[83,46],"product_tag":[1471,1472,1473],"class_list":{"0":"post-5779","1":"product","2":"type-product","3":"status-publish","4":"has-post-thumbnail","6":"product_cat-cast-steel-check-valve","7":"product_cat-check-valves","8":"product_tag-ball-float-steam-traps","9":"product_tag-lever-ball-float-type-steam-traps","10":"product_tag-screwed-ball-float-steam-traps","12":"first","13":"instock","14":"shipping-taxable","15":"product-type-simple"},"_links":{"self":[{"href":"https:\/\/www.stvvalves.com\/de\/wp-json\/wp\/v2\/product\/5779","targetHints":{"allow":["GET"]}}],"collection":[{"href":"https:\/\/www.stvvalves.com\/de\/wp-json\/wp\/v2\/product"}],"about":[{"href":"https:\/\/www.stvvalves.com\/de\/wp-json\/wp\/v2\/types\/product"}],"wp:featuredmedia":[{"embeddable":true,"href":"https:\/\/www.stvvalves.com\/de\/wp-json\/wp\/v2\/media\/5781"}],"wp:attachment":[{"href":"https:\/\/www.stvvalves.com\/de\/wp-json\/wp\/v2\/media?parent=5779"}],"wp:term":[{"taxonomy":"product_brand","embeddable":true,"href":"https:\/\/www.stvvalves.com\/de\/wp-json\/wp\/v2\/product_brand?post=5779"},{"taxonomy":"product_cat","embeddable":true,"href":"https:\/\/www.stvvalves.com\/de\/wp-json\/wp\/v2\/product_cat?post=5779"},{"taxonomy":"product_tag","embeddable":true,"href":"https:\/\/www.stvvalves.com\/de\/wp-json\/wp\/v2\/product_tag?post=5779"}],"curies":[{"name":"wp","href":"https:\/\/api.w.org\/{rel}","templated":true}]}}