{"id":5784,"date":"2021-03-22T13:09:09","date_gmt":"2021-03-22T13:09:09","guid":{"rendered":"https:\/\/www.stvvalves.com\/?post_type=product&#038;p=5784"},"modified":"2024-12-25T09:30:21","modified_gmt":"2024-12-25T01:30:21","slug":"single-seat-ball-float-type-steam-trap","status":"publish","type":"product","link":"https:\/\/www.stvvalves.com\/de\/products\/single-seat-ball-float-type-steam-trap\/","title":{"rendered":"Einzelsitz-Kondensatableiter mit Kugelschwimmer"},"content":{"rendered":"<p>1. Kondensatableiter aus Kohlenstoffstahl 1.0619 (WCB).<br \/>\n2. Innenteile aus Edelstahl.<br \/>\n3. Integrierte automatische Entl\u00fcftung.<br \/>\n4. Hohe Haltbarkeit und einfache Wartung.<br \/>\n5. Anwendung: Entw\u00e4sserung von Dampfleitungen.<br \/>\n6. Flanschenden gem\u00e4\u00df EN 1092-1 PN16.<br \/>\n7. DN25: Einzelsitz<br \/>\nDN40-50: Doppelsitz<br \/>\nArbeitsbedingungen:<br \/>\nHorizontaler Einbau (siehe Hinweispfeil).<br \/>\nSiehe Pfeil der Durchflussrichtung.<br \/>\nBedingungen f\u00fcr die Karosseriekonstruktion: PN16.<br \/>\nMaximal zul\u00e4ssiger Druck (PMA): 16 bar bei 120 \u00b0C.<br \/>\nMaximal zul\u00e4ssige Temperatur (TMA): 250 \u00b0C.<br \/>\nMaximaler Differenzdruck:<br \/>\nModell 045: \u0394P max. 4,5 bar<br \/>\nModell 100: \u0394P max. 10 bar<\/p>\n<p>Weit verbreitet in der Erd\u00f6l-, Metallurgie-, chemischen Industrie, Papierherstellung, Lebensmittel- und Dampfausr\u00fcstung, Trocknern und gro\u00dfen W\u00e4rmetauschern, insbesondere f\u00fcr Arbeitszwecke<br \/>\nOrte, an denen gro\u00dfe Mengen an Kondenswasser abgeleitet werden m\u00fcssen.<br \/>\nVorteil<br \/>\n1. Zwei ausgeglichene Ventilbasen vergr\u00f6\u00dfern den Durchflussbereich und erfassen gro\u00dfe Mengen an abflie\u00dfendem Wasser.<br \/>\n2. Die automatische Gasentladungsmischung im Inneren kann das Gas rechtzeitig entladen und gleichzeitig das Ger\u00e4t schnell \u00f6ffnen.<br \/>\n3. Edelstahlkonstruktionen bieten perfekte Antikorruptionsleistungen.<\/p>\n<p><img loading=\"lazy\" decoding=\"async\" class=\"alignleft size-full wp-image-5785\" src=\"https:\/\/www.stvvalves.com\/wp-content\/uploads\/2021\/03\/single-seat-ball-float-stem-trap.jpg\" alt=\"\" width=\"1259\" height=\"794\" srcset=\"https:\/\/www.stvvalves.com\/wp-content\/uploads\/2021\/03\/single-seat-ball-float-stem-trap.jpg 1259w, https:\/\/www.stvvalves.com\/wp-content\/uploads\/2021\/03\/single-seat-ball-float-stem-trap-600x378.jpg 600w, https:\/\/www.stvvalves.com\/wp-content\/uploads\/2021\/03\/single-seat-ball-float-stem-trap-300x189.jpg 300w, https:\/\/www.stvvalves.com\/wp-content\/uploads\/2021\/03\/single-seat-ball-float-stem-trap-1030x650.jpg 1030w, https:\/\/www.stvvalves.com\/wp-content\/uploads\/2021\/03\/single-seat-ball-float-stem-trap-768x484.jpg 768w, https:\/\/www.stvvalves.com\/wp-content\/uploads\/2021\/03\/single-seat-ball-float-stem-trap-705x445.jpg 705w\" sizes=\"auto, (max-width: 1259px) 100vw, 1259px\" \/><\/p>","protected":false},"excerpt":{"rendered":"<p>Einzelsitz-Kondensatableiter mit Kugelschwimmer<\/p>\n<p>1. Diese Art von Kondensatableiter wird mit einem ausgewogenen Einzelsitz mit zuverl\u00e4ssiger Schlie\u00dfung und langer Lebensdauer eingesetzt.<br \/>\n2. Es kam schon immer zu Hochtemperatur-Kondensation mit vorgeschaltetem Wasser, wodurch eine zuverl\u00e4ssige Wasserdichtung ohne Dampfaustritt entsteht<br \/>\n3. Der Betrieb verursacht keine Ger\u00e4usche. Daher ist es der Umwelt vorzuziehen.<br \/>\n4. Das Ventil ist vollst\u00e4ndig ge\u00f6ffnet, wenn der erste Dampf austritt. Das Kondenswasser und die Luft mit niedriger Temperatur k\u00f6nnen schnell abgef\u00fchrt werden, was die Anlaufzeit der Ger\u00e4te erheblich verk\u00fcrzt.<br \/>\n5. Alle Innenteile bestehen aus Edelstahl, der best\u00e4ndig gegen Korrosion und Kavitation ist.<\/p>","protected":false},"featured_media":5786,"template":"","meta":[],"product_brand":[],"product_cat":[83,46],"product_tag":[1474],"class_list":{"0":"post-5784","1":"product","2":"type-product","3":"status-publish","4":"has-post-thumbnail","6":"product_cat-cast-steel-check-valve","7":"product_cat-check-valves","8":"product_tag-single-seat-ball-float-type-steam-trap","10":"first","11":"instock","12":"shipping-taxable","13":"product-type-simple"},"_links":{"self":[{"href":"https:\/\/www.stvvalves.com\/de\/wp-json\/wp\/v2\/product\/5784","targetHints":{"allow":["GET"]}}],"collection":[{"href":"https:\/\/www.stvvalves.com\/de\/wp-json\/wp\/v2\/product"}],"about":[{"href":"https:\/\/www.stvvalves.com\/de\/wp-json\/wp\/v2\/types\/product"}],"wp:featuredmedia":[{"embeddable":true,"href":"https:\/\/www.stvvalves.com\/de\/wp-json\/wp\/v2\/media\/5786"}],"wp:attachment":[{"href":"https:\/\/www.stvvalves.com\/de\/wp-json\/wp\/v2\/media?parent=5784"}],"wp:term":[{"taxonomy":"product_brand","embeddable":true,"href":"https:\/\/www.stvvalves.com\/de\/wp-json\/wp\/v2\/product_brand?post=5784"},{"taxonomy":"product_cat","embeddable":true,"href":"https:\/\/www.stvvalves.com\/de\/wp-json\/wp\/v2\/product_cat?post=5784"},{"taxonomy":"product_tag","embeddable":true,"href":"https:\/\/www.stvvalves.com\/de\/wp-json\/wp\/v2\/product_tag?post=5784"}],"curies":[{"name":"wp","href":"https:\/\/api.w.org\/{rel}","templated":true}]}}