{"id":6400,"date":"2022-05-20T10:31:47","date_gmt":"2022-05-20T02:31:47","guid":{"rendered":"https:\/\/www.stvvalves.com\/?post_type=product&#038;p=6400"},"modified":"2025-02-17T18:33:08","modified_gmt":"2025-02-17T10:33:08","slug":"forged-y-type-strainer-1-2-inch-800lb-sw","status":"publish","type":"product","link":"https:\/\/www.stvvalves.com\/de\/products\/forged-y-type-strainer-1-2-inch-800lb-sw\/","title":{"rendered":"Geschmiedeter Y-Sieb 1\/2 Zoll 800LB SW"},"content":{"rendered":"<p>Y-Schmutzf\u00e4nger der Klasse 800 aus geschmiedetem Stahl werden verwendet, um teure, in einer Rohrleitung installierte Ger\u00e4te vor Schmutz, Ablagerungen und Partikeln zu sch\u00fctzen. Wird mit einem Standard-Feinsieb f\u00fcr eine effektive Filterung bis zu 20 Mesh (920 \u03bcm oder 0,037 Zoll) geliefert. Der Schraubstopfen erm\u00f6glicht ein einfaches Entfernen und Reinigen des Korbs. Erh\u00e4ltlich aus geschmiedetem Stahl und gem\u00e4\u00df API 602 und ASME B16.34. Wird mit verschiedenen Endanschl\u00fcssen f\u00fcr den Einsatz in einer Vielzahl von Anwendungen angeboten, darunter: \u2013 Dampf, Thermal\u00f6l, Luft, Gas und Wasser. Kann in horizontaler und vertikaler Downstream-Position eingebaut werden.<\/p>\n<h2>Beschreibung<\/h2>\n<p>Design nach API602, BS5352<br \/>\nFace-to-Face\/End-to-End: Herstellung, ASME B16.10<br \/>\nFlanschabmessungen: ASME B16.5<br \/>\nSchwei\u00dfende: ASME B.16.25<br \/>\nNPT-Ende: ANSI 1.20.1<br \/>\nTests nach API 598<\/p>\n<p>Gr\u00f6\u00dfe: 1\/4\u2033~2\u201c<\/p>\n<p>Druckstufe: Klasse 150\u20132500 LB<\/p>\n<p>Geh\u00e4usematerial: A105N, LF2, F304, F316, F11, F22, F5, F91, legierter Stahl usw. usw.<\/p>\n<p>Endanschluss: NPT,BW,SW,RF,RTJ.<\/p>\n<p>Arbeitstemperatur: -29\u2103~650\u2103<\/p>\n<table>\n<tbody>\n<tr>\n<td width=\"200\"><strong>Produktname<\/strong><\/td>\n<td width=\"481\">Geschmiedetes Y-Sieb<\/td>\n<\/tr>\n<tr>\n<td width=\"200\">1. Material<\/td>\n<td width=\"481\">F304<\/td>\n<\/tr>\n<tr>\n<td width=\"200\">2. Gr\u00f6\u00dfe<\/td>\n<td width=\"481\">1\/2&quot;<\/td>\n<\/tr>\n<tr>\n<td width=\"200\">4. Hafen<\/td>\n<td width=\"481\">\u00a0Reduzieranschluss<\/td>\n<\/tr>\n<tr>\n<td width=\"200\">5. Arbeitsdruck<\/td>\n<td width=\"481\">800 Pfund<\/td>\n<\/tr>\n<tr>\n<td width=\"200\">6. Verbindung endet<\/td>\n<td width=\"481\">SW<\/td>\n<\/tr>\n<tr>\n<td width=\"200\">7. Arbeitstemperatur.<\/td>\n<td width=\"481\">-29~425 \u00b0C,<\/td>\n<\/tr>\n<tr>\n<td width=\"200\">8. Geeignetes Medium<\/td>\n<td width=\"481\">Wasser, Erdgas, \u00d6l und einige \u00e4tzende Fl\u00fcssigkeiten<\/td>\n<\/tr>\n<tr>\n<td width=\"200\">9. Betrieben<\/td>\n<td width=\"481\"><\/td>\n<\/tr>\n<tr>\n<td width=\"200\">10. Inspektion und Pr\u00fcfung<\/td>\n<td width=\"481\">Gem\u00e4\u00df API598<\/td>\n<\/tr>\n<tr>\n<td width=\"200\"><strong>Sendung<\/strong><\/td>\n<td width=\"481\"><\/td>\n<\/tr>\n<tr>\n<td width=\"200\">Lieferzeit<\/td>\n<td width=\"481\">30 Tage<\/td>\n<\/tr>\n<tr>\n<td width=\"200\">Paket<\/td>\n<td width=\"481\">Standard-Export-Sperrholzkiste<\/td>\n<\/tr>\n<tr>\n<td width=\"200\">Hafen<\/td>\n<td width=\"481\">Ningbo\/Shanghai, China<\/td>\n<\/tr>\n<tr>\n<td width=\"200\">Versandbedingungen<\/td>\n<td width=\"481\">Exw, FOB, CFR, CIF usw.<\/td>\n<\/tr>\n<tr>\n<td width=\"200\">Zahlungsbedingungen<\/td>\n<td width=\"481\">T\/T, Western Union, PayPal usw.<\/td>\n<\/tr>\n<tr>\n<td width=\"200\"><\/td>\n<td width=\"481\">30% Vorauszahlung, 70% Restbetrag vor dem Versand bezahlt<\/td>\n<\/tr>\n<tr>\n<td width=\"200\">Herkunftsland<\/td>\n<td width=\"481\">Stadt Wenzhou, China<\/td>\n<\/tr>\n<tr>\n<td width=\"200\">Produktionskapazit\u00e4t<\/td>\n<td width=\"481\">6000 Tonnen\/Jahr<\/td>\n<\/tr>\n<tr>\n<td width=\"200\">Mindestbestellmenge<\/td>\n<td width=\"481\">1 St\u00fcck\/Gr\u00f6\u00dfe<\/td>\n<\/tr>\n<\/tbody>\n<\/table>","protected":false},"excerpt":{"rendered":"<p>Geschmiedetes Y-Sieb in China. ASTM A182 F304 Y-Sieb. Y-Siebfabrik bietet Y-Sieb in kleiner Gr\u00f6\u00dfe an, ASTM A182 F304, 1\/2 Zoll, Klasse 800, SW X SW-Ende, API 598-Testinspektion.<\/p>","protected":false},"featured_media":6402,"template":"","meta":[],"product_brand":[],"product_cat":[964,48],"product_tag":[288,283,284,280,282,281,286,285,287,236],"class_list":{"0":"post-6400","1":"product","2":"type-product","3":"status-publish","4":"has-post-thumbnail","6":"product_cat-forged-steel-y-type-strainer","7":"product_cat-y-strainer","8":"product_tag-forged-stainless-steel-y-strainer","9":"product_tag-forged-steel-class-2500-y-type-welded-cover-strainer","10":"product_tag-forged-steel-y-type-strainer","11":"product_tag-forged-steel-y-type-strainer-class-800","12":"product_tag-forged-steel-y-type-strainers","13":"product_tag-forged-steel-y-pattern-strainer","14":"product_tag-npt-or-bw-end","15":"product_tag-sw","16":"product_tag-y-type-strainers-and-filters","17":"product_tag-y-type-strainer","19":"first","20":"instock","21":"shipping-taxable","22":"product-type-simple"},"_links":{"self":[{"href":"https:\/\/www.stvvalves.com\/de\/wp-json\/wp\/v2\/product\/6400","targetHints":{"allow":["GET"]}}],"collection":[{"href":"https:\/\/www.stvvalves.com\/de\/wp-json\/wp\/v2\/product"}],"about":[{"href":"https:\/\/www.stvvalves.com\/de\/wp-json\/wp\/v2\/types\/product"}],"wp:featuredmedia":[{"embeddable":true,"href":"https:\/\/www.stvvalves.com\/de\/wp-json\/wp\/v2\/media\/6402"}],"wp:attachment":[{"href":"https:\/\/www.stvvalves.com\/de\/wp-json\/wp\/v2\/media?parent=6400"}],"wp:term":[{"taxonomy":"product_brand","embeddable":true,"href":"https:\/\/www.stvvalves.com\/de\/wp-json\/wp\/v2\/product_brand?post=6400"},{"taxonomy":"product_cat","embeddable":true,"href":"https:\/\/www.stvvalves.com\/de\/wp-json\/wp\/v2\/product_cat?post=6400"},{"taxonomy":"product_tag","embeddable":true,"href":"https:\/\/www.stvvalves.com\/de\/wp-json\/wp\/v2\/product_tag?post=6400"}],"curies":[{"name":"wp","href":"https:\/\/api.w.org\/{rel}","templated":true}]}}