{"id":6422,"date":"2022-08-05T10:42:48","date_gmt":"2022-08-05T02:42:48","guid":{"rendered":"https:\/\/www.stvvalves.com\/?post_type=product&#038;p=6422"},"modified":"2025-08-16T21:54:20","modified_gmt":"2025-08-16T13:54:20","slug":"24-inch-c95800-wafer-check-valve-300lb-rf-flange","status":"publish","type":"product","link":"https:\/\/www.stvvalves.com\/de\/products\/24-inch-c95800-wafer-check-valve-300lb-rf-flange\/","title":{"rendered":"24-Zoll-C95800-Wafer-R\u00fcckschlagventil, 300 LB, RF-Flansch"},"content":{"rendered":"<p>China API 594 C95800 R\u00fcckschlagventillieferant bietet 24-Zoll-R\u00fcckschlagventil, EPDM-Sitz, 24 Zoll, 300 LB, erh\u00f6hte Stirnseite mit Flansch. Gr\u00f6\u00dfe: von 2\u2033 bis 48\u2033<br \/>\nDruck: 150 \u2013 1500LB<br \/>\nMaterial: Wir k\u00f6nnen Ventile in C95800, C95400, C92200, C90500 anbieten<br \/>\nDesign- und Produktionsstandard: API 594 oder DIN<br \/>\nAbstand zwischen den Flanschen: ASME B16.10, EN558, DIN3202<br \/>\nAnschluss nach Norm: ANSI, API, DIN<br \/>\nTeststandard: API598, API 600, ISO5208<br \/>\nMedium: Das Ventil ist f\u00fcr verschiedene Medien geeignet, darunter Wasser, Dampf, \u00d6l, Gas, Benzinprodukte, Salpeters\u00e4ure, Essigs\u00e4ure usw.<br \/>\nArbeitstemperatur: von -46 \u00b0C oder -50 \u00b0C (Edelstahlkonstruktionen) und -29 \u00b0C oder -46 \u00b0C (Kohlenstoffstahlkonstruktionen) bis 600 \u00b0C<\/p>\n<table>\n<tbody>\n<tr>\n<td width=\"200\"><strong>Produktname<\/strong><\/td>\n<td width=\"481\">\u00a024-Zoll-C95800-Wafer-R\u00fcckschlagventil, 300 LB, RF-Flansch<\/td>\n<\/tr>\n<tr>\n<td width=\"200\">1. Material<\/td>\n<td width=\"481\">C95800<\/td>\n<\/tr>\n<tr>\n<td width=\"200\">2. Gr\u00f6\u00dfe<\/td>\n<td width=\"481\">24 Zoll<\/td>\n<\/tr>\n<tr>\n<td width=\"200\">4. Hafen<\/td>\n<td width=\"481\">Vollst\u00e4ndiger Port<\/td>\n<\/tr>\n<tr>\n<td width=\"200\">5. Arbeitsdruck<\/td>\n<td width=\"481\">300 Pfund<\/td>\n<\/tr>\n<tr>\n<td width=\"200\">6. Verbindung endet<\/td>\n<td width=\"481\">RF<\/td>\n<\/tr>\n<tr>\n<td width=\"200\">7. Arbeitstemperatur.<\/td>\n<td width=\"481\">-29~200 \u00b0C,<\/td>\n<\/tr>\n<tr>\n<td width=\"200\">8. Geeignetes Medium<\/td>\n<td width=\"481\">Wasser, Erdgas, \u00d6l und einige \u00e4tzende Fl\u00fcssigkeiten<\/td>\n<\/tr>\n<tr>\n<td width=\"200\">9. Betrieben<\/td>\n<td width=\"481\">\/<\/td>\n<\/tr>\n<tr>\n<td width=\"200\">10. Inspektion und Pr\u00fcfung<\/td>\n<td width=\"481\">Gem\u00e4\u00df API598<\/td>\n<\/tr>\n<tr>\n<td width=\"200\"><strong>Sendung<\/strong><\/td>\n<td width=\"481\"><\/td>\n<\/tr>\n<tr>\n<td width=\"200\">Lieferzeit<\/td>\n<td width=\"481\">30 Tage<\/td>\n<\/tr>\n<tr>\n<td width=\"200\">Paket<\/td>\n<td width=\"481\">Standard-Export-Sperrholzkiste<\/td>\n<\/tr>\n<tr>\n<td width=\"200\">Hafen<\/td>\n<td width=\"481\">Ningbo\/Shanghai, China<\/td>\n<\/tr>\n<tr>\n<td width=\"200\">Versandbedingungen<\/td>\n<td width=\"481\">Exw, FOB, CFR, CIF usw.<\/td>\n<\/tr>\n<tr>\n<td width=\"200\">Zahlungsbedingungen<\/td>\n<td width=\"481\">T\/T, Western Union, PayPal usw.<\/td>\n<\/tr>\n<tr>\n<td width=\"200\"><\/td>\n<td width=\"481\">30% Vorauszahlung, 70% Restbetrag vor dem Versand bezahlt<\/td>\n<\/tr>\n<tr>\n<td width=\"200\">Herkunftsland<\/td>\n<td width=\"481\">Stadt Wenzhou, China<\/td>\n<\/tr>\n<tr>\n<td width=\"200\">Produktionskapazit\u00e4t<\/td>\n<td width=\"481\">6000 Tonnen\/Jahr<\/td>\n<\/tr>\n<tr>\n<td width=\"200\">Mindestbestellmenge<\/td>\n<td width=\"481\">1 St\u00fcck\/Gr\u00f6\u00dfe<\/td>\n<\/tr>\n<\/tbody>\n<\/table>\n<p>Das Ventildichtungspaar aus Bronze ist angemessen aufeinander abgestimmt, und die Ventilscheibe und die Ventilsitzdichtfl\u00e4che bestehen aus einer Oberfl\u00e4che aus einer Legierung auf Eisenbasis, die eine gute Verschlei\u00dffestigkeit, Temperaturbest\u00e4ndigkeit, Korrosionsbest\u00e4ndigkeit, Kratzfestigkeit und eine lange Lebensdauer aufweist. Bronze-R\u00fcckschlagventilprodukte werden gem\u00e4\u00df der Norm API594 entwickelt und hergestellt. Verschiedene Rohrleitungsflanschnormen und Flanschdichtungstypen k\u00f6nnen verwendet werden, um unterschiedlichen technischen Anforderungen und Benutzeranforderungen gerecht zu werden. Der Ventilk\u00f6rper besteht aus verschiedenen Materialien, und die Flanschdichtung kann je nach den tats\u00e4chlichen Arbeitsbedingungen oder Benutzeranforderungen angemessen ausgew\u00e4hlt werden und kann f\u00fcr verschiedene Druck-, Temperatur- und mittlere Arbeitsbedingungen geeignet sein.<\/p>","protected":false},"excerpt":{"rendered":"<p>Das 24-Zoll-Wafer-R\u00fcckschlagventil C95800 wird aufgrund der guten umfassenden mechanischen Eigenschaften und der Korrosionsbest\u00e4ndigkeit von Bronze h\u00e4ufig verwendet, insbesondere in der Schiffstechnik wie der Meerwasserentsalzung.<\/p>","protected":false},"featured_media":6424,"template":"","meta":[],"product_brand":[],"product_cat":[46,84],"product_tag":[1508,1507,1506,1511,1510,1509],"class_list":{"0":"post-6422","1":"product","2":"type-product","3":"status-publish","4":"has-post-thumbnail","6":"product_cat-check-valves","7":"product_cat-wafer-check-valve","8":"product_tag-24-inch-check-valve","9":"product_tag-al-bronze-c95800-check-valve","10":"product_tag-api-594-c95800-check-valve","11":"product_tag-api-598-c95800-check-valve","12":"product_tag-class-300-lb-check-valve","13":"product_tag-wafer-check-valve-lug-check-valve","15":"first","16":"instock","17":"shipping-taxable","18":"product-type-simple"},"_links":{"self":[{"href":"https:\/\/www.stvvalves.com\/de\/wp-json\/wp\/v2\/product\/6422","targetHints":{"allow":["GET"]}}],"collection":[{"href":"https:\/\/www.stvvalves.com\/de\/wp-json\/wp\/v2\/product"}],"about":[{"href":"https:\/\/www.stvvalves.com\/de\/wp-json\/wp\/v2\/types\/product"}],"wp:featuredmedia":[{"embeddable":true,"href":"https:\/\/www.stvvalves.com\/de\/wp-json\/wp\/v2\/media\/6424"}],"wp:attachment":[{"href":"https:\/\/www.stvvalves.com\/de\/wp-json\/wp\/v2\/media?parent=6422"}],"wp:term":[{"taxonomy":"product_brand","embeddable":true,"href":"https:\/\/www.stvvalves.com\/de\/wp-json\/wp\/v2\/product_brand?post=6422"},{"taxonomy":"product_cat","embeddable":true,"href":"https:\/\/www.stvvalves.com\/de\/wp-json\/wp\/v2\/product_cat?post=6422"},{"taxonomy":"product_tag","embeddable":true,"href":"https:\/\/www.stvvalves.com\/de\/wp-json\/wp\/v2\/product_tag?post=6422"}],"curies":[{"name":"wp","href":"https:\/\/api.w.org\/{rel}","templated":true}]}}