{"id":6425,"date":"2022-08-05T12:37:50","date_gmt":"2022-08-05T04:37:50","guid":{"rendered":"https:\/\/www.stvvalves.com\/?post_type=product&#038;p=6425"},"modified":"2025-02-18T13:58:04","modified_gmt":"2025-02-18T05:58:04","slug":"150lb-c95800-y-strainer-dn40rf-flange-end","status":"publish","type":"product","link":"https:\/\/www.stvvalves.com\/de\/products\/150lb-c95800-y-strainer-dn40rf-flange-end\/","title":{"rendered":"150LB C95800 Y-Sieb, DN40, RF-Flanschende"},"content":{"rendered":"<p>China ASTM B148 C95800 Y-Sieb Lieferant: ASTM B148 C95800 Y-Sieb f\u00fcr Meerwasser, 11\/2 Zoll, Klasse 150 LB, ASME B16.34, RF-Flanschenden.<\/p>\n<p>Design und Herstellung: API6D und ANSI B16.34<br \/>\nFace-to-Face-Abmessung: ASME B16.10<br \/>\nEndflanschabmessung: ASME B16.5<br \/>\nStumpfgeschwei\u00dfte Abmessungen: ASME B16.25<br \/>\nTest und Inspektion: API598<\/p>\n<p>Spezifikation: Gr\u00f6\u00dfe: 2\u2033-24\u2033<br \/>\nDruck: 150\u2013300 Pfund<br \/>\nMaterial: C95800, C95400, C92200, C90500<br \/>\nTemperatur: -196 \u00b0C + 545 \u00b0C. Service: Meerwasser<\/p>\n<table>\n<tbody>\n<tr>\n<td width=\"200\"><strong>Produktname<\/strong><\/td>\n<td width=\"481\">150LB C95800 Y-Sieb, DN40, RF-Flanschende<\/td>\n<\/tr>\n<tr>\n<td width=\"200\">1. Material<\/td>\n<td width=\"481\">C95800<\/td>\n<\/tr>\n<tr>\n<td width=\"200\">2. Gr\u00f6\u00dfe<\/td>\n<td width=\"481\">11\/2&quot;<\/td>\n<\/tr>\n<tr>\n<td width=\"200\">4. Hafen<\/td>\n<td width=\"481\">Vollst\u00e4ndiger Port<\/td>\n<\/tr>\n<tr>\n<td width=\"200\">5. Arbeitsdruck<\/td>\n<td width=\"481\">150 Pfund<\/td>\n<\/tr>\n<tr>\n<td width=\"200\">6. Verbindung endet<\/td>\n<td width=\"481\">RF<\/td>\n<\/tr>\n<tr>\n<td width=\"200\">7. Arbeitstemperatur.<\/td>\n<td width=\"481\">-29~200 \u00b0C,<\/td>\n<\/tr>\n<tr>\n<td width=\"200\">8. Geeignetes Medium<\/td>\n<td width=\"481\">Wasser, Erdgas, \u00d6l und einige \u00e4tzende Fl\u00fcssigkeiten<\/td>\n<\/tr>\n<tr>\n<td width=\"200\">9. Betrieben<\/td>\n<td width=\"481\">\/<\/td>\n<\/tr>\n<tr>\n<td width=\"200\">10. Inspektion und Pr\u00fcfung<\/td>\n<td width=\"481\">Gem\u00e4\u00df API598<\/td>\n<\/tr>\n<tr>\n<td width=\"200\"><strong>Sendung<\/strong><\/td>\n<td width=\"481\"><\/td>\n<\/tr>\n<tr>\n<td width=\"200\">Lieferzeit<\/td>\n<td width=\"481\">30 Tage<\/td>\n<\/tr>\n<tr>\n<td width=\"200\">Paket<\/td>\n<td width=\"481\">Standard-Export-Sperrholzkiste<\/td>\n<\/tr>\n<tr>\n<td width=\"200\">Hafen<\/td>\n<td width=\"481\">Ningbo\/Shanghai, China<\/td>\n<\/tr>\n<tr>\n<td width=\"200\">Versandbedingungen<\/td>\n<td width=\"481\">Exw, FOB, CFR, CIF usw.<\/td>\n<\/tr>\n<tr>\n<td width=\"200\">Zahlungsbedingungen<\/td>\n<td width=\"481\">T\/T, Western Union, PayPal usw.<\/td>\n<\/tr>\n<tr>\n<td width=\"200\"><\/td>\n<td width=\"481\">30% Vorauszahlung, 70% Restbetrag vor dem Versand bezahlt<\/td>\n<\/tr>\n<tr>\n<td width=\"200\">Herkunftsland<\/td>\n<td width=\"481\">Stadt Wenzhou, China<\/td>\n<\/tr>\n<tr>\n<td width=\"200\">Produktionskapazit\u00e4t<\/td>\n<td width=\"481\">6000 Tonnen\/Jahr<\/td>\n<\/tr>\n<tr>\n<td width=\"200\">Mindestbestellmenge<\/td>\n<td width=\"481\">1 St\u00fcck\/Gr\u00f6\u00dfe<\/td>\n<\/tr>\n<\/tbody>\n<\/table>\n<p>&nbsp;<\/p>","protected":false},"excerpt":{"rendered":"<p>Der Y-Sieb aus Aluminiumbronze C95800 hat die gleiche Best\u00e4ndigkeit gegen gleichm\u00e4\u00dfige Meerwasserkorrosion, Kavitationskorrosion und Korrosionserm\u00fcdungsfestigkeit wie Super-Edelstahl und verf\u00fcgt \u00fcber eine ausgezeichnete W\u00e4rmeleitf\u00e4higkeit und elektrische Leitf\u00e4higkeit, eine gute Verschlei\u00dffestigkeit, Schwei\u00dfleistung und sch\u00fctzt vor biologischer Meeresverschmutzung. Kapazit\u00e4t und der Preis ist niedrig. Unter Ber\u00fccksichtigung des Preises und der Korrosionsleistung erf\u00fcllt der Y-Typ-Filter aus Nickel-Aluminium-Bronze daher die Filtrationsanforderungen des Meerwasser-Rohrleitungssystems vollst\u00e4ndig und sein Anwendungsbereich wird schrittweise erweitert.<\/p>\n<p>Der Y-Sieb aus Aluminiumbronze C95800 wird haupts\u00e4chlich in der Meerwasserentsalzung und verwandten Bereichen eingesetzt. Es wird normalerweise am Einlassende von Ger\u00e4ten wie Pumpen und Ventilen installiert, um Verunreinigungen im Medium zu beseitigen und zu verhindern, dass Partikelverunreinigungen in den Kanal gelangen und Verstopfungen verursachen, um das Ger\u00e4t zu sch\u00fctzen. Armaturen an Rohren werden vor Verschlei\u00df und Verstopfung gesch\u00fctzt.<\/p>","protected":false},"featured_media":6426,"template":"","meta":[],"product_brand":[],"product_cat":[85,48],"product_tag":[1515,1513,1512,1514],"class_list":{"0":"post-6425","1":"product","2":"type-product","3":"status-publish","4":"has-post-thumbnail","6":"product_cat-stainless-steel-y-type-strainer","7":"product_cat-y-strainer","8":"product_tag-asme-b16-34-c95800-y-strainer","9":"product_tag-astm-b148-c95800-y-strainer","10":"product_tag-c95800-y-strainer-supplier","11":"product_tag-class-150-lb-c95800-y-strainer","13":"first","14":"instock","15":"shipping-taxable","16":"product-type-simple"},"_links":{"self":[{"href":"https:\/\/www.stvvalves.com\/de\/wp-json\/wp\/v2\/product\/6425","targetHints":{"allow":["GET"]}}],"collection":[{"href":"https:\/\/www.stvvalves.com\/de\/wp-json\/wp\/v2\/product"}],"about":[{"href":"https:\/\/www.stvvalves.com\/de\/wp-json\/wp\/v2\/types\/product"}],"wp:featuredmedia":[{"embeddable":true,"href":"https:\/\/www.stvvalves.com\/de\/wp-json\/wp\/v2\/media\/6426"}],"wp:attachment":[{"href":"https:\/\/www.stvvalves.com\/de\/wp-json\/wp\/v2\/media?parent=6425"}],"wp:term":[{"taxonomy":"product_brand","embeddable":true,"href":"https:\/\/www.stvvalves.com\/de\/wp-json\/wp\/v2\/product_brand?post=6425"},{"taxonomy":"product_cat","embeddable":true,"href":"https:\/\/www.stvvalves.com\/de\/wp-json\/wp\/v2\/product_cat?post=6425"},{"taxonomy":"product_tag","embeddable":true,"href":"https:\/\/www.stvvalves.com\/de\/wp-json\/wp\/v2\/product_tag?post=6425"}],"curies":[{"name":"wp","href":"https:\/\/api.w.org\/{rel}","templated":true}]}}