{"id":6469,"date":"2022-08-07T11:20:20","date_gmt":"2022-08-07T03:20:20","guid":{"rendered":"https:\/\/www.stvvalves.com\/?post_type=product&#038;p=6469"},"modified":"2025-02-18T13:58:01","modified_gmt":"2025-02-18T05:58:01","slug":"jis-b2071-y-strainer-a351-cf8-8-inch-flange-end","status":"publish","type":"product","link":"https:\/\/www.stvvalves.com\/de\/products\/jis-b2071-y-strainer-a351-cf8-8-inch-flange-end\/","title":{"rendered":"JIS B2071 Y-Sieb, A351 CF8,8 Zoll, Flanschende"},"content":{"rendered":"<p>Produktname: JIS B2071 Y-Sieb, A351 CF8,8 Zoll, Flanschende<br \/>\nDesign: JIS B2071<br \/>\nMaterial: A351 CF8.<br \/>\nNenngr\u00f6\u00dfe: 8 Zoll.<br \/>\nNenndruck: jis10k.<br \/>\nEndanschluss: HF-Flansch.<br \/>\nVon Angesicht zu Angesicht: JIS B2220.<br \/>\nPr\u00fcfung und Inspektion: JIS B2003.<\/p>\n<p>Produktauswahl:<br \/>\nGeh\u00e4usematerial: Kohlenstoffstahl, Edelstahl, legierter Stahl.<br \/>\nNormaler Durchmesser: 1\/2 \u2013 48 Zoll (DN15 \u2013 DN1200).<br \/>\nEndanschluss: BW, Flansch.<br \/>\nDruckbereich: 150 \u2013 2500 LB (PN16 \u2013 PN420).<br \/>\nArbeitstemperatur: -196\u2103 \u2013 +573\u2103.<\/p>\n<div class=\"container_wrap container_wrap_first main_color sidebar_right template-shop shop_columns_4\">\n<div class=\"container\">\n<div id=\"product-5237\" class=\"product type-product post-5237 status-publish first instock product_cat-stainless-steel-y-type-strainer product_cat-y-strainer product_tag-304-y-filter product_tag-china-y-strainer-supplier product_tag-jis10k-y-strainers product_tag-scph2-flange-y-strainer product_tag-scs13-y-filter has-post-thumbnail featured shipping-taxable purchasable product-type-simple\">\n<div class=\"single-product-summary\">\n<div class=\"woocommerce-tabs wc-tabs-wrapper\">\n<div id=\"tab-description\" class=\"woocommerce-Tabs-panel woocommerce-Tabs-panel--description panel entry-content wc-tab\" role=\"tabpanel\" aria-labelledby=\"tab-title-description\">\n<table>\n<tbody>\n<tr>\n<td width=\"200\"><strong>Produktname<\/strong><\/td>\n<td width=\"481\">JIS B2071 Y-Sieb, A351 CF8,8 Zoll, Flanschende<\/td>\n<\/tr>\n<tr>\n<td width=\"200\">1. Material<\/td>\n<td width=\"481\">304<\/td>\n<\/tr>\n<tr>\n<td width=\"200\">2. Gr\u00f6\u00dfe<\/td>\n<td width=\"481\">8&quot;<\/td>\n<\/tr>\n<tr>\n<td width=\"200\">4. Hafen<\/td>\n<td width=\"481\">Vollst\u00e4ndiger Port<\/td>\n<\/tr>\n<tr>\n<td width=\"200\">5. Arbeitsdruck<\/td>\n<td width=\"481\">10K<\/td>\n<\/tr>\n<tr>\n<td width=\"200\">6. Verbindung endet<\/td>\n<td width=\"481\">RF<\/td>\n<\/tr>\n<tr>\n<td width=\"200\">7. Arbeitstemperatur.<\/td>\n<td width=\"481\">-29~30 \u00b0C,<\/td>\n<\/tr>\n<tr>\n<td width=\"200\">8. Geeignetes Medium<\/td>\n<td width=\"481\">Wasser, Erdgas, \u00d6l und einige \u00e4tzende Fl\u00fcssigkeiten<\/td>\n<\/tr>\n<tr>\n<td width=\"200\">9. Betrieben<\/td>\n<td width=\"481\">\/<\/td>\n<\/tr>\n<tr>\n<td width=\"200\">10. Inspektion und Pr\u00fcfung<\/td>\n<td width=\"481\">Gem\u00e4\u00df JIS B2003<\/td>\n<\/tr>\n<tr>\n<td width=\"200\"><strong>Sendung<\/strong><\/td>\n<td width=\"481\"><\/td>\n<\/tr>\n<tr>\n<td width=\"200\">Lieferzeit<\/td>\n<td width=\"481\">30 Tage<\/td>\n<\/tr>\n<tr>\n<td width=\"200\">Paket<\/td>\n<td width=\"481\">Standard-Export-Sperrholzkiste<\/td>\n<\/tr>\n<tr>\n<td width=\"200\">Hafen<\/td>\n<td width=\"481\">Ningbo\/Shanghai, China<\/td>\n<\/tr>\n<tr>\n<td width=\"200\">Versandbedingungen<\/td>\n<td width=\"481\">Exw, FOB, CFR, CIF usw.<\/td>\n<\/tr>\n<tr>\n<td width=\"200\">Zahlungsbedingungen<\/td>\n<td width=\"481\">T\/T, Western Union, PayPal usw.<\/td>\n<\/tr>\n<tr>\n<td width=\"200\"><\/td>\n<td width=\"481\">30% Vorauszahlung, 70% Restbetrag vor dem Versand bezahlt<\/td>\n<\/tr>\n<tr>\n<td width=\"200\">Herkunftsland<\/td>\n<td width=\"481\">Stadt Wenzhou, China<\/td>\n<\/tr>\n<tr>\n<td width=\"200\">Produktionskapazit\u00e4t<\/td>\n<td width=\"481\">6000 Tonnen\/Jahr<\/td>\n<\/tr>\n<tr>\n<td width=\"200\">Mindestbestellmenge<\/td>\n<td width=\"481\">1 St\u00fcck\/Gr\u00f6\u00dfe<\/td>\n<\/tr>\n<\/tbody>\n<\/table>\n<\/div>\n<\/div>\n<\/div>\n<\/div>\n<\/div>\n<\/div>\n<div id=\"av_section_1\" class=\"avia-section alternate_color avia-section-small  container_wrap fullsize\">\n<div class=\"container\">\n<div class=\"template-page content  twelve alpha units\">\n<div class=\"product_column product_column_4\"><\/div>\n<\/div>\n<\/div>\n<\/div>","protected":false},"excerpt":{"rendered":"<p>China JIS B2071 Y-Siebhersteller, STV bietet A351 CF8 Y-Sieb, 12-Zoll-Y-Sieb, JIS10K Y-Sieb, Test und Inspektion JIS B2003JIS B2003.<\/p>","protected":false},"featured_media":6470,"template":"","meta":[],"product_brand":[],"product_cat":[85,48],"product_tag":[1538,1537,1540,1539],"class_list":{"0":"post-6469","1":"product","2":"type-product","3":"status-publish","4":"has-post-thumbnail","6":"product_cat-stainless-steel-y-type-strainer","7":"product_cat-y-strainer","8":"product_tag-12-inch-y-strainer","9":"product_tag-china-jis-b2071-y-strainer-manufacturer-a351-cf8-y-strainer","10":"product_tag-jis-b2003-y-strainer","11":"product_tag-jis10k-y-strainer","13":"first","14":"instock","15":"shipping-taxable","16":"product-type-simple"},"_links":{"self":[{"href":"https:\/\/www.stvvalves.com\/de\/wp-json\/wp\/v2\/product\/6469","targetHints":{"allow":["GET"]}}],"collection":[{"href":"https:\/\/www.stvvalves.com\/de\/wp-json\/wp\/v2\/product"}],"about":[{"href":"https:\/\/www.stvvalves.com\/de\/wp-json\/wp\/v2\/types\/product"}],"wp:featuredmedia":[{"embeddable":true,"href":"https:\/\/www.stvvalves.com\/de\/wp-json\/wp\/v2\/media\/6470"}],"wp:attachment":[{"href":"https:\/\/www.stvvalves.com\/de\/wp-json\/wp\/v2\/media?parent=6469"}],"wp:term":[{"taxonomy":"product_brand","embeddable":true,"href":"https:\/\/www.stvvalves.com\/de\/wp-json\/wp\/v2\/product_brand?post=6469"},{"taxonomy":"product_cat","embeddable":true,"href":"https:\/\/www.stvvalves.com\/de\/wp-json\/wp\/v2\/product_cat?post=6469"},{"taxonomy":"product_tag","embeddable":true,"href":"https:\/\/www.stvvalves.com\/de\/wp-json\/wp\/v2\/product_tag?post=6469"}],"curies":[{"name":"wp","href":"https:\/\/api.w.org\/{rel}","templated":true}]}}