{"id":6491,"date":"2022-08-08T20:27:16","date_gmt":"2022-08-08T12:27:16","guid":{"rendered":"https:\/\/www.stvvalves.com\/?post_type=product&#038;p=6491"},"modified":"2024-12-24T23:08:51","modified_gmt":"2024-12-24T15:08:51","slug":"astm-b367-gr-c2-titanium-swing-check-valve-2-inch-150-lb-rf","status":"publish","type":"product","link":"https:\/\/www.stvvalves.com\/de\/products\/astm-b367-gr-c2-titanium-swing-check-valve-2-inch-150-lb-rf\/","title":{"rendered":"ASTM B367 GR.C2 Titan-R\u00fcckschlagventil, 2 Zoll, 150 LB, RF"},"content":{"rendered":"<p>Produktname: ASTM B367 GR.C2 Titan-R\u00fcckschlagventil, 2 Zoll, 150 LB, RF<\/p>\n<div class=\"row\">\n<div class=\"col-md-12\">Design: API 6D<br \/>\nGeh\u00e4use: ASTM B367 GR.C2<br \/>\nNenngr\u00f6\u00dfe: 2 Zoll<br \/>\nNennklasse: 150 LB<br \/>\nEndverbindung: RF-Enden<br \/>\nVon Angesicht zu Angesicht: ASME B16.10<br \/>\nTest und Inspektion: API 598<\/div>\n<\/div>\n<p>Geh\u00e4usematerial: Titan, Duplex, Hastelloy C276\/B3, Monel, Alloys20, 4A, 5A, C95800, C95500, Monel, Alloy 20, F347, Super Duplex, Inconel usw.<br \/>\nHerstellungsstandards: API, ANSI, BS, DIN, JIS.<br \/>\nVentildruck: 150 LB bis 2500 LB (PN1,6\u201342 MPa).<br \/>\nGr\u00f6\u00dfenbereich des R\u00fcckschlagventils: 1\/2 bis 32 Zoll (DN15 bis DN800).<br \/>\nBetriebstemperatur: von -196 Grad Celsius bis 593 Grad Celsius.<br \/>\nAnschluss: Flansch, stumpfgeschwei\u00dft.<br \/>\nAbmessungen von Angesicht zu Angesicht: ANSI B16.10.<br \/>\nFlanschendma\u00df: ANSI B16.5<br \/>\nStumpfgeschwei\u00dfte Abmessungen: ANSI B16.25<br \/>\nDesign und Herstellung: BS1868<br \/>\nDrucktest: API598<\/p>\n<table>\n<tbody>\n<tr>\n<td width=\"200\"><strong><b>Produktname<\/b><\/strong><\/td>\n<td width=\"481\">ASTM B367 GR.C2 Titan-R\u00fcckschlagventil, 2 Zoll, 150 LB, RF<\/td>\n<\/tr>\n<tr>\n<td width=\"200\">1. Material<\/td>\n<td width=\"481\">ASTM B367 GR.C2 Titan<\/td>\n<\/tr>\n<tr>\n<td width=\"200\">2. Gr\u00f6\u00dfe<\/td>\n<td width=\"481\">2&quot;<\/td>\n<\/tr>\n<tr>\n<td width=\"200\">4. Hafen<\/td>\n<td width=\"481\">Vollst\u00e4ndiger Port<\/td>\n<\/tr>\n<tr>\n<td width=\"200\">5. Arbeitsdruck<\/td>\n<td width=\"481\">150 Pfund<\/td>\n<\/tr>\n<tr>\n<td width=\"200\">6. Verbindung endet<\/td>\n<td width=\"481\">RF<\/td>\n<\/tr>\n<tr>\n<td width=\"200\">7. Arbeitstemperatur.<\/td>\n<td width=\"481\">-29~250 \u00b0C,<\/td>\n<\/tr>\n<tr>\n<td width=\"200\">8. Geeignetes Medium<\/td>\n<td width=\"481\">Wasser, Erdgas, \u00d6l und einige \u00e4tzende Fl\u00fcssigkeiten<\/td>\n<\/tr>\n<tr>\n<td width=\"200\">9. Betrieben<\/td>\n<td width=\"481\">Handrad<\/td>\n<\/tr>\n<tr>\n<td width=\"200\">10. Inspektion und Pr\u00fcfung<\/td>\n<td width=\"481\">Gem\u00e4\u00df API 598<\/td>\n<\/tr>\n<tr>\n<td width=\"200\"><strong><b>Sendung<\/b><\/strong><\/td>\n<td width=\"481\"><\/td>\n<\/tr>\n<tr>\n<td width=\"200\">Lieferzeit<\/td>\n<td width=\"481\">30 Tage<\/td>\n<\/tr>\n<tr>\n<td width=\"200\">Paket<\/td>\n<td width=\"481\">Standard-Export-Sperrholzkiste<\/td>\n<\/tr>\n<tr>\n<td width=\"200\">Hafen<\/td>\n<td width=\"481\">Ningbo\/Shanghai, China<\/td>\n<\/tr>\n<tr>\n<td width=\"200\">Versandbedingungen<\/td>\n<td width=\"481\">Exw, FOB, CFR, CIF usw.<\/td>\n<\/tr>\n<tr>\n<td width=\"200\">Zahlungsbedingungen<\/td>\n<td width=\"481\">T\/T, Western Union, PayPal usw.<\/td>\n<\/tr>\n<tr>\n<td width=\"200\"><\/td>\n<td width=\"481\">30% Vorauszahlung, 70% Restbetrag vor dem Versand bezahlt<\/td>\n<\/tr>\n<tr>\n<td width=\"200\">Herkunftsland<\/td>\n<td width=\"481\">Stadt Wenzhou, China<\/td>\n<\/tr>\n<tr>\n<td width=\"200\">Produktionskapazit\u00e4t<\/td>\n<td width=\"481\">6000 Tonnen\/Jahr<\/td>\n<\/tr>\n<tr>\n<td width=\"200\">Mindestbestellmenge<\/td>\n<td width=\"481\">10 St\u00fcck\/Gr\u00f6\u00dfe<\/td>\n<\/tr>\n<\/tbody>\n<\/table>","protected":false},"excerpt":{"rendered":"<p>STV Valve Technology Group Co., Ltd ist ein professioneller Marktf\u00fchrer f\u00fcr Titan-R\u00fcckschlagventile in China, eine Fabrik f\u00fcr Titan-R\u00fcckschlagventile in China, Titan-R\u00fcckschlagventile, ASTM B367 GR-R\u00fcckschlagventile, API 602-Absperrschieber, R\u00fcckschlagventile der Klasse 150 LB, RF-Ende R\u00fcckschlagventil, R\u00fcckschlagventil mit verschraubter Motorhaube, Hersteller von API 6D-R\u00fcckschlagventilen mit hoher Qualit\u00e4t und wettbewerbsf\u00e4higem Preis<\/p>\n<p>&nbsp;<\/p>","protected":false},"featured_media":6492,"template":"","meta":[],"product_brand":[],"product_cat":[46,67],"product_tag":[223,1577,1573,1576,1570,1574,1575,1572,1571],"class_list":{"0":"post-6491","1":"product","2":"type-product","3":"status-publish","4":"has-post-thumbnail","6":"product_cat-check-valves","7":"product_cat-stainless-steel-check-valve","8":"product_tag-api-602-gate-valve","9":"product_tag-api-6d-swing-check-valve-manufacturer","10":"product_tag-astm-b367-gr-check-valve","11":"product_tag-bolted-bonnet-swing-check-valve","12":"product_tag-china-titanium-swing-check-valve","13":"product_tag-class-150-lb-check-valve","14":"product_tag-rf-end-check-valve","15":"product_tag-titanium-swing-check-valve","16":"product_tag-titanium-swing-check-valve-factory-in-china","18":"first","19":"instock","20":"shipping-taxable","21":"product-type-simple"},"_links":{"self":[{"href":"https:\/\/www.stvvalves.com\/de\/wp-json\/wp\/v2\/product\/6491","targetHints":{"allow":["GET"]}}],"collection":[{"href":"https:\/\/www.stvvalves.com\/de\/wp-json\/wp\/v2\/product"}],"about":[{"href":"https:\/\/www.stvvalves.com\/de\/wp-json\/wp\/v2\/types\/product"}],"wp:featuredmedia":[{"embeddable":true,"href":"https:\/\/www.stvvalves.com\/de\/wp-json\/wp\/v2\/media\/6492"}],"wp:attachment":[{"href":"https:\/\/www.stvvalves.com\/de\/wp-json\/wp\/v2\/media?parent=6491"}],"wp:term":[{"taxonomy":"product_brand","embeddable":true,"href":"https:\/\/www.stvvalves.com\/de\/wp-json\/wp\/v2\/product_brand?post=6491"},{"taxonomy":"product_cat","embeddable":true,"href":"https:\/\/www.stvvalves.com\/de\/wp-json\/wp\/v2\/product_cat?post=6491"},{"taxonomy":"product_tag","embeddable":true,"href":"https:\/\/www.stvvalves.com\/de\/wp-json\/wp\/v2\/product_tag?post=6491"}],"curies":[{"name":"wp","href":"https:\/\/api.w.org\/{rel}","templated":true}]}}