{"id":6513,"date":"2022-08-11T13:24:28","date_gmt":"2022-08-11T05:24:28","guid":{"rendered":"https:\/\/www.stvvalves.com\/?post_type=product&#038;p=6513"},"modified":"2025-02-18T13:57:14","modified_gmt":"2025-02-18T05:57:14","slug":"astm-a182-f904l-gate-valve-800-lb-1-inch-sw","status":"publish","type":"product","link":"https:\/\/www.stvvalves.com\/de\/products\/astm-a182-f904l-gate-valve-800-lb-1-inch-sw\/","title":{"rendered":"ASTM A182 F904L Absperrschieber, 800 LB, 1 Zoll, SW"},"content":{"rendered":"<p>Name: ASTM A182 F904L Absperrschieber, 800 LB, 1 Zoll, SW<br \/>\nDesign: API 602<br \/>\nK\u00f6rper: F904L<br \/>\nNenngr\u00f6\u00dfe: 1 Zoll<br \/>\nNennklasse: 800 LB<br \/>\nEndverbindung: SW-Enden<br \/>\nVon Angesicht zu Angesicht: Herstellung<br \/>\nTest und Inspektion: API 598<br \/>\nProdukt: Kleiner Absperrschieber<br \/>\nNenndurchmesser: 1\/4 Zoll \u2013 4 Zoll<br \/>\nDesigntemperatur: -196\u2103 \u2013 573\u2103<br \/>\nAuslegungsdruck: Klasse 150 LB \u2013 Klasse 2500 LB<br \/>\nMaterial: Kohlenstoffstahl, Edelstahl, legierter Stahl, Bronze<br \/>\nDesignstandard: API 602, BS 5352<br \/>\nVon Angesicht zu Angesicht: Herstellungsstandard, ASME B16.10<br \/>\nAnschlussende: NPT, SW, BW, Flansch<br \/>\nTeststandard: API 598, ISO 5208<br \/>\nBedienung: Handrad<br \/>\nAnwendung: Kraftwerk, Erd\u00f6l, Chemieingenieurwesen<\/p>\n<table>\n<tbody>\n<tr>\n<td width=\"200\"><strong><b>Produktname<\/b><\/strong><\/td>\n<td width=\"481\">ASTM A182 F904L Absperrschieber, 800 LB, 1 Zoll, SW<\/td>\n<\/tr>\n<tr>\n<td width=\"200\">1. Material<\/td>\n<td width=\"481\">F904L<\/td>\n<\/tr>\n<tr>\n<td width=\"200\">2. Gr\u00f6\u00dfe<\/td>\n<td width=\"481\">1&quot;<\/td>\n<\/tr>\n<tr>\n<td width=\"200\">4. Hafen<\/td>\n<td width=\"481\">Reduzieranschluss<\/td>\n<\/tr>\n<tr>\n<td width=\"200\">5. Arbeitsdruck<\/td>\n<td width=\"481\">800 Pfund<\/td>\n<\/tr>\n<tr>\n<td width=\"200\">6. Verbindung endet<\/td>\n<td width=\"481\">SW-Ende<\/td>\n<\/tr>\n<tr>\n<td width=\"200\">7. Arbeitstemperatur.<\/td>\n<td width=\"481\">-29~600 \u00b0C,<\/td>\n<\/tr>\n<tr>\n<td width=\"200\">8. Geeignetes Medium<\/td>\n<td width=\"481\">Wasser, Erdgas, \u00d6l und einige \u00e4tzende Fl\u00fcssigkeiten<\/td>\n<\/tr>\n<tr>\n<td width=\"200\">9. Betrieben<\/td>\n<td width=\"481\">Handrad<\/td>\n<\/tr>\n<tr>\n<td width=\"200\">10. Inspektion und Pr\u00fcfung<\/td>\n<td width=\"481\">Gem\u00e4\u00df API 598<\/td>\n<\/tr>\n<tr>\n<td width=\"200\"><strong><b>Sendung<\/b><\/strong><\/td>\n<td width=\"481\"><\/td>\n<\/tr>\n<tr>\n<td width=\"200\">Lieferzeit<\/td>\n<td width=\"481\">30 Tage<\/td>\n<\/tr>\n<tr>\n<td width=\"200\">Paket<\/td>\n<td width=\"481\">Standard-Export-Sperrholzkiste<\/td>\n<\/tr>\n<tr>\n<td width=\"200\">Hafen<\/td>\n<td width=\"481\">Ningbo\/Shanghai, China<\/td>\n<\/tr>\n<tr>\n<td width=\"200\">Versandbedingungen<\/td>\n<td width=\"481\">Exw, FOB, CFR, CIF usw.<\/td>\n<\/tr>\n<tr>\n<td width=\"200\">Zahlungsbedingungen<\/td>\n<td width=\"481\">T\/T, Western Union, PayPal usw.<\/td>\n<\/tr>\n<tr>\n<td width=\"200\"><\/td>\n<td width=\"481\">30% Vorauszahlung, 70% Restbetrag vor dem Versand bezahlt<\/td>\n<\/tr>\n<tr>\n<td width=\"200\">Herkunftsland<\/td>\n<td width=\"481\">Stadt Wenzhou, China<\/td>\n<\/tr>\n<tr>\n<td width=\"200\">Produktionskapazit\u00e4t<\/td>\n<td width=\"481\">6000 Tonnen\/Jahr<\/td>\n<\/tr>\n<tr>\n<td width=\"200\">Mindestbestellmenge<\/td>\n<td width=\"481\">10 St\u00fcck\/Gr\u00f6\u00dfe<\/td>\n<\/tr>\n<\/tbody>\n<\/table>","protected":false},"excerpt":{"rendered":"<p>STV Valve Technology Group Co., Ltd ist ein professioneller Marktf\u00fchrer in China ASTM A182 F904L Absperrschieber, A182 F904L geschmiedeter Absperrschieber Lieferant in China, 1-Zoll-Absperrschieber, API 602 Absperrschieber, Klasse 800 LB Absperrschieber, Hersteller von Absperrschiebern mit Bolzenhaube hohe Qualit\u00e4t und wettbewerbsf\u00e4higer Preis.<\/p>\n<p>&nbsp;<\/p>","protected":false},"featured_media":6784,"template":"","meta":[],"product_brand":[],"product_cat":[59,44],"product_tag":[1566,1620,223,1586,1619,1568],"class_list":{"0":"post-6513","1":"product","2":"type-product","3":"status-publish","4":"has-post-thumbnail","6":"product_cat-forged-steel-gate-valve","7":"product_cat-gate-valve","8":"product_tag-1-inch-gate-valve","9":"product_tag-a182-f904l-forged-gate-valve-supplier-in-china","10":"product_tag-api-602-gate-valve","11":"product_tag-bolt-bonnet-gate-valve-manufacturer","12":"product_tag-china-astm-a182-f904l-gate-valve","13":"product_tag-class-800-lb-gate-valve","15":"first","16":"instock","17":"shipping-taxable","18":"product-type-simple"},"_links":{"self":[{"href":"https:\/\/www.stvvalves.com\/de\/wp-json\/wp\/v2\/product\/6513","targetHints":{"allow":["GET"]}}],"collection":[{"href":"https:\/\/www.stvvalves.com\/de\/wp-json\/wp\/v2\/product"}],"about":[{"href":"https:\/\/www.stvvalves.com\/de\/wp-json\/wp\/v2\/types\/product"}],"wp:featuredmedia":[{"embeddable":true,"href":"https:\/\/www.stvvalves.com\/de\/wp-json\/wp\/v2\/media\/6784"}],"wp:attachment":[{"href":"https:\/\/www.stvvalves.com\/de\/wp-json\/wp\/v2\/media?parent=6513"}],"wp:term":[{"taxonomy":"product_brand","embeddable":true,"href":"https:\/\/www.stvvalves.com\/de\/wp-json\/wp\/v2\/product_brand?post=6513"},{"taxonomy":"product_cat","embeddable":true,"href":"https:\/\/www.stvvalves.com\/de\/wp-json\/wp\/v2\/product_cat?post=6513"},{"taxonomy":"product_tag","embeddable":true,"href":"https:\/\/www.stvvalves.com\/de\/wp-json\/wp\/v2\/product_tag?post=6513"}],"curies":[{"name":"wp","href":"https:\/\/api.w.org\/{rel}","templated":true}]}}