{"id":6521,"date":"2022-08-11T22:39:38","date_gmt":"2022-08-11T14:39:38","guid":{"rendered":"https:\/\/www.stvvalves.com\/?post_type=product&#038;p=6521"},"modified":"2025-02-18T13:57:10","modified_gmt":"2025-02-18T05:57:10","slug":"floating-ball-valve-din3352-pn100-dn125-cf8-rf-end","status":"publish","type":"product","link":"https:\/\/www.stvvalves.com\/de\/products\/floating-ball-valve-din3352-pn100-dn125-cf8-rf-end\/","title":{"rendered":"Floating Ball Valve DIN3352,PN100,DN125,CF8,RF End"},"content":{"rendered":"<p>Product name: Floating Ball Valve DIN3352,PN100,DN125,CF8,RF End<br \/>\nAusf\u00fchrung: DIN 3352.<br \/>\nMaterial: CF8<br \/>\nNominal size: 5 Inch.<br \/>\nNominal pressure: PN100.<br \/>\nEndverbindung: RF.<br \/>\nVon Angesicht zu Angesicht: DIN 3202.<br \/>\nPr\u00fcfung und Inspektion: DIN 3230<\/p>\n<p>Anschl\u00fcsse: Flansch, Gewinde, Muffenschwei\u00dfen, Stumpfschwei\u00dfen<\/p>\n<p>Druckstufe: PN 1,0 bis 25 MPa<\/p>\n<p>Gr\u00f6\u00dfe: DN15 bis 200 mm<\/p>\n<p>Temperatur: -198\u00b0C bis +450\u00b0C<\/p>\n<p>Design und Herstellung: BS 5352, DIN 3352<\/p>\n<p>Face-to-Face (End-to-End): EN 558, DIN 3202<\/p>\n<p>Flanschverbindung: 2\u2033 bis 24\u2033, ANSI B16.5, 26\u2033 bis 36\u2033, MSS-SP-44 bis API605<\/p>\n<p>Pr\u00fcfung und Inspektion: DIN 3230<\/p>\n<p>Stumpfgeschwei\u00dftes Ende: ANSI B16.5<\/p>\n<p><strong>Teile und Materialien:<\/strong><\/p>\n<p>K\u00f6rper: Titan TA1, TA2, TA10, TC4, GR2, GR3, GR5, Duplex-Edelstahl, Super-Duplex-Edelstahl, Legierung<\/p>\n<p>20, CN7M, Hastelloy, Kohlenstoffstahl, WC6, WC9, C5, C12, LCB, CF3M<\/p>\n<p>Oberteil, Tor: Duplex-Edelstahl, Super-Duplex-Edelstahl, Legierung 20, CN7M, Hastelloy, Kohlenstoffstahl, WC6,<\/p>\n<p>WC9, C5, C12, LCB, CF3M, Titan TA1, TA2, TA10, TC4, GR2, GR3, GR5<\/p>\n<p>Besatz: Incoloy 800, Incoloy 800H, Incoloy 825, SS304, SS316, SS304L, SS316L, 13%Cr.Steel, Stellite, Hastelloy,<\/p>\n<p>Legierung 20, Duplex-Edelstahl, Super-Duplex-Edelstahl<\/p>\n<p>Stopfbuchspackung: Graphit, PTFE<\/p>\n<p>Endanschl\u00fcsse: Flansch, Muffenschwei\u00dfung, Stumpfschwei\u00dfung<\/p>\n<p>Bedienung: Handradbet\u00e4tigt, elektrisch bet\u00e4tigt, pneumatisch bet\u00e4tigt<\/p>\n<table>\n<tbody>\n<tr>\n<td width=\"200\"><strong>Produktname<\/strong><\/td>\n<td width=\"481\">Floating-Ball Valve-DIN3352-PN100-DN125-CF8-RF-End<\/td>\n<\/tr>\n<tr>\n<td width=\"200\">1. Material<\/td>\n<td width=\"481\">304<\/td>\n<\/tr>\n<tr>\n<td width=\"200\">2. Gr\u00f6\u00dfe<\/td>\n<td width=\"481\">5 Zoll<\/td>\n<\/tr>\n<tr>\n<td width=\"200\">4. Hafen<\/td>\n<td width=\"481\">Vollst\u00e4ndiger Port<\/td>\n<\/tr>\n<tr>\n<td width=\"200\">5. Arbeitsdruck<\/td>\n<td width=\"481\">PN100<\/td>\n<\/tr>\n<tr>\n<td width=\"200\">6. Verbindung endet<\/td>\n<td width=\"481\">RF<\/td>\n<\/tr>\n<tr>\n<td width=\"200\">7. Arbeitstemperatur.<\/td>\n<td width=\"481\">-29~200 \u00b0C,<\/td>\n<\/tr>\n<tr>\n<td width=\"200\">8. Geeignetes Medium<\/td>\n<td width=\"481\">Wasser, Erdgas, \u00d6l und einige \u00e4tzende Fl\u00fcssigkeiten<\/td>\n<\/tr>\n<tr>\n<td width=\"200\">9. Betrieben<\/td>\n<td width=\"481\">\/<\/td>\n<\/tr>\n<tr>\n<td width=\"200\">10. Inspektion und Pr\u00fcfung<\/td>\n<td width=\"481\">Gem\u00e4\u00df API598<\/td>\n<\/tr>\n<tr>\n<td width=\"200\"><strong>Sendung<\/strong><\/td>\n<td width=\"481\"><\/td>\n<\/tr>\n<tr>\n<td width=\"200\">Lieferzeit<\/td>\n<td width=\"481\">30 Tage<\/td>\n<\/tr>\n<tr>\n<td width=\"200\">Paket<\/td>\n<td width=\"481\">Standard-Export-Sperrholzkiste<\/td>\n<\/tr>\n<tr>\n<td width=\"200\">Hafen<\/td>\n<td width=\"481\">Ningbo\/Shanghai, China<\/td>\n<\/tr>\n<tr>\n<td width=\"200\">Versandbedingungen<\/td>\n<td width=\"481\">Exw, FOB, CFR, CIF usw.<\/td>\n<\/tr>\n<tr>\n<td width=\"200\">Zahlungsbedingungen<\/td>\n<td width=\"481\">T\/T, Western Union, PayPal usw.<\/td>\n<\/tr>\n<tr>\n<td width=\"200\"><\/td>\n<td width=\"481\">30% Vorauszahlung, 70% Restbetrag vor dem Versand bezahlt<\/td>\n<\/tr>\n<tr>\n<td width=\"200\">Herkunftsland<\/td>\n<td width=\"481\">Stadt Wenzhou, China<\/td>\n<\/tr>\n<tr>\n<td width=\"200\">Produktionskapazit\u00e4t<\/td>\n<td width=\"481\">6000 Tonnen\/Jahr<\/td>\n<\/tr>\n<tr>\n<td width=\"200\">Mindestbestellmenge<\/td>\n<td width=\"481\">1 St\u00fcck\/Gr\u00f6\u00dfe<\/td>\n<\/tr>\n<\/tbody>\n<\/table>","protected":false},"excerpt":{"rendered":"<p>STV Valve Technology Group Co., Ltd is a professional leader 2PC Floating Ball Valve DIN3352 ,DN125 Floating Ball Valve DIN3352 in China,Floating Ball Valve DIN3352,DN100 Ti Ball Valve,PN16 Floating Ball Valve DIN3352,Gear Operation Floating Ball Valve DIN3352 ,Floating Ball Valve DIN3352 Manufacture.<\/p>\n<p>&nbsp;<\/p>","protected":false},"featured_media":7206,"template":"","meta":[],"product_brand":[],"product_cat":[43,78,53],"product_tag":[2427,1631,2428,2429,2432,2431,2430],"class_list":{"0":"post-6521","1":"product","2":"type-product","3":"status-publish","4":"has-post-thumbnail","6":"product_cat-ball-valve","7":"product_cat-floating-ball-valve","8":"product_cat-stainless-steel-ball-valve","9":"product_tag-2pc-floating-ball-valve-din3352","10":"product_tag-dn100-ti-ball-valve","11":"product_tag-dn125-floating-ball-valve-din3352-in-china","12":"product_tag-floating-ball-valve-din3352","13":"product_tag-floating-ball-valve-din3352-manufacture","14":"product_tag-gear-operation-floating-ball-valve-din3352","15":"product_tag-pn16-floating-ball-valve-din3352","17":"first","18":"instock","19":"shipping-taxable","20":"product-type-simple"},"_links":{"self":[{"href":"https:\/\/www.stvvalves.com\/de\/wp-json\/wp\/v2\/product\/6521","targetHints":{"allow":["GET"]}}],"collection":[{"href":"https:\/\/www.stvvalves.com\/de\/wp-json\/wp\/v2\/product"}],"about":[{"href":"https:\/\/www.stvvalves.com\/de\/wp-json\/wp\/v2\/types\/product"}],"wp:featuredmedia":[{"embeddable":true,"href":"https:\/\/www.stvvalves.com\/de\/wp-json\/wp\/v2\/media\/7206"}],"wp:attachment":[{"href":"https:\/\/www.stvvalves.com\/de\/wp-json\/wp\/v2\/media?parent=6521"}],"wp:term":[{"taxonomy":"product_brand","embeddable":true,"href":"https:\/\/www.stvvalves.com\/de\/wp-json\/wp\/v2\/product_brand?post=6521"},{"taxonomy":"product_cat","embeddable":true,"href":"https:\/\/www.stvvalves.com\/de\/wp-json\/wp\/v2\/product_cat?post=6521"},{"taxonomy":"product_tag","embeddable":true,"href":"https:\/\/www.stvvalves.com\/de\/wp-json\/wp\/v2\/product_tag?post=6521"}],"curies":[{"name":"wp","href":"https:\/\/api.w.org\/{rel}","templated":true}]}}