{"id":6531,"date":"2022-08-12T16:14:58","date_gmt":"2022-08-12T08:14:58","guid":{"rendered":"https:\/\/www.stvvalves.com\/?post_type=product&#038;p=6531"},"modified":"2025-02-17T18:01:40","modified_gmt":"2025-02-17T10:01:40","slug":"2205-wafer-check-valve-300lb-6-inch-rf-end","status":"publish","type":"product","link":"https:\/\/www.stvvalves.com\/de\/products\/2205-wafer-check-valve-300lb-6-inch-rf-end\/","title":{"rendered":"2205 Wafer-R\u00fcckschlagventil, 300LB, 6 Zoll, RF-Ende"},"content":{"rendered":"<p>Produktname: 2205 Wafer-R\u00fcckschlagventil, 300LB, 6 Zoll, RF-Ende<br \/>\nDesign: API 594.<br \/>\nMaterial: 2205<br \/>\nNenngr\u00f6\u00dfe: 6 Zoll.<br \/>\nNenndruck: Class300 LB.<br \/>\nEndverbindung: RF.<br \/>\nVon Angesicht zu Angesicht: ASME B16.10.<br \/>\nTest und Inspektion: API 598.<\/p>\n<p>&nbsp;<\/p>\n<p>Gr\u00f6\u00dfe: von 2\u2033 bis 48\u2033<br \/>\nDruck: 150 \u2013 1500LB<br \/>\nMaterial: Wir k\u00f6nnen Ventile aus Duplex S31803, Super Duplex S32750 und Super Duplex S32760 anbieten<br \/>\n1A, 2A, 3A, 4A, 5A, 6A, 1B, 1C<br \/>\nCD4MCu, CD4MCuN, CD3MCuN, CE8MN, CD6MN, CD3MN, CE3MN, CD3MWCuN<br \/>\nF51, F53, F55, F60<br \/>\nDesign- und Produktionsstandard: API 594 oder DIN<br \/>\nAbstand zwischen den Flanschen: ASME B16.10, EN558, DIN3202<br \/>\nAnschluss nach Norm: ANSI, API, DIN<br \/>\nTeststandard: API598, API 600, ISO5208<br \/>\nMedium: Das Ventil ist f\u00fcr verschiedene Medien geeignet, darunter Wasser, Dampf, \u00d6l, Gas, Benzinprodukte, Salpeters\u00e4ure, Essigs\u00e4ure usw.<br \/>\nArbeitstemperatur: von -46 \u00b0C oder -50 \u00b0C (Edelstahlkonstruktionen) und -29 \u00b0C oder -46 \u00b0C (Kohlenstoffstahlkonstruktionen) bis 600 \u00b0C<\/p>\n<table>\n<tbody>\n<tr>\n<td width=\"200\"><strong>Produktname<\/strong><\/td>\n<td width=\"481\">2205 Wafer-R\u00fcckschlagventil, 300LB, 6 Zoll, RF-Ende<\/td>\n<\/tr>\n<tr>\n<td width=\"200\">1. Material<\/td>\n<td width=\"481\">2205<\/td>\n<\/tr>\n<tr>\n<td width=\"200\">2. Gr\u00f6\u00dfe<\/td>\n<td width=\"481\">6&quot;<\/td>\n<\/tr>\n<tr>\n<td width=\"200\">4. Hafen<\/td>\n<td width=\"481\">Vollst\u00e4ndiger Port<\/td>\n<\/tr>\n<tr>\n<td width=\"200\">5. Arbeitsdruck<\/td>\n<td width=\"481\">300 Pfund<\/td>\n<\/tr>\n<tr>\n<td width=\"200\">6. Verbindung endet<\/td>\n<td width=\"481\">RF<\/td>\n<\/tr>\n<tr>\n<td width=\"200\">7. Arbeitstemperatur.<\/td>\n<td width=\"481\">-29~300 \u00b0C,<\/td>\n<\/tr>\n<tr>\n<td width=\"200\">8. Geeignetes Medium<\/td>\n<td width=\"481\">Wasser, Erdgas, \u00d6l und einige \u00e4tzende Fl\u00fcssigkeiten<\/td>\n<\/tr>\n<tr>\n<td width=\"200\">9. Betrieben<\/td>\n<td width=\"481\">\/<\/td>\n<\/tr>\n<tr>\n<td width=\"200\">10. Inspektion und Pr\u00fcfung<\/td>\n<td width=\"481\">Gem\u00e4\u00df API598<\/td>\n<\/tr>\n<tr>\n<td width=\"200\"><strong>Sendung<\/strong><\/td>\n<td width=\"481\"><\/td>\n<\/tr>\n<tr>\n<td width=\"200\">Lieferzeit<\/td>\n<td width=\"481\">30 Tage<\/td>\n<\/tr>\n<tr>\n<td width=\"200\">Paket<\/td>\n<td width=\"481\">Standard-Export-Sperrholzkiste<\/td>\n<\/tr>\n<tr>\n<td width=\"200\">Hafen<\/td>\n<td width=\"481\">Ningbo\/Shanghai, China<\/td>\n<\/tr>\n<tr>\n<td width=\"200\">Versandbedingungen<\/td>\n<td width=\"481\">Exw, FOB, CFR, CIF usw.<\/td>\n<\/tr>\n<tr>\n<td width=\"200\">Zahlungsbedingungen<\/td>\n<td width=\"481\">T\/T, Western Union, PayPal usw.<\/td>\n<\/tr>\n<tr>\n<td width=\"200\"><\/td>\n<td width=\"481\">30% Vorauszahlung, 70% Restbetrag vor dem Versand bezahlt<\/td>\n<\/tr>\n<tr>\n<td width=\"200\">Herkunftsland<\/td>\n<td width=\"481\">Stadt Wenzhou, China<\/td>\n<\/tr>\n<tr>\n<td width=\"200\">Produktionskapazit\u00e4t<\/td>\n<td width=\"481\">6000 Tonnen\/Jahr<\/td>\n<\/tr>\n<tr>\n<td width=\"200\">Mindestbestellmenge<\/td>\n<td width=\"481\">1 St\u00fcck\/Gr\u00f6\u00dfe<\/td>\n<\/tr>\n<\/tbody>\n<\/table>","protected":false},"excerpt":{"rendered":"<p>China API 594 2205 Wafer-R\u00fcckschlagventil, Wafer-R\u00fcckschlagventil-Lieferant bietet 6-Zoll-R\u00fcckschlagventil, 2205-Doppelplatten-Wafer-R\u00fcckschlagventil-Lieferant in China, 300LB-Wafer-R\u00fcckschlagventil, Doppelplatten-Wafer-R\u00fcckschlagventil mit erh\u00f6htem Flansch, 2205 Doppelplatten-Wafer-R\u00fcckschlagventil-Herstellung.<\/p>","protected":false},"featured_media":6532,"template":"","meta":[],"product_brand":[],"product_cat":[46,84],"product_tag":[1651,1657,1655,1656,1652,1650,1654,1653,1510,1648,225],"class_list":{"0":"post-6531","1":"product","2":"type-product","3":"status-publish","4":"has-post-thumbnail","6":"product_cat-check-valves","7":"product_cat-wafer-check-valve","8":"product_tag-2205-check-valve","9":"product_tag-2205-dual-plate-wafer-check-valve-manufacture","10":"product_tag-2205-dual-plate-wafer-check-valve-supplier-in-china","11":"product_tag-300lb-wafer-check-valve","12":"product_tag-6-inch-check-valve","13":"product_tag-api-594-check-valve","14":"product_tag-asme-b16-10-check-valve","15":"product_tag-asme-b16-5-check-valve","16":"product_tag-class-300-lb-check-valve","17":"product_tag-rised-face-flanged-dual-plate-wafer-check-valve","18":"product_tag-wafer-check-valve","20":"first","21":"instock","22":"shipping-taxable","23":"product-type-simple"},"_links":{"self":[{"href":"https:\/\/www.stvvalves.com\/de\/wp-json\/wp\/v2\/product\/6531","targetHints":{"allow":["GET"]}}],"collection":[{"href":"https:\/\/www.stvvalves.com\/de\/wp-json\/wp\/v2\/product"}],"about":[{"href":"https:\/\/www.stvvalves.com\/de\/wp-json\/wp\/v2\/types\/product"}],"wp:featuredmedia":[{"embeddable":true,"href":"https:\/\/www.stvvalves.com\/de\/wp-json\/wp\/v2\/media\/6532"}],"wp:attachment":[{"href":"https:\/\/www.stvvalves.com\/de\/wp-json\/wp\/v2\/media?parent=6531"}],"wp:term":[{"taxonomy":"product_brand","embeddable":true,"href":"https:\/\/www.stvvalves.com\/de\/wp-json\/wp\/v2\/product_brand?post=6531"},{"taxonomy":"product_cat","embeddable":true,"href":"https:\/\/www.stvvalves.com\/de\/wp-json\/wp\/v2\/product_cat?post=6531"},{"taxonomy":"product_tag","embeddable":true,"href":"https:\/\/www.stvvalves.com\/de\/wp-json\/wp\/v2\/product_tag?post=6531"}],"curies":[{"name":"wp","href":"https:\/\/api.w.org\/{rel}","templated":true}]}}