{"id":6552,"date":"2022-08-13T13:47:59","date_gmt":"2022-08-13T05:47:59","guid":{"rendered":"https:\/\/www.stvvalves.com\/?post_type=product&#038;p=6552"},"modified":"2025-02-17T18:01:30","modified_gmt":"2025-02-17T10:01:30","slug":"bellows-seal-globe-valve-astm-a105n-dn50-pn40-api-602","status":"publish","type":"product","link":"https:\/\/www.stvvalves.com\/de\/products\/bellows-seal-globe-valve-astm-a105n-dn50-pn40-api-602\/","title":{"rendered":"Bellows Seal Globe Valve, ASTM A105N,DN50,PN40,API 602"},"content":{"rendered":"<p>Name: Bellows Seal Globe Valve, ASTM A105N,DN50,PN40,API 602<br \/>\nDesign: API 602.<br \/>\nGeh\u00e4use: ASTM A105N.<br \/>\nNominal size: DN50.<br \/>\nNominal class: PN403.<br \/>\nEndanschluss: RF.<br \/>\nVon Angesicht zu Angesicht: EN1092-1.<br \/>\nPr\u00fcfung und Inspektion: EN12266-1.<\/p>\n<p>Technische Spezifikation<\/p>\n<p>Konstruktionsnorm: DIN 3356<\/p>\n<p>Baul\u00e4nge: DIN 3202<\/p>\n<p>Flanschenden: DIN 2543-2545<\/p>\n<p>Pr\u00fcfung &amp; Inspektion: DIN 3230<\/p>\n<p>Anwendung: Hei\u00df\u00f6lsystem, Dampfsystem, Hei\u00df- und Kaltwassersystem usw.<\/p>\n<p>Medium: Dampf, Gase, Hei\u00dfwasser, Thermal\u00f6l, Ammoniak usw.<br \/>\nMaterialien: GG25 (EN-GJL-250), GGG40, 1.0619+N (GS-C25), 1.4308 (CF8), 1.4408 (CF8M)<br \/>\nMaterialien des Balgs: SS304, SS316, SS316L, SS 310S, Hastely C<br \/>\nGr\u00f6\u00dfenbereich: DN15-DN400<br \/>\nDruck: PN16-PN40<br \/>\nTemperatur: \u2264600 \u2103<\/p>\n<table>\n<tbody>\n<tr>\n<td width=\"200\"><strong>Produktname<\/strong><\/td>\n<td width=\"481\">Bellows Seal Globe Valve, ASTM A105N,DN50,PN40,API 602<\/td>\n<\/tr>\n<tr>\n<td width=\"200\">1. Material<\/td>\n<td width=\"481\">A105<\/td>\n<\/tr>\n<tr>\n<td width=\"200\">2. Gr\u00f6\u00dfe<\/td>\n<td width=\"481\">2&quot;<\/td>\n<\/tr>\n<tr>\n<td width=\"200\">4. Hafen<\/td>\n<td width=\"481\">Vollst\u00e4ndiger Port<\/td>\n<\/tr>\n<tr>\n<td width=\"200\">5. Arbeitsdruck<\/td>\n<td width=\"481\">PN40<\/td>\n<\/tr>\n<tr>\n<td width=\"200\">6. Verbindung endet<\/td>\n<td width=\"481\">RF<\/td>\n<\/tr>\n<tr>\n<td width=\"200\">7. Arbeitstemperatur.<\/td>\n<td width=\"481\">-29~425 \u00b0C,<\/td>\n<\/tr>\n<tr>\n<td width=\"200\">8. Geeignetes Medium<\/td>\n<td width=\"481\">Wasser, Erdgas, \u00d6l und einige \u00e4tzende Fl\u00fcssigkeiten<\/td>\n<\/tr>\n<tr>\n<td width=\"200\">9. Betrieben<\/td>\n<td width=\"481\">Handrad<\/td>\n<\/tr>\n<tr>\n<td width=\"200\">10. Inspektion und Pr\u00fcfung<\/td>\n<td width=\"481\">Nach DIN 3230<\/td>\n<\/tr>\n<tr>\n<td width=\"200\"><strong>Sendung<\/strong><\/td>\n<td width=\"481\"><\/td>\n<\/tr>\n<tr>\n<td width=\"200\">Lieferzeit<\/td>\n<td width=\"481\">30 Tage<\/td>\n<\/tr>\n<tr>\n<td width=\"200\">Paket<\/td>\n<td width=\"481\">Standard-Export-Sperrholzkiste<\/td>\n<\/tr>\n<tr>\n<td width=\"200\">Hafen<\/td>\n<td width=\"481\">Ningbo\/Shanghai, China<\/td>\n<\/tr>\n<tr>\n<td width=\"200\">Versandbedingungen<\/td>\n<td width=\"481\">Exw, FOB, CFR, CIF usw.<\/td>\n<\/tr>\n<tr>\n<td width=\"200\">Zahlungsbedingungen<\/td>\n<td width=\"481\">T\/T, Western Union, PayPal usw.<\/td>\n<\/tr>\n<tr>\n<td width=\"200\"><\/td>\n<td width=\"481\">30% Vorauszahlung, 70% Restbetrag vor dem Versand bezahlt<\/td>\n<\/tr>\n<tr>\n<td width=\"200\">Herkunftsland<\/td>\n<td width=\"481\">Stadt Wenzhou, China<\/td>\n<\/tr>\n<tr>\n<td width=\"200\">Produktionskapazit\u00e4t<\/td>\n<td width=\"481\">6000 Tonnen\/Jahr<\/td>\n<\/tr>\n<tr>\n<td width=\"200\">Mindestbestellmenge<\/td>\n<td width=\"481\">1 St\u00fcck\/Gr\u00f6\u00dfe<\/td>\n<\/tr>\n<\/tbody>\n<\/table>","protected":false},"excerpt":{"rendered":"<p>STV Valve Technology Group Co., Ltd is a professional leader China Bellow Seal Globe Valve,RFBellow Seal,ASTM A105N Bellow Seal,PN40 Bellow Seal Globe Valve,API 602 Bellow Seal Globe Valve,DN50 Bellow Seal Globe Valve Manufacturer with high quality and competitive price.<\/p>\n<p>&nbsp;<\/p>","protected":false},"featured_media":7220,"template":"","meta":[],"product_brand":[],"product_cat":[45,65],"product_tag":[1826,2454,2452,2456,2455,2453],"class_list":{"0":"post-6552","1":"product","2":"type-product","3":"status-publish","4":"has-post-thumbnail","6":"product_cat-globe-valve","7":"product_cat-bellow-seal-globe-valve","8":"product_tag-api-602-bellow-seal-globe-valve","9":"product_tag-astm-a105n-bellow-seal","10":"product_tag-china-bellow-seal-globe-valve","11":"product_tag-dn50-bellow-seal-globe-valve-manufacturer","12":"product_tag-pn40-bellow-seal-globe-valve","13":"product_tag-rfbellow-seal","15":"first","16":"instock","17":"shipping-taxable","18":"product-type-simple"},"_links":{"self":[{"href":"https:\/\/www.stvvalves.com\/de\/wp-json\/wp\/v2\/product\/6552","targetHints":{"allow":["GET"]}}],"collection":[{"href":"https:\/\/www.stvvalves.com\/de\/wp-json\/wp\/v2\/product"}],"about":[{"href":"https:\/\/www.stvvalves.com\/de\/wp-json\/wp\/v2\/types\/product"}],"wp:featuredmedia":[{"embeddable":true,"href":"https:\/\/www.stvvalves.com\/de\/wp-json\/wp\/v2\/media\/7220"}],"wp:attachment":[{"href":"https:\/\/www.stvvalves.com\/de\/wp-json\/wp\/v2\/media?parent=6552"}],"wp:term":[{"taxonomy":"product_brand","embeddable":true,"href":"https:\/\/www.stvvalves.com\/de\/wp-json\/wp\/v2\/product_brand?post=6552"},{"taxonomy":"product_cat","embeddable":true,"href":"https:\/\/www.stvvalves.com\/de\/wp-json\/wp\/v2\/product_cat?post=6552"},{"taxonomy":"product_tag","embeddable":true,"href":"https:\/\/www.stvvalves.com\/de\/wp-json\/wp\/v2\/product_tag?post=6552"}],"curies":[{"name":"wp","href":"https:\/\/api.w.org\/{rel}","templated":true}]}}