{"id":6574,"date":"2022-09-07T10:47:58","date_gmt":"2022-09-07T02:47:58","guid":{"rendered":"https:\/\/www.stvvalves.com\/?post_type=product&#038;p=6574"},"modified":"2024-12-24T23:08:49","modified_gmt":"2024-12-24T15:08:49","slug":"2500lb-cf8c-swing-check-valve-6-inch-bw-end","status":"publish","type":"product","link":"https:\/\/www.stvvalves.com\/de\/products\/2500lb-cf8c-swing-check-valve-6-inch-bw-end\/","title":{"rendered":"2500LB CF8C R\u00fcckschlagventil, 6 Zoll, BW-Ende"},"content":{"rendered":"<p>Produktname: 2500LB CF8C R\u00fcckschlagventil, 6 Zoll, BW-Ende<\/p>\n<div class=\"row\">\n<div class=\"col-md-12\">Design: API 6D<br \/>\nK\u00f6rper: CF8C<br \/>\nNenngr\u00f6\u00dfe: 6 Zoll<br \/>\nNennklasse: 2500 LB<br \/>\nEndverbindung: BW endet<br \/>\nVon Angesicht zu Angesicht: ASME B16.10<br \/>\nTest und Inspektion: API 598<\/div>\n<\/div>\n<p>Geh\u00e4usematerial: Titan, Duplex, Hastelloy C276\/B3, Monel, Alloys20, 4A, 5A, C95800, C95500, Monel, Alloy 20, F347, Super Duplex, Inconel usw.<br \/>\nHerstellungsstandards: API, ANSI, BS, DIN, JIS.<br \/>\nVentildruck: 150 LB bis 2500 LB (PN1,6\u201342 MPa).<br \/>\nGr\u00f6\u00dfenbereich des R\u00fcckschlagventils: 1\/2 bis 32 Zoll (DN15 bis DN800).<br \/>\nBetriebstemperatur: von -196 Grad Celsius bis 593 Grad Celsius.<br \/>\nAnschluss: Flansch, stumpfgeschwei\u00dft.<br \/>\nAbmessungen von Angesicht zu Angesicht: ANSI B16.10.<br \/>\nFlanschendma\u00df: ANSI B16.5<br \/>\nStumpfgeschwei\u00dfte Abmessungen: ANSI B16.25<br \/>\nDesign und Herstellung: BS1868<br \/>\nDrucktest: API598<\/p>\n<table>\n<tbody>\n<tr>\n<td width=\"200\"><strong><b>Produktname<\/b><\/strong><\/td>\n<td width=\"481\">2500LB CF8C R\u00fcckschlagventil, 6 Zoll, BW-Ende<\/td>\n<\/tr>\n<tr>\n<td width=\"200\">1. Material<\/td>\n<td width=\"481\">CF8C<\/td>\n<\/tr>\n<tr>\n<td width=\"200\">2. Gr\u00f6\u00dfe<\/td>\n<td width=\"481\">6&quot;<\/td>\n<\/tr>\n<tr>\n<td width=\"200\">4. Hafen<\/td>\n<td width=\"481\">Vollst\u00e4ndiger Port<\/td>\n<\/tr>\n<tr>\n<td width=\"200\">5. Arbeitsdruck<\/td>\n<td width=\"481\">2500 Pfund<\/td>\n<\/tr>\n<tr>\n<td width=\"200\">6. Verbindung endet<\/td>\n<td width=\"481\">BW<\/td>\n<\/tr>\n<tr>\n<td width=\"200\">7. Arbeitstemperatur.<\/td>\n<td width=\"481\">-29~400 \u00b0C,<\/td>\n<\/tr>\n<tr>\n<td width=\"200\">8. Geeignetes Medium<\/td>\n<td width=\"481\">Wasser, Erdgas, \u00d6l und einige \u00e4tzende Fl\u00fcssigkeiten<\/td>\n<\/tr>\n<tr>\n<td width=\"200\">9. Betrieben<\/td>\n<td width=\"481\">\/<\/td>\n<\/tr>\n<tr>\n<td width=\"200\">10. Inspektion und Pr\u00fcfung<\/td>\n<td width=\"481\">Gem\u00e4\u00df API 598<\/td>\n<\/tr>\n<tr>\n<td width=\"200\"><strong><b>Sendung<\/b><\/strong><\/td>\n<td width=\"481\"><\/td>\n<\/tr>\n<tr>\n<td width=\"200\">Lieferzeit<\/td>\n<td width=\"481\">30 Tage<\/td>\n<\/tr>\n<tr>\n<td width=\"200\">Paket<\/td>\n<td width=\"481\">Standard-Export-Sperrholzkiste<\/td>\n<\/tr>\n<tr>\n<td width=\"200\">Hafen<\/td>\n<td width=\"481\">Ningbo\/Shanghai, China<\/td>\n<\/tr>\n<tr>\n<td width=\"200\">Versandbedingungen<\/td>\n<td width=\"481\">Exw, FOB, CFR, CIF usw.<\/td>\n<\/tr>\n<tr>\n<td width=\"200\">Zahlungsbedingungen<\/td>\n<td width=\"481\">T\/T, Western Union, PayPal usw.<\/td>\n<\/tr>\n<tr>\n<td width=\"200\"><\/td>\n<td width=\"481\">30% Vorauszahlung, 70% Restbetrag vor dem Versand bezahlt<\/td>\n<\/tr>\n<tr>\n<td width=\"200\">Herkunftsland<\/td>\n<td width=\"481\">Stadt Wenzhou, China<\/td>\n<\/tr>\n<tr>\n<td width=\"200\">Produktionskapazit\u00e4t<\/td>\n<td width=\"481\">6000 Tonnen\/Jahr<\/td>\n<\/tr>\n<tr>\n<td width=\"200\">Mindestbestellmenge<\/td>\n<td width=\"481\">10 St\u00fcck\/Gr\u00f6\u00dfe<\/td>\n<\/tr>\n<\/tbody>\n<\/table>","protected":false},"excerpt":{"rendered":"<p>STV Valve Technology Group Co., Ltd ist ein professioneller Marktf\u00fchrer in China CF8C-R\u00fcckschlagventile, 6-Zoll-R\u00fcckschlagventile, CL2500-R\u00fcckschlagventile und Hersteller von R\u00fcckschlagventilen mit Stumpfschwei\u00dfende mit hoher Qualit\u00e4t und wettbewerbsf\u00e4higem Preis.<\/p>","protected":false},"featured_media":7492,"template":"","meta":[],"product_brand":[],"product_cat":[46,67],"product_tag":[1698,1700,1697,1699],"class_list":{"0":"post-6574","1":"product","2":"type-product","3":"status-publish","4":"has-post-thumbnail","6":"product_cat-check-valves","7":"product_cat-stainless-steel-check-valve","8":"product_tag-6-inch-swing-check-valve","9":"product_tag-butt-weld-end-swing-check-valve-manufacturer","10":"product_tag-china-cf8c-swing-check-valve","11":"product_tag-cl2500-swing-check-valve","13":"first","14":"instock","15":"shipping-taxable","16":"product-type-simple"},"_links":{"self":[{"href":"https:\/\/www.stvvalves.com\/de\/wp-json\/wp\/v2\/product\/6574","targetHints":{"allow":["GET"]}}],"collection":[{"href":"https:\/\/www.stvvalves.com\/de\/wp-json\/wp\/v2\/product"}],"about":[{"href":"https:\/\/www.stvvalves.com\/de\/wp-json\/wp\/v2\/types\/product"}],"wp:featuredmedia":[{"embeddable":true,"href":"https:\/\/www.stvvalves.com\/de\/wp-json\/wp\/v2\/media\/7492"}],"wp:attachment":[{"href":"https:\/\/www.stvvalves.com\/de\/wp-json\/wp\/v2\/media?parent=6574"}],"wp:term":[{"taxonomy":"product_brand","embeddable":true,"href":"https:\/\/www.stvvalves.com\/de\/wp-json\/wp\/v2\/product_brand?post=6574"},{"taxonomy":"product_cat","embeddable":true,"href":"https:\/\/www.stvvalves.com\/de\/wp-json\/wp\/v2\/product_cat?post=6574"},{"taxonomy":"product_tag","embeddable":true,"href":"https:\/\/www.stvvalves.com\/de\/wp-json\/wp\/v2\/product_tag?post=6574"}],"curies":[{"name":"wp","href":"https:\/\/api.w.org\/{rel}","templated":true}]}}