{"id":6644,"date":"2022-10-17T09:09:44","date_gmt":"2022-10-17T01:09:44","guid":{"rendered":"https:\/\/www.stvvalves.com\/?post_type=product&#038;p=6644"},"modified":"2025-02-17T17:57:14","modified_gmt":"2025-02-17T09:57:14","slug":"1500lb-integral-flanged-check-valve-api-602-1-inch","status":"publish","type":"product","link":"https:\/\/www.stvvalves.com\/de\/products\/1500lb-integral-flanged-check-valve-api-602-1-inch\/","title":{"rendered":"1500LB integriertes Flansch-R\u00fcckschlagventil, API 602, 1 Zoll"},"content":{"rendered":"<p>Design und Herstellung entsprechen BS5351, MSS SP-118<\/p>\n<p>Anschlussenden entsprechen:<\/p>\n<p>1. Die geschwei\u00dften Enden entsprechen ANSI B16.11<\/p>\n<p>2. Schraubenenden entsprechen ANSI B1.20.1<\/p>\n<p>3.Stumpfgeschwei\u00dfte Enden entsprechen ANSI B16.25<\/p>\n<p>4.Flanschenden entsprechen ANSI B16.5<\/p>\n<p>5.Test und Inspektion entsprechen: API 598<\/p>\n<p>Strukturmerkmale:<\/p>\n<p>Verschraubte Motorhaube, geschwei\u00dfte Motorhaube, druckdichte Motorhaube<\/p>\n<p>Geschmiedeter Stahl, Kolben-, Kugel- oder Schwingtyp<\/p>\n<p>Integrierter Geh\u00e4usesitz f\u00fcr Kolben- und Kugelr\u00fcckschlagventile<\/p>\n<p>Getrenntes Sitzringdesign f\u00fcr R\u00fcckschlagventile<\/p>\n<p>Spiralgewickelte Dichtung oder ovale Ringgelenkdichtung<\/p>\n<p>Reduzierter Durchgang oder voller Anschluss,<\/p>\n<p>T-Muster oder Y-Muster,<\/p>\n<p>Produktauswahl<\/p>\n<p>Geh\u00e4usematerial: A105,LF2,F5,F11,F22,304,304L,316,316L,F51,F91,20#,Inconel .Ect<\/p>\n<p>Nenndurchmesser: 1\/2\u2033~2\u2033(DN15~DN50)<\/p>\n<p>Endverbindung: THR, SW, BW, RF, RTJ<\/p>\n<p>Arbeitstemperatur: -196\u2103~+560\u2103<\/p>\n<p>&nbsp;<\/p>\n<table>\n<tbody>\n<tr>\n<td width=\"200\"><strong>Produktname<\/strong><\/td>\n<td width=\"481\">1500LB integriertes Flansch-R\u00fcckschlagventil, API 602, 1 Zoll<\/td>\n<\/tr>\n<tr>\n<td width=\"200\">1. Material<\/td>\n<td width=\"481\">A105N<\/td>\n<\/tr>\n<tr>\n<td width=\"200\">2. Gr\u00f6\u00dfe<\/td>\n<td width=\"481\">1&quot;<\/td>\n<\/tr>\n<tr>\n<td width=\"200\">4. Hafen<\/td>\n<td width=\"481\">Reduzieranschluss<\/td>\n<\/tr>\n<tr>\n<td width=\"200\">5. Arbeitsdruck<\/td>\n<td width=\"481\">1500 Pfund<\/td>\n<\/tr>\n<tr>\n<td width=\"200\">6. Verbindung endet<\/td>\n<td width=\"481\">RF<\/td>\n<\/tr>\n<tr>\n<td width=\"200\">7. Arbeitstemperatur.<\/td>\n<td width=\"481\">-29~425 \u00b0C,<\/td>\n<\/tr>\n<tr>\n<td width=\"200\">8. Geeignetes Medium<\/td>\n<td width=\"481\">Wasser, Erdgas, \u00d6l und einige \u00e4tzende Fl\u00fcssigkeiten<\/td>\n<\/tr>\n<tr>\n<td width=\"200\">9. Betrieben<\/td>\n<td width=\"481\">\/<\/td>\n<\/tr>\n<tr>\n<td width=\"200\">10. Inspektion und Pr\u00fcfung<\/td>\n<td width=\"481\">Gem\u00e4\u00df API598<\/td>\n<\/tr>\n<tr>\n<td width=\"200\"><strong>Sendung<\/strong><\/td>\n<td width=\"481\"><\/td>\n<\/tr>\n<tr>\n<td width=\"200\">Lieferzeit<\/td>\n<td width=\"481\">30 Tage<\/td>\n<\/tr>\n<tr>\n<td width=\"200\">Paket<\/td>\n<td width=\"481\">Standard-Export-Sperrholzkiste<\/td>\n<\/tr>\n<tr>\n<td width=\"200\">Hafen<\/td>\n<td width=\"481\">Ningbo\/Shanghai, China<\/td>\n<\/tr>\n<tr>\n<td width=\"200\">Versandbedingungen<\/td>\n<td width=\"481\">Exw, FOB, CFR, CIF usw.<\/td>\n<\/tr>\n<tr>\n<td width=\"200\">Zahlungsbedingungen<\/td>\n<td width=\"481\">T\/T, Western Union, PayPal usw.<\/td>\n<\/tr>\n<tr>\n<td width=\"200\"><\/td>\n<td width=\"481\">30% Vorauszahlung, 70% Restbetrag vor dem Versand bezahlt<\/td>\n<\/tr>\n<tr>\n<td width=\"200\">Herkunftsland<\/td>\n<td width=\"481\">Stadt Wenzhou, China<\/td>\n<\/tr>\n<tr>\n<td width=\"200\">Produktionskapazit\u00e4t<\/td>\n<td width=\"481\">6000 Tonnen\/Jahr<\/td>\n<\/tr>\n<tr>\n<td width=\"200\">Mindestbestellmenge<\/td>\n<td width=\"481\">1 St\u00fcck\/Gr\u00f6\u00dfe<\/td>\n<\/tr>\n<\/tbody>\n<\/table>","protected":false},"excerpt":{"rendered":"<p>1500LB integriertes Flansch-R\u00fcckschlagventil Hersteller: 1500LB integriertes Flansch-R\u00fcckschlagventil, 1\/2-2 Zoll Flansch-R\u00fcckschlagventil, DN15-DN50 Flansch-R\u00fcckschlagventil, selbstdichtendes Flansch-R\u00fcckschlagventil, ASME B16.34 Flansch-R\u00fcckschlagventil, BS 5352 Flansch-R\u00fcckschlagventil .<\/p>","protected":false},"featured_media":6645,"template":"","meta":[],"product_brand":[],"product_cat":[46,66],"product_tag":[1760,1765,1766,1763,1764,1761,1762],"class_list":{"0":"post-6644","1":"product","2":"type-product","3":"status-publish","4":"has-post-thumbnail","6":"product_cat-check-valves","7":"product_cat-swing-check-valve","8":"product_tag-1-2-2-inch-flanged-check-valve","9":"product_tag-1500lb-integral-flanged-check-valve","10":"product_tag-1500lb-integral-flanged-check-valve-manufacturer","11":"product_tag-asme-b16-34-flanged-check-valve","12":"product_tag-bs-5352-flanged-check-valve","13":"product_tag-dn15-dn50-flanged-check-valve","14":"product_tag-self-sealing-flanged-check-valve","16":"first","17":"instock","18":"shipping-taxable","19":"product-type-simple"},"_links":{"self":[{"href":"https:\/\/www.stvvalves.com\/de\/wp-json\/wp\/v2\/product\/6644","targetHints":{"allow":["GET"]}}],"collection":[{"href":"https:\/\/www.stvvalves.com\/de\/wp-json\/wp\/v2\/product"}],"about":[{"href":"https:\/\/www.stvvalves.com\/de\/wp-json\/wp\/v2\/types\/product"}],"wp:featuredmedia":[{"embeddable":true,"href":"https:\/\/www.stvvalves.com\/de\/wp-json\/wp\/v2\/media\/6645"}],"wp:attachment":[{"href":"https:\/\/www.stvvalves.com\/de\/wp-json\/wp\/v2\/media?parent=6644"}],"wp:term":[{"taxonomy":"product_brand","embeddable":true,"href":"https:\/\/www.stvvalves.com\/de\/wp-json\/wp\/v2\/product_brand?post=6644"},{"taxonomy":"product_cat","embeddable":true,"href":"https:\/\/www.stvvalves.com\/de\/wp-json\/wp\/v2\/product_cat?post=6644"},{"taxonomy":"product_tag","embeddable":true,"href":"https:\/\/www.stvvalves.com\/de\/wp-json\/wp\/v2\/product_tag?post=6644"}],"curies":[{"name":"wp","href":"https:\/\/api.w.org\/{rel}","templated":true}]}}