{"id":6652,"date":"2022-10-17T10:39:22","date_gmt":"2022-10-17T02:39:22","guid":{"rendered":"https:\/\/www.stvvalves.com\/?post_type=product&#038;p=6652"},"modified":"2025-02-17T17:54:57","modified_gmt":"2025-02-17T09:54:57","slug":"basket-strainer-150lb-cf8-body-304-screen-40-mesch-rf","status":"publish","type":"product","link":"https:\/\/www.stvvalves.com\/de\/products\/basket-strainer-150lb-cf8-body-304-screen-40-mesch-rf\/","title":{"rendered":"Korbsieb 150LB, CF8-K\u00f6rper, 304-Sieb, 40 Mesh. RF"},"content":{"rendered":"<p>Standards<br \/>\nDesign und Herstellung: API6D und ANSI B16.34<br \/>\nFace-to-Face-Abmessung: ASME B16.10<br \/>\nEndflanschabmessung: ASME B16.5<br \/>\nStumpfgeschwei\u00dfte Abmessungen: ASME B16.25<br \/>\nTest und Inspektion: API598<\/p>\n<p>Edelstahl-Korbsieb mit Flansch nach ANSI 150 und 304-Edelstahlgewebe (Maschenweite betr\u00e4gt 40 Mesh oder 400 Mikron). Erm\u00f6glicht eine gro\u00dfe Durchflussrate bei minimalem Druckabfall. Dieses Korbsieb eignet sich hervorragend f\u00fcr petrochemische oder andere Anwendungen, bei denen das Sieben mit m\u00f6glichst geringem Druckabfall erfolgen muss. Viel weniger als ein Y-Sieb der entsprechenden Gr\u00f6\u00dfe. Alle Korbsiebe aus Gussstahl werden sandgestrahlt und anschlie\u00dfend mit einer hitzebest\u00e4ndigen Grundierung beschichtet. Entworfen nach ANSI B16.34 mit Flanschen nach ANSI B16.5 und getestet gem\u00e4\u00df API 598.<\/p>\n<table>\n<tbody>\n<tr>\n<td width=\"200\"><strong>Produktname<\/strong><\/td>\n<td width=\"481\">Y-Flanschfilter aus Edelstahl, DIN PN16, DN80<\/td>\n<\/tr>\n<tr>\n<td width=\"200\">1. Material<\/td>\n<td width=\"481\">304<\/td>\n<\/tr>\n<tr>\n<td width=\"200\">2. Gr\u00f6\u00dfe<\/td>\n<td width=\"481\">3&quot;<\/td>\n<\/tr>\n<tr>\n<td width=\"200\">4. Hafen<\/td>\n<td width=\"481\">Vollst\u00e4ndiger Port<\/td>\n<\/tr>\n<tr>\n<td width=\"200\">5. Arbeitsdruck<\/td>\n<td width=\"481\">150 Pfund<\/td>\n<\/tr>\n<tr>\n<td width=\"200\">6. Verbindung endet<\/td>\n<td width=\"481\">RF<\/td>\n<\/tr>\n<tr>\n<td width=\"200\">7. Arbeitstemperatur.<\/td>\n<td width=\"481\">-29~300 \u00b0C,<\/td>\n<\/tr>\n<tr>\n<td width=\"200\">8. Geeignetes Medium<\/td>\n<td width=\"481\">Wasser, Erdgas, \u00d6l und einige \u00e4tzende Fl\u00fcssigkeiten<\/td>\n<\/tr>\n<tr>\n<td width=\"200\">9. Betrieben<\/td>\n<td width=\"481\">\/<\/td>\n<\/tr>\n<tr>\n<td width=\"200\">10. Inspektion und Pr\u00fcfung<\/td>\n<td width=\"481\">Gem\u00e4\u00df API598<\/td>\n<\/tr>\n<tr>\n<td width=\"200\"><strong>Sendung<\/strong><\/td>\n<td width=\"481\"><\/td>\n<\/tr>\n<tr>\n<td width=\"200\">Lieferzeit<\/td>\n<td width=\"481\">30 Tage<\/td>\n<\/tr>\n<tr>\n<td width=\"200\">Paket<\/td>\n<td width=\"481\">Standard-Export-Sperrholzkiste<\/td>\n<\/tr>\n<tr>\n<td width=\"200\">Hafen<\/td>\n<td width=\"481\">Ningbo\/Shanghai, China<\/td>\n<\/tr>\n<tr>\n<td width=\"200\">Versandbedingungen<\/td>\n<td width=\"481\">Exw, FOB, CFR, CIF usw.<\/td>\n<\/tr>\n<tr>\n<td width=\"200\">Zahlungsbedingungen<\/td>\n<td width=\"481\">T\/T, Western Union, PayPal usw.<\/td>\n<\/tr>\n<tr>\n<td width=\"200\"><\/td>\n<td width=\"481\">30% Vorauszahlung, 70% Restbetrag vor dem Versand bezahlt<\/td>\n<\/tr>\n<tr>\n<td width=\"200\">Herkunftsland<\/td>\n<td width=\"481\">Stadt Wenzhou, China<\/td>\n<\/tr>\n<tr>\n<td width=\"200\">Produktionskapazit\u00e4t<\/td>\n<td width=\"481\">6000 Tonnen\/Jahr<\/td>\n<\/tr>\n<tr>\n<td width=\"200\">Mindestbestellmenge<\/td>\n<td width=\"481\">1 St\u00fcck\/Gr\u00f6\u00dfe<\/td>\n<\/tr>\n<\/tbody>\n<\/table>","protected":false},"excerpt":{"rendered":"<p>STV Valve Technology Group Co., Ltd ist ein professioneller Marktf\u00fchrer f\u00fcr China-Korbsiebe 150LB, CF8-Korbkorbsiebe, 304-Siebkorbsiebe und 40-Mesh-Korbsiebe. RF-Korbsieb, Hersteller von Flanschkorbsieben mit hoher Qualit\u00e4t und wettbewerbsf\u00e4higem Preis.<\/p>","protected":false},"featured_media":6653,"template":"","meta":[],"product_brand":[],"product_cat":[48,85],"product_tag":[1774,1775,1773,1772,1776],"class_list":{"0":"post-6652","1":"product","2":"type-product","3":"status-publish","4":"has-post-thumbnail","6":"product_cat-y-strainer","7":"product_cat-stainless-steel-y-type-strainer","8":"product_tag-304-screen-basket-strainer","9":"product_tag-40-mesch-basket-strainer-rf-basket-strainer","10":"product_tag-cf8-body-basket-strainer","11":"product_tag-china-basket-strainer-150lb","12":"product_tag-flanged-basket-strainer-manufacturer","14":"first","15":"instock","16":"shipping-taxable","17":"product-type-simple"},"_links":{"self":[{"href":"https:\/\/www.stvvalves.com\/de\/wp-json\/wp\/v2\/product\/6652","targetHints":{"allow":["GET"]}}],"collection":[{"href":"https:\/\/www.stvvalves.com\/de\/wp-json\/wp\/v2\/product"}],"about":[{"href":"https:\/\/www.stvvalves.com\/de\/wp-json\/wp\/v2\/types\/product"}],"wp:featuredmedia":[{"embeddable":true,"href":"https:\/\/www.stvvalves.com\/de\/wp-json\/wp\/v2\/media\/6653"}],"wp:attachment":[{"href":"https:\/\/www.stvvalves.com\/de\/wp-json\/wp\/v2\/media?parent=6652"}],"wp:term":[{"taxonomy":"product_brand","embeddable":true,"href":"https:\/\/www.stvvalves.com\/de\/wp-json\/wp\/v2\/product_brand?post=6652"},{"taxonomy":"product_cat","embeddable":true,"href":"https:\/\/www.stvvalves.com\/de\/wp-json\/wp\/v2\/product_cat?post=6652"},{"taxonomy":"product_tag","embeddable":true,"href":"https:\/\/www.stvvalves.com\/de\/wp-json\/wp\/v2\/product_tag?post=6652"}],"curies":[{"name":"wp","href":"https:\/\/api.w.org\/{rel}","templated":true}]}}