{"id":6675,"date":"2023-03-07T10:08:09","date_gmt":"2023-03-07T02:08:09","guid":{"rendered":"https:\/\/www.stvvalves.com\/?post_type=product&#038;p=6675"},"modified":"2025-02-17T17:54:48","modified_gmt":"2025-02-17T09:54:48","slug":"astm-a494-cx2mw-ball-valve-dn100-pn16-flange-end","status":"publish","type":"product","link":"https:\/\/www.stvvalves.com\/de\/products\/astm-a494-cx2mw-ball-valve-dn100-pn16-flange-end\/","title":{"rendered":"ASTM A494 CX2MW Kugelhahn, DN100, PN16, Flanschende"},"content":{"rendered":"<p>Produktname: ASTM A494 CX2MW Kugelhahn, DN100, PN16, Flanschende<\/p>\n<div class=\"row\">\n<div class=\"col-md-12\">Design: API 608<br \/>\nGeh\u00e4use: Kugelhahn ASTM A494 CX2MW<br \/>\nNenngr\u00f6\u00dfe: 4 Zoll<br \/>\nNennklasse: PN16<br \/>\nEndverbindung: RF-Enden<br \/>\nVon Angesicht zu Angesicht: EN 558-1\/14.<\/div>\n<\/div>\n<p>Gr\u00f6\u00dfe: von 1\/2\u2033 bis 36\u2033<br \/>\nDruck: 150 \u2013 2500LB<br \/>\nMaterial: Duplex S31803, Super Duplex S32750, Super Duplex S32760<br \/>\n1A, 2A, 3A, 4A, 5A, 6A, 1B, 1C<br \/>\nCD4MCu, CD4MCuN, CD3MCuN, CE8MN, CD6MN, CD3MN, CE3MN, CD3MWCuN<br \/>\nF51, F53, F55, F6Design- und Produktionsstandard: API 600, API6D und ASME B16.34<br \/>\nAbstand zwischen den Flanschen: API 6D, ASME B16.10, API 608<br \/>\nAnschluss gem\u00e4\u00df Norm: ANSI B16.5, ASME B16.47, ANSI B16.25<br \/>\nTeststandard: API598<br \/>\nMedium: Das Ventil ist f\u00fcr verschiedene Medien geeignet, darunter Wasser, Dampf, \u00d6l, Gas, Benzinprodukte, Salpeters\u00e4ure, Essigs\u00e4ure usw.<br \/>\nArbeitstemperatur: von -46 \u00b0C oder -50 \u00b0C (Edelstahlkonstruktionen) und -29 \u00b0C oder -46 \u00b0C (Kohlenstoffstahlkonstruktionen) bis 600 \u00b0C<\/p>\n<table>\n<tbody>\n<tr>\n<td width=\"200\"><strong><b>Produktname<\/b><\/strong><\/td>\n<td width=\"481\">ASTM A494 CX2MW Kugelhahn, DN100, PN16, Flanschende<\/td>\n<\/tr>\n<tr>\n<td width=\"200\">1. Material<\/td>\n<td width=\"481\">A494 CW12MW<\/td>\n<\/tr>\n<tr>\n<td width=\"200\">2. Gr\u00f6\u00dfe<\/td>\n<td width=\"481\">4&quot;<\/td>\n<\/tr>\n<tr>\n<td width=\"200\">4. Hafen<\/td>\n<td width=\"481\">Vollst\u00e4ndiger Port<\/td>\n<\/tr>\n<tr>\n<td width=\"200\">5. Arbeitsdruck<\/td>\n<td width=\"481\">PN16<\/td>\n<\/tr>\n<tr>\n<td width=\"200\">6. Verbindung endet<\/td>\n<td width=\"481\">RF<\/td>\n<\/tr>\n<tr>\n<td width=\"200\">7. Arbeitstemperatur.<\/td>\n<td width=\"481\">-29~120 \u00b0C,<\/td>\n<\/tr>\n<tr>\n<td width=\"200\">8. Geeignetes Medium<\/td>\n<td width=\"481\">Wasser, Erdgas, \u00d6l und einige \u00e4tzende Fl\u00fcssigkeiten<\/td>\n<\/tr>\n<tr>\n<td width=\"200\">9. Betrieben<\/td>\n<td width=\"481\">Handrad<\/td>\n<\/tr>\n<tr>\n<td width=\"200\">10. Inspektion und Pr\u00fcfung<\/td>\n<td width=\"481\">Gem\u00e4\u00df API 598<\/td>\n<\/tr>\n<tr>\n<td width=\"200\"><strong><b>Sendung<\/b><\/strong><\/td>\n<td width=\"481\"><\/td>\n<\/tr>\n<tr>\n<td width=\"200\">Lieferzeit<\/td>\n<td width=\"481\">30 Tage<\/td>\n<\/tr>\n<tr>\n<td width=\"200\">Paket<\/td>\n<td width=\"481\">Standard-Export-Sperrholzkiste<\/td>\n<\/tr>\n<tr>\n<td width=\"200\">Hafen<\/td>\n<td width=\"481\">Ningbo\/Shanghai, China<\/td>\n<\/tr>\n<tr>\n<td width=\"200\">Versandbedingungen<\/td>\n<td width=\"481\">Exw, FOB, CFR, CIF usw.<\/td>\n<\/tr>\n<tr>\n<td width=\"200\">Zahlungsbedingungen<\/td>\n<td width=\"481\">T\/T, Western Union, PayPal usw.<\/td>\n<\/tr>\n<tr>\n<td width=\"200\"><\/td>\n<td width=\"481\">30% Vorauszahlung, 70% Restbetrag vor dem Versand bezahlt<\/td>\n<\/tr>\n<tr>\n<td width=\"200\">Herkunftsland<\/td>\n<td width=\"481\">Stadt Wenzhou, China<\/td>\n<\/tr>\n<tr>\n<td width=\"200\">Produktionskapazit\u00e4t<\/td>\n<td width=\"481\">6000 Tonnen\/Jahr<\/td>\n<\/tr>\n<tr>\n<td width=\"200\">Mindestbestellmenge<\/td>\n<td width=\"481\">10 St\u00fcck\/Gr\u00f6\u00dfe<\/td>\n<\/tr>\n<\/tbody>\n<\/table>","protected":false},"excerpt":{"rendered":"<p>STV Valve Technology Group Co., Ltd ist ein professioneller Marktf\u00fchrer f\u00fcr ASTM A494 CX2MW-Kugelh\u00e4hne, ASTM A494 CX2MW-Kugelh\u00e4hne in China, PN16 ASTM A494 CX2MW-Kugelh\u00e4hne, DN100 ASTM A494 CX2MW-Kugelh\u00e4hne, VOLLST\u00c4NDIGE ASTM A494 CX2MW-Kugelh\u00e4hne, Flansche Ende ASTM A494 CX2MW Kugelhahn, Hastelloy C22 Flanschkugelhahn.<\/p>","protected":false},"featured_media":6702,"template":"","meta":[],"product_brand":[],"product_cat":[43,53],"product_tag":[1829,1830,1832,1834,1833,1835,1831],"class_list":{"0":"post-6675","1":"product","2":"type-product","3":"status-publish","4":"has-post-thumbnail","6":"product_cat-ball-valve","7":"product_cat-stainless-steel-ball-valve","8":"product_tag-astm-a494-cx2mw-ball-valve","9":"product_tag-astm-a494-cx2mw-ball-valve-supplier-in-china","10":"product_tag-dn100-astm-a494-cx2mw-ball-valve","11":"product_tag-flange-end-astm-a494-cx2mw-ball-valve","12":"product_tag-full-port-astm-a494-cx2mw-ball-valve","13":"product_tag-hastelloy-c22-flange-ball-valve","14":"product_tag-pn16-astm-a494-cx2mw-ball-valve","16":"first","17":"instock","18":"shipping-taxable","19":"product-type-simple"},"_links":{"self":[{"href":"https:\/\/www.stvvalves.com\/de\/wp-json\/wp\/v2\/product\/6675","targetHints":{"allow":["GET"]}}],"collection":[{"href":"https:\/\/www.stvvalves.com\/de\/wp-json\/wp\/v2\/product"}],"about":[{"href":"https:\/\/www.stvvalves.com\/de\/wp-json\/wp\/v2\/types\/product"}],"wp:featuredmedia":[{"embeddable":true,"href":"https:\/\/www.stvvalves.com\/de\/wp-json\/wp\/v2\/media\/6702"}],"wp:attachment":[{"href":"https:\/\/www.stvvalves.com\/de\/wp-json\/wp\/v2\/media?parent=6675"}],"wp:term":[{"taxonomy":"product_brand","embeddable":true,"href":"https:\/\/www.stvvalves.com\/de\/wp-json\/wp\/v2\/product_brand?post=6675"},{"taxonomy":"product_cat","embeddable":true,"href":"https:\/\/www.stvvalves.com\/de\/wp-json\/wp\/v2\/product_cat?post=6675"},{"taxonomy":"product_tag","embeddable":true,"href":"https:\/\/www.stvvalves.com\/de\/wp-json\/wp\/v2\/product_tag?post=6675"}],"curies":[{"name":"wp","href":"https:\/\/api.w.org\/{rel}","templated":true}]}}