{"id":6683,"date":"2023-02-06T08:40:16","date_gmt":"2023-02-06T00:40:16","guid":{"rendered":"https:\/\/www.stvvalves.com\/?post_type=product&#038;p=6683"},"modified":"2025-02-19T19:44:53","modified_gmt":"2025-02-19T11:44:53","slug":"2pc-body-ball-valve-with-iso5211-mounting-pad","status":"publish","type":"product","link":"https:\/\/www.stvvalves.com\/de\/products\/2pc-body-ball-valve-with-iso5211-mounting-pad\/","title":{"rendered":"2-teiliges Kugelventilgeh\u00e4use mit ISO5211-Montagepad"},"content":{"rendered":"<p>Der 2-teilige Kugelhahn mit ISO5211-Montageplatte ist ein nicht wartbarer Kugelhahn mit vollem Durchgang. Gew\u00e4hrleistung eines sicheren Betriebs sowohl f\u00fcr allgemeine als auch f\u00fcr industrielle chemische Anwendungen.<\/p>\n<p>Allzweck-Kugelhahn, der zuverl\u00e4ssig ist. Geh\u00e4use aus Edelstahl und Sitz aus kohlenstoffgef\u00fclltem PTFE.<\/p>\n<p>Verf\u00fcgt \u00fcber einen ausblassicheren Stiel und einen isolierten Griff sowie einen abschlie\u00dfbaren Hebelgriff.<\/p>\n<p>Geh\u00e4use aus Edelstahl CF8M 316<br \/>\nGeschraubtes BSP, NPT<br \/>\nGr\u00f6\u00dfen: 1\/4\u2033 bis 4\u2033<br \/>\nTemperaturbereich: -20 \u00b0C bis +200 \u00b0C<br \/>\nBetriebsdruck: 1000 PSI (1\/4\u2033 bis 2\u2033) und 800 PSI (2 1\/2\u2033 bis 4\u2033)<br \/>\nBewegung: 90\u00b0-Drehung<\/p>\n<table>\n<tbody>\n<tr>\n<td width=\"200\"><strong>Produktname3<\/strong><\/td>\n<td width=\"481\">\u00a02-teiliges Kugelventilgeh\u00e4use mit ISO5211-Montagepad<\/td>\n<\/tr>\n<tr>\n<td width=\"200\">1. Material<\/td>\n<td width=\"481\">CF8M<\/td>\n<\/tr>\n<tr>\n<td width=\"200\">2. Gr\u00f6\u00dfe<\/td>\n<td width=\"481\">2&quot;<\/td>\n<\/tr>\n<tr>\n<td width=\"200\">4. Hafen<\/td>\n<td width=\"481\">Vollst\u00e4ndiger Port<\/td>\n<\/tr>\n<tr>\n<td width=\"200\">5. Arbeitsdruck<\/td>\n<td width=\"481\">1000WOG<\/td>\n<\/tr>\n<tr>\n<td width=\"200\">6. Verbindung endet<\/td>\n<td width=\"481\">NVV<\/td>\n<\/tr>\n<tr>\n<td width=\"200\">7. Arbeitstemperatur.<\/td>\n<td width=\"481\">-29~180 \u00b0C,<\/td>\n<\/tr>\n<tr>\n<td width=\"200\">8. Geeignetes Medium<\/td>\n<td width=\"481\">Wasser, Erdgas, \u00d6l und einige \u00e4tzende Fl\u00fcssigkeiten<\/td>\n<\/tr>\n<tr>\n<td width=\"200\">9. Betrieben<\/td>\n<td width=\"481\">Handrad<\/td>\n<\/tr>\n<tr>\n<td width=\"200\">10. Inspektion und Pr\u00fcfung<\/td>\n<td width=\"481\">Gem\u00e4\u00df API598<\/td>\n<\/tr>\n<tr>\n<td width=\"200\"><strong>Sendung<\/strong><\/td>\n<td width=\"481\"><\/td>\n<\/tr>\n<tr>\n<td width=\"200\">Lieferzeit<\/td>\n<td width=\"481\">30 Tage<\/td>\n<\/tr>\n<tr>\n<td width=\"200\">Paket<\/td>\n<td width=\"481\">Standard-Export-Sperrholzkiste<\/td>\n<\/tr>\n<tr>\n<td width=\"200\">Hafen<\/td>\n<td width=\"481\">Ningbo\/Shanghai, China<\/td>\n<\/tr>\n<tr>\n<td width=\"200\">Versandbedingungen<\/td>\n<td width=\"481\">Exw, FOB, CFR, CIF usw.<\/td>\n<\/tr>\n<tr>\n<td width=\"200\">Zahlungsbedingungen<\/td>\n<td width=\"481\">T\/T, Western Union, PayPal usw.<\/td>\n<\/tr>\n<tr>\n<td width=\"200\"><\/td>\n<td width=\"481\">30% Vorauszahlung, 70% Restbetrag vor dem Versand bezahlt<\/td>\n<\/tr>\n<tr>\n<td width=\"200\">Herkunftsland<\/td>\n<td width=\"481\">Stadt Wenzhou, China<\/td>\n<\/tr>\n<tr>\n<td width=\"200\">Produktionskapazit\u00e4t<\/td>\n<td width=\"481\">6000 Tonnen\/Jahr<\/td>\n<\/tr>\n<tr>\n<td width=\"200\">Mindestbestellmenge<\/td>\n<td width=\"481\">1 St\u00fcck\/Gr\u00f6\u00dfe<\/td>\n<\/tr>\n<\/tbody>\n<\/table>","protected":false},"excerpt":{"rendered":"<p>Modell:Q11F-1000WOG-2\u2033<\/p>\n<p>STV Valve Technology Group Co., Ltd is a professional leader China 2pc ball valve,2pc Body Ball Valve with ISO5211 Mounting Pad\uff0cBall valvestainless steel ball valve,Full Port ball valve,NPT Thread ball Valve,Ball Valve With Mounting Pad,CF8M Ball Valve,1000 Wog Ball Valve Manufacturer with high quality and competitive price.<\/p>\n<p>F\u00fcr weitere Materialien und Details wenden Sie sich bitte an sales@stvvalve.com.<\/p>","protected":false},"featured_media":6684,"template":"","meta":[],"product_brand":[],"product_cat":[43,79],"product_tag":[1803,1800,1797,174,1801,156,1802],"class_list":{"0":"post-6683","1":"product","2":"type-product","3":"status-publish","4":"has-post-thumbnail","6":"product_cat-ball-valve","7":"product_cat-threaded-ball-valve","8":"product_tag-1000-wog-ball-valve-manufacturer","9":"product_tag-ball-valve-with-mounting-pad","10":"product_tag-ball-valvestainless-steel-ball-valve","11":"product_tag-cf8m-ball-valve","12":"product_tag-china-2pc-ball-valve","13":"product_tag-full-port-ball-valve","14":"product_tag-npt-thread-ball-valve","16":"first","17":"instock","18":"shipping-taxable","19":"product-type-simple"},"_links":{"self":[{"href":"https:\/\/www.stvvalves.com\/de\/wp-json\/wp\/v2\/product\/6683","targetHints":{"allow":["GET"]}}],"collection":[{"href":"https:\/\/www.stvvalves.com\/de\/wp-json\/wp\/v2\/product"}],"about":[{"href":"https:\/\/www.stvvalves.com\/de\/wp-json\/wp\/v2\/types\/product"}],"wp:featuredmedia":[{"embeddable":true,"href":"https:\/\/www.stvvalves.com\/de\/wp-json\/wp\/v2\/media\/6684"}],"wp:attachment":[{"href":"https:\/\/www.stvvalves.com\/de\/wp-json\/wp\/v2\/media?parent=6683"}],"wp:term":[{"taxonomy":"product_brand","embeddable":true,"href":"https:\/\/www.stvvalves.com\/de\/wp-json\/wp\/v2\/product_brand?post=6683"},{"taxonomy":"product_cat","embeddable":true,"href":"https:\/\/www.stvvalves.com\/de\/wp-json\/wp\/v2\/product_cat?post=6683"},{"taxonomy":"product_tag","embeddable":true,"href":"https:\/\/www.stvvalves.com\/de\/wp-json\/wp\/v2\/product_tag?post=6683"}],"curies":[{"name":"wp","href":"https:\/\/api.w.org\/{rel}","templated":true}]}}