{"id":6685,"date":"2023-02-06T09:13:58","date_gmt":"2023-02-06T01:13:58","guid":{"rendered":"https:\/\/www.stvvalves.com\/?post_type=product&#038;p=6685"},"modified":"2025-02-17T17:57:05","modified_gmt":"2025-02-17T09:57:05","slug":"316-wafer-segment-ball-valve-pn25-dn50","status":"publish","type":"product","link":"https:\/\/www.stvvalves.com\/de\/products\/316-wafer-segment-ball-valve-pn25-dn50\/","title":{"rendered":"316 Wafer-Segment-Kugelhahn, PN25, DN50"},"content":{"rendered":"<p>Der 316-Wafer-Segmentkugelhahn ist ein Edelstahl-V-Anschluss-Kugelhahn der Serie, der in erster Linie f\u00fcr die Durchflussregelung konzipiert ist und auch f\u00fcr den Absperrbetrieb verwendet werden kann. Die gekerbte \u00d6ffnung an der Segmentkugel tr\u00e4gt zu einer starken Scherbeanspruchung bei, um Medien mit Fasern und Partikeln zu durchschneiden. Folglich ist dieser Kugelsegmenthahn ein gutes allgemeines Regelventil (gleichprozentiger Durchfluss) f\u00fcr die meisten Anwendungen in der Zellstoff- und Papierverarbeitung, oder ein \u00e4hnlicher Durchfluss enth\u00e4lt Fasern und Partikel.<\/p>\n<p><b>Merkmale:<\/b><\/p>\n<p>1. K\u00f6rper:<\/p>\n<p>a) Das integrierte Geh\u00e4usedesign bietet eine h\u00f6here Steifigkeit gegen\u00fcber schwankenden Rohrlasten.<\/p>\n<p>b) Eliminiert den Leckpfad, der mit zweiteiligen Geh\u00e4usekonstruktionen verbunden ist.<\/p>\n<p>c) Es sind sowohl Wafer- als auch Flanschverbindungen verf\u00fcgbar.<\/p>\n<p>&nbsp;<\/p>\n<p>2. Kern:<\/p>\n<p>a) Die speziell entwickelte Kugel mit V-Kerbe sorgt f\u00fcr eine starke Schnittbeanspruchung und eine dichte Abdichtung.<\/p>\n<p>b) F\u00fcr die Kugeloberfl\u00e4chenbehandlung stehen Hartchrom-, Nitrier- und HCOF-Behandlungen zur Verf\u00fcgung, die die H\u00e4rte verbessern.<\/p>\n<p>Abriebfestigkeit, Erm\u00fcdungsbest\u00e4ndigkeit, Korrosionsbest\u00e4ndigkeit und Leistung bei hohen Temperaturen.<\/p>\n<p>c) Die gut geschliffene, gekerbte Kugeloberfl\u00e4che gew\u00e4hrleistet ein geringes Betriebsdrehmoment und eine dichte Abdichtung, insbesondere bei Metallsitzen<\/p>\n<p>Segmentventil.<\/p>\n<p>3. Sitz:<\/p>\n<p>a) Bei Ventilen der Klasse 150 ist der Halter an das Ventilgeh\u00e4use angegossen, um eventuelle L\u00fccken zwischen den Sitzen zu beseitigen<\/p>\n<p>Ring und K\u00f6rper zur R\u00fcckstandsansammlung. Somit ist eine perfekte Abdichtung gew\u00e4hrleistet.<\/p>\n<p>b) Das spezielle Federdesign verringert das Drehmoment des Ventils und sorgt gleichzeitig f\u00fcr eine dichte Abdichtung.<\/p>\n<p>c) Das druckunterst\u00fctzte Sitzdesign bietet eine hervorragende Abdichtung auch bei sehr niedrigen Differenzdr\u00fccken.<\/p>\n<p>4. Stamm:<\/p>\n<p>a) Der Schaft ist fein geschliffen, um hervorragend zum Aktuator zu passen, was eine Wackelbewegung und einen m\u00f6glichen Ausfall verhindert<\/p>\n<p>des Segmentventils.<\/p>\n<p><span id=\"remark\">Produkteinf\u00fchrung<\/span><\/p>\n<table>\n<tbody>\n<tr>\n<td width=\"200\"><strong>Produktname<\/strong><\/td>\n<td width=\"481\">316 Wafer-Segment-Kugelhahn, PN25, DN50<\/td>\n<\/tr>\n<tr>\n<td width=\"200\">1. Material<\/td>\n<td width=\"481\">316<\/td>\n<\/tr>\n<tr>\n<td width=\"200\">2. Gr\u00f6\u00dfe<\/td>\n<td width=\"481\">2&quot;<\/td>\n<\/tr>\n<tr>\n<td width=\"200\">4. Hafen<\/td>\n<td width=\"481\">\u00a0V-Anschluss<\/td>\n<\/tr>\n<tr>\n<td width=\"200\">5. Arbeitsdruck<\/td>\n<td width=\"481\">150 Pfund<\/td>\n<\/tr>\n<tr>\n<td width=\"200\">6. Verbindung endet<\/td>\n<td width=\"481\">RF<\/td>\n<\/tr>\n<tr>\n<td width=\"200\">7. Arbeitstemperatur.<\/td>\n<td width=\"481\">-29~300 \u00b0C,<\/td>\n<\/tr>\n<tr>\n<td width=\"200\">8. Geeignetes Medium<\/td>\n<td width=\"481\">Wasser, Erdgas, \u00d6l und einige \u00e4tzende Fl\u00fcssigkeiten<\/td>\n<\/tr>\n<tr>\n<td width=\"200\">9. Betrieben<\/td>\n<td width=\"481\">\/<\/td>\n<\/tr>\n<tr>\n<td width=\"200\">10. Inspektion und Pr\u00fcfung<\/td>\n<td width=\"481\">Gem\u00e4\u00df API598<\/td>\n<\/tr>\n<tr>\n<td width=\"200\"><strong>Sendung<\/strong><\/td>\n<td width=\"481\"><\/td>\n<\/tr>\n<tr>\n<td width=\"200\">Lieferzeit<\/td>\n<td width=\"481\">30 Tage<\/td>\n<\/tr>\n<tr>\n<td width=\"200\">Paket<\/td>\n<td width=\"481\">Standard-Export-Sperrholzkiste<\/td>\n<\/tr>\n<tr>\n<td width=\"200\">Hafen<\/td>\n<td width=\"481\">Ningbo\/Shanghai, China<\/td>\n<\/tr>\n<tr>\n<td width=\"200\">Versandbedingungen<\/td>\n<td width=\"481\">Exw, FOB, CFR, CIF usw.<\/td>\n<\/tr>\n<tr>\n<td width=\"200\">Zahlungsbedingungen<\/td>\n<td width=\"481\">T\/T, Western Union, PayPal usw.<\/td>\n<\/tr>\n<tr>\n<td width=\"200\"><\/td>\n<td width=\"481\">30% Vorauszahlung, 70% Restbetrag vor dem Versand bezahlt<\/td>\n<\/tr>\n<tr>\n<td width=\"200\">Herkunftsland<\/td>\n<td width=\"481\">Stadt Wenzhou, China<\/td>\n<\/tr>\n<tr>\n<td width=\"200\">Produktionskapazit\u00e4t<\/td>\n<td width=\"481\">6000 Tonnen\/Jahr<\/td>\n<\/tr>\n<tr>\n<td width=\"200\">Mindestbestellmenge<\/td>\n<td width=\"481\">1 St\u00fcck\/Gr\u00f6\u00dfe<\/td>\n<\/tr>\n<\/tbody>\n<\/table>\n<table border=\"1\" align=\"left\">\n<tbody>\n<tr>\n<td>\u00a0 \u00a0 \u00a0Gr\u00f6\u00dfenbereich:<\/td>\n<td>\u00a0 \u00a0 \u00a0 DN 25\u2013250 mm NPS 1\u201310 Zoll (Wafer)<\/p>\n<p>DN 25\u2013500 mm NPS 1\u201320 Zoll (Flansch)<\/td>\n<\/tr>\n<tr>\n<td>\u00a0 \u00a0 \u00a0Dr\u00fccken Sie. Rate:<\/td>\n<td>\u00a0 \u00a0 \u00a0\u00a0PN 10\/16\/25\/40\/63<\/p>\n<p>ANSI 150\/300\/600<\/td>\n<\/tr>\n<tr>\n<td>\u00a0 \u00a0 \u00a0Temp. Reichweite:<\/td>\n<td>\u00a0 \u00a0 \u00a0\u00a0Metallsitz -29\u2026+450\u2103<\/p>\n<p>Elastischer Sitz -29\u2026+150\u2103<\/td>\n<\/tr>\n<tr>\n<td>\u00a0 \u00a0 \u00a0Dichtheit:<\/td>\n<td>\u00a0 \u00a0 \u00a0\u00a0Metallsitz Klasse IV<\/p>\n<p>Belastbarer Sitz der Klasse VI<\/p>\n<p>&nbsp;<\/td>\n<\/tr>\n<tr>\n<td>\u00a0 \u00a0\u00a0\u00a0K\u00f6rpermaterial:<\/td>\n<td>\u00a0 \u00a0 \u00a0 Kohlenstoffstahl, Edelstahl, Speziallegierung<\/td>\n<\/tr>\n<tr>\n<td>\u00a0 \u00a0 \u00a0Kugel-\/Stielmaterial:<\/td>\n<td>\u00a0 \u00a0 \u00a0\u00a0Edelstahl, Speziallegierung<\/td>\n<\/tr>\n<tr>\n<td>\u00a0 \u00a0 \u00a0Sitzmaterial:<\/td>\n<td>\u00a0 \u00a0 \u00a0\u00a0Edelstahl + STL, PCTFE, PEEK (Flansch)<\/p>\n<p>Edelstahl+STL (Wafer)<\/td>\n<\/tr>\n<tr>\n<td>\u00a0 \u00a0 \u00a0Angesicht zu Angesicht:<\/td>\n<td>\u00a0 \u00a0 \u00a0 ISA S75.04, IEC\/DIN 534-3-2 (Flansch)<\/p>\n<p>Werksstandard (Wafer)<\/td>\n<\/tr>\n<tr>\n<td>\u00a0 \u00a0 \u00a0Flanschstandard:<\/td>\n<td>\u00a0 \u00a0 \u00a0 GB\/T 9113.1, JB\/T 79.1, HG 20592,<\/p>\n<p>ASME B 16.34, ISO 7005 (Andere Bohrungen auf Anfrage)<\/td>\n<\/tr>\n<tr>\n<td>\u00a0 \u00a0 \u00a0Bewerbungen:<\/td>\n<td>\u00a0 \u00a0 \u00a0\u00a0Zellstoff und Papier, Wasseraufbereitung, Lebensmittel und Getr\u00e4nke,<\/p>\n<p>Feinchemie, Kraftwerk, Stahlindustrie<\/td>\n<\/tr>\n<\/tbody>\n<\/table>","protected":false},"excerpt":{"rendered":"<p>China 316 Wafer-Segmentkugelhahn, STV-Kugelhahnlieferant bietet 2-Zoll-Segmentkugelhahn, PN25-Segmentkugelhahnlieferant in China, 150LB-Segmentkugelhahn, Wafer-Endsegment-Kugelhahn, Herstellung von Segmentkugelh\u00e4hnen in China.<\/p>","protected":false},"featured_media":6686,"template":"","meta":[],"product_brand":[],"product_cat":[43,56,53],"product_tag":[1807,1804,1809,1806,1805,1808],"class_list":{"0":"post-6685","1":"product","2":"type-product","3":"status-publish","4":"has-post-thumbnail","6":"product_cat-ball-valve","7":"product_cat-trunnion-ball-valve","8":"product_cat-stainless-steel-ball-valve","9":"product_tag-150lb-segment-ball-valve","10":"product_tag-china-316-wafer-segment-ball-valve","11":"product_tag-china-segment-ball-valve-manufacture","12":"product_tag-pn25-segment-ball-valve-supplier-in-china","13":"product_tag-stv-ball-valve-supplier-offers-2-inch-segment-ball-valve","14":"product_tag-wafer-endsegment-ball-valve","16":"first","17":"instock","18":"shipping-taxable","19":"product-type-simple"},"_links":{"self":[{"href":"https:\/\/www.stvvalves.com\/de\/wp-json\/wp\/v2\/product\/6685","targetHints":{"allow":["GET"]}}],"collection":[{"href":"https:\/\/www.stvvalves.com\/de\/wp-json\/wp\/v2\/product"}],"about":[{"href":"https:\/\/www.stvvalves.com\/de\/wp-json\/wp\/v2\/types\/product"}],"wp:featuredmedia":[{"embeddable":true,"href":"https:\/\/www.stvvalves.com\/de\/wp-json\/wp\/v2\/media\/6686"}],"wp:attachment":[{"href":"https:\/\/www.stvvalves.com\/de\/wp-json\/wp\/v2\/media?parent=6685"}],"wp:term":[{"taxonomy":"product_brand","embeddable":true,"href":"https:\/\/www.stvvalves.com\/de\/wp-json\/wp\/v2\/product_brand?post=6685"},{"taxonomy":"product_cat","embeddable":true,"href":"https:\/\/www.stvvalves.com\/de\/wp-json\/wp\/v2\/product_cat?post=6685"},{"taxonomy":"product_tag","embeddable":true,"href":"https:\/\/www.stvvalves.com\/de\/wp-json\/wp\/v2\/product_tag?post=6685"}],"curies":[{"name":"wp","href":"https:\/\/api.w.org\/{rel}","templated":true}]}}