{"id":6696,"date":"2023-03-07T08:23:50","date_gmt":"2023-03-07T00:23:50","guid":{"rendered":"https:\/\/www.stvvalves.com\/?post_type=product&#038;p=6696"},"modified":"2025-02-17T17:54:53","modified_gmt":"2025-02-17T09:54:53","slug":"astm-b148-c95800-gate-valve-2-inch-class-150-api-602-rf","status":"publish","type":"product","link":"https:\/\/www.stvvalves.com\/de\/products\/astm-b148-c95800-gate-valve-2-inch-class-150-api-602-rf\/","title":{"rendered":"ASTM B148 C95800 Absperrschieber, 2 Zoll, Klasse 150, API 602, RF"},"content":{"rendered":"<p>Name: ASTM B148 C95800 Absperrschieber, 2 Zoll, Klasse 150, API 602, RF<br \/>\nDesign: API 602<br \/>\nK\u00f6rper: B148 C95800<br \/>\nNenngr\u00f6\u00dfe: 2 Zoll<br \/>\nNennklasse: 150 LB<br \/>\nEndverbindung: RF-Enden<br \/>\nVon Angesicht zu Angesicht: ASME B16.10<br \/>\nTest und Inspektion: API 598<\/p>\n<p><strong>Technische Parameter und Eigenschaften<\/strong><br \/>\nProdukt: Kleiner Absperrschieber<br \/>\nNenndurchmesser: 1\/4 Zoll \u2013 2 Zoll<br \/>\nDesigntemperatur: -196\u2103 \u2013 573\u2103<br \/>\nAuslegungsdruck: Klasse 150 LB \u2013 Klasse 2500 LB<br \/>\nMaterial: Kohlenstoffstahl, Edelstahl, legierter Stahl, Bronze<br \/>\nDesignstandard: API 602, BS 5352<br \/>\nVon Angesicht zu Angesicht: Herstellungsstandard, ASME B16.10<br \/>\nAnschlussende: NPT, SW, BW, Flansch<br \/>\nTeststandard: API 598, ISO 5208<br \/>\nBedienung: Handrad<br \/>\nAnwendung: Kraftwerk, Erd\u00f6l, Chemieingenieurwesen<\/p>\n<table>\n<tbody>\n<tr>\n<td width=\"200\"><strong><b>Produktname<\/b><\/strong><\/td>\n<td width=\"481\">ASTM B148 C95800 Absperrschieber, 2 Zoll, Klasse 150, API 602, RF<\/td>\n<\/tr>\n<tr>\n<td width=\"200\">1. Material<\/td>\n<td width=\"481\">\u00a0B148 C95800<\/td>\n<\/tr>\n<tr>\n<td width=\"200\">2. Gr\u00f6\u00dfe<\/td>\n<td width=\"481\">2&quot;<\/td>\n<\/tr>\n<tr>\n<td width=\"200\">4. Hafen<\/td>\n<td width=\"481\">Reduzieranschluss<\/td>\n<\/tr>\n<tr>\n<td width=\"200\">5. Arbeitsdruck<\/td>\n<td width=\"481\">150 Pfund<\/td>\n<\/tr>\n<tr>\n<td width=\"200\">6. Verbindung endet<\/td>\n<td width=\"481\">RF-Ende<\/td>\n<\/tr>\n<tr>\n<td width=\"200\">7. Arbeitstemperatur.<\/td>\n<td width=\"481\">-29~425 \u00b0C,<\/td>\n<\/tr>\n<tr>\n<td width=\"200\">8. Geeignetes Medium<\/td>\n<td width=\"481\">Wasser, Erdgas, \u00d6l und einige \u00e4tzende Fl\u00fcssigkeiten<\/td>\n<\/tr>\n<tr>\n<td width=\"200\">9. Betrieben<\/td>\n<td width=\"481\">Handrad<\/td>\n<\/tr>\n<tr>\n<td width=\"200\">10. Inspektion und Pr\u00fcfung<\/td>\n<td width=\"481\">Gem\u00e4\u00df API 598<\/td>\n<\/tr>\n<tr>\n<td width=\"200\"><strong><b>Sendung<\/b><\/strong><\/td>\n<td width=\"481\"><\/td>\n<\/tr>\n<tr>\n<td width=\"200\">Lieferzeit<\/td>\n<td width=\"481\">30 Tage<\/td>\n<\/tr>\n<tr>\n<td width=\"200\">Paket<\/td>\n<td width=\"481\">Standard-Export-Sperrholzkiste<\/td>\n<\/tr>\n<tr>\n<td width=\"200\">Hafen<\/td>\n<td width=\"481\">Ningbo\/Shanghai, China<\/td>\n<\/tr>\n<tr>\n<td width=\"200\">Versandbedingungen<\/td>\n<td width=\"481\">Exw, FOB, CFR, CIF usw.<\/td>\n<\/tr>\n<tr>\n<td width=\"200\">Zahlungsbedingungen<\/td>\n<td width=\"481\">T\/T, Western Union, PayPal usw.<\/td>\n<\/tr>\n<tr>\n<td width=\"200\"><\/td>\n<td width=\"481\">30% Vorauszahlung, 70% Restbetrag vor dem Versand bezahlt<\/td>\n<\/tr>\n<tr>\n<td width=\"200\">Herkunftsland<\/td>\n<td width=\"481\">Stadt Wenzhou, China<\/td>\n<\/tr>\n<tr>\n<td width=\"200\">Produktionskapazit\u00e4t<\/td>\n<td width=\"481\">6000 Tonnen\/Jahr<\/td>\n<\/tr>\n<tr>\n<td width=\"200\">Mindestbestellmenge<\/td>\n<td width=\"481\">10 St\u00fcck\/Gr\u00f6\u00dfe<\/td>\n<\/tr>\n<\/tbody>\n<\/table>","protected":false},"excerpt":{"rendered":"<p>STV Valve Technology Group Co., Ltd ist ein professioneller Marktf\u00fchrer f\u00fcr China ASTM B148 C95800 Absperrschieber, geschmiedete Absperrschieber, kleine Absperrschieber, 2-Zoll-Absperrschieber, ASTM B62 Absperrschieber, API 602 Absperrschieber, Klasse 150 LB Absperrschieber, Bolzen Hersteller von Motorhaubenschiebern mit hoher Qualit\u00e4t und wettbewerbsf\u00e4higem Preis.<\/p>","protected":false},"featured_media":6697,"template":"","meta":[],"product_brand":[],"product_cat":[44,59],"product_tag":[1602,223,1814,1586,1812,1585,1813,1565],"class_list":{"0":"post-6696","1":"product","2":"type-product","3":"status-publish","4":"has-post-thumbnail","6":"product_cat-gate-valve","7":"product_cat-forged-steel-gate-valve","8":"product_tag-2-inch-gate-valve","9":"product_tag-api-602-gate-valve","10":"product_tag-astm-b62-gate-valve","11":"product_tag-bolt-bonnet-gate-valve-manufacturer","12":"product_tag-china-astm-b148-c95800-gate-valve","13":"product_tag-class-150-lb-gate-valve","14":"product_tag-forged-gate-valve","15":"product_tag-small-size-gate-valve","17":"first","18":"instock","19":"shipping-taxable","20":"product-type-simple"},"_links":{"self":[{"href":"https:\/\/www.stvvalves.com\/de\/wp-json\/wp\/v2\/product\/6696","targetHints":{"allow":["GET"]}}],"collection":[{"href":"https:\/\/www.stvvalves.com\/de\/wp-json\/wp\/v2\/product"}],"about":[{"href":"https:\/\/www.stvvalves.com\/de\/wp-json\/wp\/v2\/types\/product"}],"wp:featuredmedia":[{"embeddable":true,"href":"https:\/\/www.stvvalves.com\/de\/wp-json\/wp\/v2\/media\/6697"}],"wp:attachment":[{"href":"https:\/\/www.stvvalves.com\/de\/wp-json\/wp\/v2\/media?parent=6696"}],"wp:term":[{"taxonomy":"product_brand","embeddable":true,"href":"https:\/\/www.stvvalves.com\/de\/wp-json\/wp\/v2\/product_brand?post=6696"},{"taxonomy":"product_cat","embeddable":true,"href":"https:\/\/www.stvvalves.com\/de\/wp-json\/wp\/v2\/product_cat?post=6696"},{"taxonomy":"product_tag","embeddable":true,"href":"https:\/\/www.stvvalves.com\/de\/wp-json\/wp\/v2\/product_tag?post=6696"}],"curies":[{"name":"wp","href":"https:\/\/api.w.org\/{rel}","templated":true}]}}