{"id":6735,"date":"2024-12-06T21:16:23","date_gmt":"2024-12-06T13:16:23","guid":{"rendered":"https:\/\/www.stvvalves.com\/?post_type=product&#038;p=6735"},"modified":"2025-02-18T14:01:44","modified_gmt":"2025-02-18T06:01:44","slug":"3pc-high-pressure-ball-valve-2500lb-f304-3-inch-peek-seat-rf-end","status":"publish","type":"product","link":"https:\/\/www.stvvalves.com\/de\/products\/3pc-high-pressure-ball-valve-2500lb-f304-3-inch-peek-seat-rf-end\/","title":{"rendered":"3PC high Pressure Ball Valve,2500LB,F304,3 Inch,PEEK Seat,RF End"},"content":{"rendered":"<p>1. Size: 1\/2~24\u201d (DN15~DN600)<\/p>\n<p>2. Nennleistung: 150~2500LB (PN16~PN420)<\/p>\n<p>3. Geh\u00e4usematerial: A105, F304, F316;LF2;304L;316L;F347;F321<\/p>\n<p>4. Sitz: PTFE, RPTFE<\/p>\n<p>5. F\u00fcr Bohrung und Bohrung reduzieren.<\/p>\n<p>6. Ausblassicherer Schaft<\/p>\n<p>7. ISO5211-Montagepad<\/p>\n<p>8. Wasserwaage, Schneckengetriebe, Stellantrieb<\/p>\n<p>Design confirms: BS 5352 or API 6D<\/p>\n<p>Muffenschwei\u00dfenden:ANSI B16.11;<\/p>\n<p>Schraubenenden:ANSI B 1.20.1;<\/p>\n<p>Stumpfgeschwei\u00dfte Enden:ANSI B16.25;<\/p>\n<p>Flanschenden:ANSI B 16.5;<\/p>\n<p>Test und Inspektion best\u00e4tigen: API598;<\/p>\n<table>\n<tbody>\n<tr>\n<td width=\"200\"><strong>Produktname<\/strong><\/td>\n<td width=\"481\">3PC high Pressure Ball Valve,2500LB,F304,3 Inch,PEEK Seat,RF End<\/td>\n<\/tr>\n<tr>\n<td width=\"200\">1. Material<\/td>\n<td width=\"481\">F304<\/td>\n<\/tr>\n<tr>\n<td width=\"200\">2. Gr\u00f6\u00dfe<\/td>\n<td width=\"481\">3&quot;<\/td>\n<\/tr>\n<tr>\n<td width=\"200\">4. Hafen<\/td>\n<td width=\"481\">Vollst\u00e4ndiger Port<\/td>\n<\/tr>\n<tr>\n<td width=\"200\">5. Arbeitsdruck<\/td>\n<td width=\"481\">2500 Pfund<\/td>\n<\/tr>\n<tr>\n<td width=\"200\">6. Verbindung endet<\/td>\n<td width=\"481\">RF<\/td>\n<\/tr>\n<tr>\n<td width=\"200\">7. Arbeitstemperatur.<\/td>\n<td width=\"481\">-29~120 \u00b0C,<\/td>\n<\/tr>\n<tr>\n<td width=\"200\">8. Geeignetes Medium<\/td>\n<td width=\"481\">Wasser, Erdgas, \u00d6l und einige \u00e4tzende Fl\u00fcssigkeiten<\/td>\n<\/tr>\n<tr>\n<td width=\"200\">9. Betrieben<\/td>\n<td width=\"481\">HANDRAD<\/td>\n<\/tr>\n<tr>\n<td width=\"200\">10. Inspektion und Pr\u00fcfung<\/td>\n<td width=\"481\">Gem\u00e4\u00df API 598<\/td>\n<\/tr>\n<tr>\n<td width=\"200\"><strong>Sendung<\/strong><\/td>\n<td width=\"481\"><\/td>\n<\/tr>\n<tr>\n<td width=\"200\">Lieferzeit<\/td>\n<td width=\"481\">30 Tage<\/td>\n<\/tr>\n<tr>\n<td width=\"200\">Paket<\/td>\n<td width=\"481\">Standard-Export-Sperrholzkiste<\/td>\n<\/tr>\n<tr>\n<td width=\"200\">Hafen<\/td>\n<td width=\"481\">Ningbo\/Shanghai, China<\/td>\n<\/tr>\n<tr>\n<td width=\"200\">Versandbedingungen<\/td>\n<td width=\"481\">Exw, FOB, CFR, CIF usw.<\/td>\n<\/tr>\n<tr>\n<td width=\"200\">Zahlungsbedingungen<\/td>\n<td width=\"481\">T\/T, Western Union, PayPal usw.<\/td>\n<\/tr>\n<tr>\n<td width=\"200\"><\/td>\n<td width=\"481\">30% Vorauszahlung, 70% Restbetrag vor dem Versand bezahlt<\/td>\n<\/tr>\n<tr>\n<td width=\"200\">Herkunftsland<\/td>\n<td width=\"481\">Stadt Wenzhou, China<\/td>\n<\/tr>\n<tr>\n<td width=\"200\">Produktionskapazit\u00e4t<\/td>\n<td width=\"481\">6000 Tonnen\/Jahr<\/td>\n<\/tr>\n<tr>\n<td width=\"200\">Mindestbestellmenge<\/td>\n<td width=\"481\">1 St\u00fcck\/Gr\u00f6\u00dfe<\/td>\n<\/tr>\n<\/tbody>\n<\/table>","protected":false},"excerpt":{"rendered":"<p>STV Valve Technology Group Co., Ltd is China 3PC high Pressure Ball Valve, F304 3PC high Pressure Ball Valve,Full Port 3PC high Pressure Ball Valve,2500LB 3PC high Pressure Ball Valve,3 Inch 3PC high Pressure Ball Valve manufacturer with high quality and low price<\/p>","protected":false},"featured_media":7626,"template":"","meta":[],"product_brand":[],"product_cat":[43,56,55],"product_tag":[3011,3012,3008,3009,3010],"class_list":{"0":"post-6735","1":"product","2":"type-product","3":"status-publish","4":"has-post-thumbnail","6":"product_cat-ball-valve","7":"product_cat-trunnion-ball-valve","8":"product_cat-forged-steel-ball-valve","9":"product_tag-2500lb-3pc-high-pressure-ball-valve","10":"product_tag-3-inch-3pc-high-pressure-ball-valve-manufacturer","11":"product_tag-3pc-high-pressure-ball-valve","12":"product_tag-f304-3pc-high-pressure-ball-valve","13":"product_tag-full-port-3pc-high-pressure-ball-valve","15":"first","16":"instock","17":"shipping-taxable","18":"product-type-simple"},"_links":{"self":[{"href":"https:\/\/www.stvvalves.com\/de\/wp-json\/wp\/v2\/product\/6735","targetHints":{"allow":["GET"]}}],"collection":[{"href":"https:\/\/www.stvvalves.com\/de\/wp-json\/wp\/v2\/product"}],"about":[{"href":"https:\/\/www.stvvalves.com\/de\/wp-json\/wp\/v2\/types\/product"}],"wp:featuredmedia":[{"embeddable":true,"href":"https:\/\/www.stvvalves.com\/de\/wp-json\/wp\/v2\/media\/7626"}],"wp:attachment":[{"href":"https:\/\/www.stvvalves.com\/de\/wp-json\/wp\/v2\/media?parent=6735"}],"wp:term":[{"taxonomy":"product_brand","embeddable":true,"href":"https:\/\/www.stvvalves.com\/de\/wp-json\/wp\/v2\/product_brand?post=6735"},{"taxonomy":"product_cat","embeddable":true,"href":"https:\/\/www.stvvalves.com\/de\/wp-json\/wp\/v2\/product_cat?post=6735"},{"taxonomy":"product_tag","embeddable":true,"href":"https:\/\/www.stvvalves.com\/de\/wp-json\/wp\/v2\/product_tag?post=6735"}],"curies":[{"name":"wp","href":"https:\/\/api.w.org\/{rel}","templated":true}]}}