{"id":6756,"date":"2023-05-19T13:07:47","date_gmt":"2023-05-19T05:07:47","guid":{"rendered":"https:\/\/www.stvvalves.com\/?post_type=product&#038;p=6756"},"modified":"2025-02-17T17:56:58","modified_gmt":"2025-02-17T09:56:58","slug":"thin-wafer-check-valve-astm-b148-c95800-14-in-cl150-api-594","status":"publish","type":"product","link":"https:\/\/www.stvvalves.com\/de\/products\/thin-wafer-check-valve-astm-b148-c95800-14-in-cl150-api-594\/","title":{"rendered":"D\u00fcnnwafer-R\u00fcckschlagventil, ASTM B148 C95800, 14 IN CL150, API 594"},"content":{"rendered":"<p>Design und Herstellung: API594, API 6D<br \/>\nVon Angesicht zu Angesicht und von Ende zu Ende: API594, API6D, DIN3202<br \/>\nDruck-Temperatur-Bewertung: ASME B16.34, DIN2410<br \/>\nInspektion und Test: API598<br \/>\nRohrflansch: ASME B16.5,DIN2543~2548,GB\/T13402,API605,ASME B16.47.<\/p>\n<p>Produktauswahl<\/p>\n<p>Geh\u00e4usematerial: Kohlenstoffstahl, Edelstahl, legierter Stahl, Bronze<\/p>\n<p>Nenndurchmesser: 1\/2\u2033~48\u2033(DN15~DN1200)<\/p>\n<p>Endverbindung: Wafer<\/p>\n<p>Druckbereich: Klasse 150\u2013900 (PN16\u2013PN150).<\/p>\n<p>Arbeitstemperatur: -196\u2103~+560\u2103<\/p>\n<table>\n<tbody>\n<tr>\n<td width=\"200\"><strong>Produktname<\/strong><\/td>\n<td width=\"481\">D\u00fcnnwafer-R\u00fcckschlagventil, ASTM B148 C95800, 14 IN CL150, API 594<\/td>\n<\/tr>\n<tr>\n<td width=\"200\">1. Material<\/td>\n<td width=\"481\">C95800<\/td>\n<\/tr>\n<tr>\n<td width=\"200\">2. Gr\u00f6\u00dfe<\/td>\n<td width=\"481\">14 Zoll<\/td>\n<\/tr>\n<tr>\n<td width=\"200\">4. Hafen<\/td>\n<td width=\"481\">Reduzieranschluss<\/td>\n<\/tr>\n<tr>\n<td width=\"200\">5. Arbeitsdruck<\/td>\n<td width=\"481\">150 Pfund<\/td>\n<\/tr>\n<tr>\n<td width=\"200\">6. Verbindung endet<\/td>\n<td width=\"481\">Wafer<\/td>\n<\/tr>\n<tr>\n<td width=\"200\">7. Arbeitstemperatur.<\/td>\n<td width=\"481\">-29~200 \u00b0C,<\/td>\n<\/tr>\n<tr>\n<td width=\"200\">8. Geeignetes Medium<\/td>\n<td width=\"481\">Wasser, Erdgas, \u00d6l und einige \u00e4tzende Fl\u00fcssigkeiten<\/td>\n<\/tr>\n<tr>\n<td width=\"200\">9. Betrieben<\/td>\n<td width=\"481\">\/<\/td>\n<\/tr>\n<tr>\n<td width=\"200\">10. Inspektion und Pr\u00fcfung<\/td>\n<td width=\"481\">Gem\u00e4\u00df API594<\/td>\n<\/tr>\n<tr>\n<td width=\"200\"><strong>Sendung<\/strong><\/td>\n<td width=\"481\"><\/td>\n<\/tr>\n<tr>\n<td width=\"200\">Lieferzeit<\/td>\n<td width=\"481\">30 Tage<\/td>\n<\/tr>\n<tr>\n<td width=\"200\">Paket<\/td>\n<td width=\"481\">Standard-Export-Sperrholzkiste<\/td>\n<\/tr>\n<tr>\n<td width=\"200\">Hafen<\/td>\n<td width=\"481\">Ningbo\/Shanghai, China<\/td>\n<\/tr>\n<tr>\n<td width=\"200\">Versandbedingungen<\/td>\n<td width=\"481\">Exw, FOB, CFR, CIF usw.<\/td>\n<\/tr>\n<tr>\n<td width=\"200\">Zahlungsbedingungen<\/td>\n<td width=\"481\">T\/T, Western Union, PayPal usw.<\/td>\n<\/tr>\n<tr>\n<td width=\"200\"><\/td>\n<td width=\"481\">30% Vorauszahlung, 70% Restbetrag vor dem Versand bezahlt<\/td>\n<\/tr>\n<tr>\n<td width=\"200\">Herkunftsland<\/td>\n<td width=\"481\">Stadt Wenzhou, China<\/td>\n<\/tr>\n<tr>\n<td width=\"200\">Produktionskapazit\u00e4t<\/td>\n<td width=\"481\">6000 Tonnen\/Jahr<\/td>\n<\/tr>\n<tr>\n<td width=\"200\">Mindestbestellmenge<\/td>\n<td width=\"481\">1 St\u00fcck\/Gr\u00f6\u00dfe<\/td>\n<\/tr>\n<\/tbody>\n<\/table>","protected":false},"excerpt":{"rendered":"<p>Unser d\u00fcnnes R\u00fcckschlagventil C9500 150LB ist ein ultrad\u00fcnnes R\u00fcckschlagventil, das die Vorteile einer einfachen Struktur, eines sch\u00f6nen Aussehens, eines geringen Gewichts und einer bequemen Installation bietet. D\u00fcnne R\u00fcckschlagventile eignen sich haupts\u00e4chlich f\u00fcr Wasserversorgungssysteme, Erd\u00f6l-, Chemie-, Metallurgie- und andere Industriebereiche, in denen der Installationsraum begrenzt ist.<\/p>\n<p>STV Valve Technology Group Co., Ltd ist ein professioneller Marktf\u00fchrer in China: Einzelr\u00fcckschlagventile, Einzelscheiben-R\u00fcckschlagventile, Einzelr\u00fcckschlagventile aus geschmiedetem Stahl, Wafer-R\u00fcckschlagventile, 150LB Einzelr\u00fcckschlagventile, Edelstahl-R\u00fcckschlagventile. Hersteller von Doppelr\u00fcckschlagventilen mit hoher Qualit\u00e4t und wettbewerbsf\u00e4higem Preis.<\/p>\n<p>F\u00fcr weitere Materialien und Details wenden Sie sich bitte an sales@stvvalve.com.<\/p>","protected":false},"featured_media":6757,"template":"","meta":[],"product_brand":[],"product_cat":[46,84],"product_tag":[1859,1858,1650,1654,1856,1574,1857],"class_list":{"0":"post-6756","1":"product","2":"type-product","3":"status-publish","4":"has-post-thumbnail","6":"product_cat-check-valves","7":"product_cat-wafer-check-valve","8":"product_tag-14inch-check-valve","9":"product_tag-ame-b16-5-check-valve","10":"product_tag-api-594-check-valve","11":"product_tag-asme-b16-10-check-valve","12":"product_tag-astm-b148-c95800-check-valve","13":"product_tag-class-150-lb-check-valve","14":"product_tag-wfer-check-valve","16":"first","17":"instock","18":"shipping-taxable","19":"product-type-simple"},"_links":{"self":[{"href":"https:\/\/www.stvvalves.com\/de\/wp-json\/wp\/v2\/product\/6756","targetHints":{"allow":["GET"]}}],"collection":[{"href":"https:\/\/www.stvvalves.com\/de\/wp-json\/wp\/v2\/product"}],"about":[{"href":"https:\/\/www.stvvalves.com\/de\/wp-json\/wp\/v2\/types\/product"}],"wp:featuredmedia":[{"embeddable":true,"href":"https:\/\/www.stvvalves.com\/de\/wp-json\/wp\/v2\/media\/6757"}],"wp:attachment":[{"href":"https:\/\/www.stvvalves.com\/de\/wp-json\/wp\/v2\/media?parent=6756"}],"wp:term":[{"taxonomy":"product_brand","embeddable":true,"href":"https:\/\/www.stvvalves.com\/de\/wp-json\/wp\/v2\/product_brand?post=6756"},{"taxonomy":"product_cat","embeddable":true,"href":"https:\/\/www.stvvalves.com\/de\/wp-json\/wp\/v2\/product_cat?post=6756"},{"taxonomy":"product_tag","embeddable":true,"href":"https:\/\/www.stvvalves.com\/de\/wp-json\/wp\/v2\/product_tag?post=6756"}],"curies":[{"name":"wp","href":"https:\/\/api.w.org\/{rel}","templated":true}]}}