{"id":6834,"date":"2023-07-10T13:27:34","date_gmt":"2023-07-10T05:27:34","guid":{"rendered":"https:\/\/www.stvvalves.com\/?post_type=product&#038;p=6834"},"modified":"2024-12-24T19:28:19","modified_gmt":"2024-12-24T11:28:19","slug":"di-flange-type-butterfly-valve-pn16-dn150-worm-gear","status":"publish","type":"product","link":"https:\/\/www.stvvalves.com\/de\/products\/di-flange-type-butterfly-valve-pn16-dn150-worm-gear\/","title":{"rendered":"DI-Flansch-Absperrklappe, PN16, DN150, Schneckengetriebe"},"content":{"rendered":"<p>Gr\u00f6\u00dfenbereich: DN40-DN3200<\/p>\n<p>Druck: 10K\/150LB\/PN10\/PN16<\/p>\n<p>Geh\u00e4usematerialien: Gusseisen, Sph\u00e4roguss, WCB, SS304, SS316, SS304L, SS316L, Bronze, Aluminiumlegierung<\/p>\n<p>Sitzmaterialien: EPDM, NBR, PTFE, VITON, Gummi<\/p>\n<p>Scheibenmaterialien: Sph\u00e4roguss, WCB, SS304, SS316, SS304L, SS316L, Bronze, Aluminiumlegierung<\/p>\n<p>Schaft-\/Schaftmaterialien: 45#, 410, 420, 431, 304, 304L, 316, 316L, Bronze, Monel, Hartlegierung<\/p>\n<p>Stift: Edelstahl<\/p>\n<p>Buchse: PTFE, Bronze<\/p>\n<p>O-Ring: EPDM\/NBR\/\/Viton<\/p>\n<p><strong>Design-Merkmale:<\/strong><\/p>\n<p>&nbsp;<\/p>\n<p>1. Neuartige Designstruktur, geringe Gesamtgr\u00f6\u00dfe und geringes Gewicht.<\/p>\n<p>2. Normalerweise ist das Drehmoment gering, das \u00d6ffnen und Schlie\u00dfen erfolgt schnell und die Bedienung ist leicht und arbeitssparend.<\/p>\n<p>3. Die Drosselklappe und der Dichtungsring sind eng miteinander verbunden, wodurch keine Leckage erreicht werden kann.<\/p>\n<p>4. Der Anschluss einer Flansch-Absperrklappe erfordert k\u00fcrzere Schrauben als eine Zwischenflansch-Absperrklappe, was bei der Anwendung von Rohrleitungen mit gro\u00dfem Durchmesser zuverl\u00e4ssiger ist. Im Allgemeinen wird f\u00fcr Arbeitsbedingungen mit gro\u00dfem Durchmesser eine Flansch-Absperrklappe oder eine U-f\u00f6rmige Absperrklappe empfohlen.<\/p>\n<p>Anwendungsbereich:<\/p>\n<p>Betriebstemperatur:<\/p>\n<p>NBR: 0\u2103~+90\u2103<\/p>\n<p>EPDM: \u2013 20\u2103~+120\u2103<\/p>\n<p>PTFE: -10\u2103~+150\u2103<\/p>\n<p>Arbeiten:<\/p>\n<p>DN32-DN250: Hebel<\/p>\n<p>DN300-3200: Schneckengetriebe<\/p>\n<p>Optionale Bedienung: Hebel, Schneckengetriebe, pneumatisch, elektromotorisch<\/p>\n<p>Anwendung: Chemische Verarbeitung, Entsalzungsanlagen, Trinkwasser, Trockenpulver, Lebensmittel und Getr\u00e4nke, Gasanlagen, HAVC-Bergbauindustrie, Papierindustrie, Sandverarbeitung, Meerwasser, Zuckerindustrie, thermotechnische Wasseraufbereitung, Abwasser, K\u00fchlwasserzirkulation, Druckluft<\/p>\n<p>&nbsp;<\/p>\n<p>Technische Spezifikation:<br \/>\nDesignstandard:<\/p>\n<p>EN 593, MSS SP67, API 609, BS5155<\/p>\n<p>Face-to-Face-Abmessung:<\/p>\n<p>ISO 5752, EN 558, MSS SP67, API 609, DIN3202<\/p>\n<p>Endstandard:<\/p>\n<p>ANSI B16.1 Klasse 125LB und B16.5 Klasse 150LB<\/p>\n<p>AS 2129 Tabelle D und E BS 10 Tabelle D und E<\/p>\n<p>DIN 2501 PN6, PN10 und PN16<\/p>\n<p>EN 1092 PN6, PN10 und PN16<\/p>\n<p>ISO 2531 PN6, PN10 und PN16<\/p>\n<p>ISO 7005 PN6, PN10 und PN16<\/p>\n<p>KS B 1511 \/ JIS B 2210 5K &amp; 10K<\/p>\n<p>MSS SP44 CL. 150LB AWWA C207<\/p>\n<p>SABS 1123 Tisch 1000\/3 und Tisch 1600\/3<\/p>\n<p>Oberer Flansch: ISO5211<\/p>\n<p>Pr\u00fcfstandard: API 598, ISO 5208, EN 12266<\/p>","protected":false},"excerpt":{"rendered":"<p>STV Valve Technology Group Co., Ltd is a professional leader China Butterfly Valve for seawater,DI Flange type Butterfly valve\uff0cflange ductile iron butterfly valve,Epdm Seat Butterfly Valve,DI Disc Butterfly Valve,6 Inch Butterfly Valve Manufacture with high quality and competitive price.<\/p>","protected":false},"featured_media":6835,"template":"","meta":[],"product_brand":[],"product_cat":[965,972],"product_tag":[1912,1915,1913,1914],"class_list":{"0":"post-6834","1":"product","2":"type-product","3":"status-publish","4":"has-post-thumbnail","6":"product_cat-butterfly-valve","7":"product_cat-flange-butterfly-valve","8":"product_tag-di-flange-type-butterfly-valve","9":"product_tag-dn150-di-flange-type-butterfly-valve","10":"product_tag-pn16-di-flange-type-butterfly-valve","11":"product_tag-worm-gear-di-flange-type-butterfly-valve","13":"first","14":"instock","15":"shipping-taxable","16":"product-type-simple"},"_links":{"self":[{"href":"https:\/\/www.stvvalves.com\/de\/wp-json\/wp\/v2\/product\/6834","targetHints":{"allow":["GET"]}}],"collection":[{"href":"https:\/\/www.stvvalves.com\/de\/wp-json\/wp\/v2\/product"}],"about":[{"href":"https:\/\/www.stvvalves.com\/de\/wp-json\/wp\/v2\/types\/product"}],"wp:featuredmedia":[{"embeddable":true,"href":"https:\/\/www.stvvalves.com\/de\/wp-json\/wp\/v2\/media\/6835"}],"wp:attachment":[{"href":"https:\/\/www.stvvalves.com\/de\/wp-json\/wp\/v2\/media?parent=6834"}],"wp:term":[{"taxonomy":"product_brand","embeddable":true,"href":"https:\/\/www.stvvalves.com\/de\/wp-json\/wp\/v2\/product_brand?post=6834"},{"taxonomy":"product_cat","embeddable":true,"href":"https:\/\/www.stvvalves.com\/de\/wp-json\/wp\/v2\/product_cat?post=6834"},{"taxonomy":"product_tag","embeddable":true,"href":"https:\/\/www.stvvalves.com\/de\/wp-json\/wp\/v2\/product_tag?post=6834"}],"curies":[{"name":"wp","href":"https:\/\/api.w.org\/{rel}","templated":true}]}}