{"id":6844,"date":"2023-07-24T13:52:41","date_gmt":"2023-07-24T05:52:41","guid":{"rendered":"https:\/\/www.stvvalves.com\/?post_type=product&#038;p=6844"},"modified":"2023-07-24T13:52:43","modified_gmt":"2023-07-24T05:52:43","slug":"concentric-reducer-forged-fitting-swage-nipple","status":"publish","type":"product","link":"https:\/\/www.stvvalves.com\/de\/products\/concentric-reducer-forged-fitting-swage-nipple\/","title":{"rendered":"Konzentrischer Reduziernippel mit geschmiedetem Fitting"},"content":{"rendered":"<table>\n<tbody>\n<tr>\n<td>Produktname<\/td>\n<td>\u00a0 Pressnippel<\/td>\n<\/tr>\n<tr>\n<td>Gr\u00f6\u00dfe<\/td>\n<td>1\/4&#8243;-12&#8243;<\/td>\n<\/tr>\n<tr>\n<td>Standard<\/td>\n<td>MSS SP 95<\/td>\n<\/tr>\n<tr>\n<td>Wandst\u00e4rke<\/td>\n<td>STD\/SCH40, SCH80\/XS, SCH160, XXS, kundenspezifisch usw.<\/td>\n<\/tr>\n<tr>\n<td>Ende<\/td>\n<td>Glattes Ende oder Gewindeende (NPT\/BSP), TOE, TBE, POE, BBE, PBE, PE, BE, BLE, BSE, PLE, PSE, TLE, TSE<\/td>\n<\/tr>\n<tr>\n<td>\u00a0 \u00a0 Typ<\/td>\n<td>\u00a0 \u00a0 konzentrisch, exzentrisch<\/td>\n<\/tr>\n<tr>\n<td>Verfahren<\/td>\n<td>\u00a0 \u00a0 nahtlos, geschmiedet<\/td>\n<\/tr>\n<tr>\n<td>Oberfl\u00e4che<\/td>\n<td>\u00a0Fein bearbeitetes, rostfreies \u00d6l<\/td>\n<\/tr>\n<tr>\n<td rowspan=\"6\">Material<\/td>\n<td>\u00a0 \u00a0 \u00a0<strong>Kohlenstoffstahl:\u00a0<\/strong>A105, A350 LF2 usw.<\/td>\n<\/tr>\n<tr>\n<td>\u00a0 \u00a0 \u00a0<strong>Rohrleitungsstahl:<\/strong>\u00a0ASTM 694 f42, f52, f60, f65, f70 usw.<\/td>\n<\/tr>\n<tr>\n<td>\u00a0 \u00a0 \u00a0<strong>Edelstahl:<\/strong>\u00a0A182F304\/304L, A182 F316\/316L, A182F321, A182F310S, A182F347H, A182F316Ti, 317\/317L, 904L, 1.4301, 1.4307, 1.4401, 1.4571, 1.4541, 254Mo usw.<\/td>\n<\/tr>\n<tr>\n<td><strong>\u00a0 \u00a0 \u00a0Duplex-Edelstahl:<\/strong>\u00a0ASTM A182 F51, F53, F55, UNS31803, SAF2205, UNS32205, UNS32750, UNS32760, 1.4462,1.4410, 1.4501 usw.<\/td>\n<\/tr>\n<tr>\n<td><strong>\u00a0 \u00a0 \u00a0Nickel-Legierung:<\/strong>\u00a0Inconel600, Inconel625, Inconel690, Incoloy800, Incoloy 825, Incoloy 800H, C22, C-276, Monel400, Alloy20 usw.<\/td>\n<\/tr>\n<tr>\n<td>\u00a0 \u00a0 \u00a0 \u00a0<strong>Cr-Mo-legierter Stahl:\u00a0<\/strong>A182 f11,f22,f5,f9,f91, 10CrMo9-10, 16Mo3 usw.<\/td>\n<\/tr>\n<tr>\n<td>Anwendung<\/td>\n<td>Petrochemische Industrie; Luft- und Raumfahrtindustrie; pharmazeutische Industrie, Gasabgase; Kraftwerk; Schiffbau; Wasseraufbereitung usw.<\/td>\n<\/tr>\n<tr>\n<td>Vorteile<\/td>\n<td>fertiger Lagerbestand, schnellere Lieferzeit, in allen Gr\u00f6\u00dfen erh\u00e4ltlich, kundenspezifisch, hohe Qualit\u00e4t<\/td>\n<\/tr>\n<\/tbody>\n<\/table>","protected":false},"excerpt":{"rendered":"<p>STV Valve Technology Group Co., Ltd ist ein professioneller Hersteller von geschmiedeten Pressnippeln mit konzentrischen Reduzierst\u00fccken in China, Hochdruck-Pressnippeln mit Innengewinde, NPT-Pressnippeln, Pressnippeln aus Edelstahl F304 und PE-End-Pressnippeln mit hoher Qualit\u00e4t und wettbewerbsf\u00e4higen Preisen.<\/p>","protected":false},"featured_media":6845,"template":"","meta":[],"product_brand":[],"product_cat":[966,967],"product_tag":[1920,1921,1922,1924,1923],"class_list":{"0":"post-6844","1":"product","2":"type-product","3":"status-publish","4":"has-post-thumbnail","6":"product_cat-pipe-fitting","7":"product_cat-high-pressure-3000lb6000lb-pipe-fitting","8":"product_tag-china-concentric-reducer-forged-fitting-swage-nipple","9":"product_tag-high-pressure-female-swage-nipple","10":"product_tag-npt-swage-nipple","11":"product_tag-pe-endswage-nipple-manufacturer","12":"product_tag-stainless-steel-f304-swage-nipple","14":"first","15":"instock","16":"shipping-taxable","17":"product-type-simple"},"_links":{"self":[{"href":"https:\/\/www.stvvalves.com\/de\/wp-json\/wp\/v2\/product\/6844","targetHints":{"allow":["GET"]}}],"collection":[{"href":"https:\/\/www.stvvalves.com\/de\/wp-json\/wp\/v2\/product"}],"about":[{"href":"https:\/\/www.stvvalves.com\/de\/wp-json\/wp\/v2\/types\/product"}],"wp:featuredmedia":[{"embeddable":true,"href":"https:\/\/www.stvvalves.com\/de\/wp-json\/wp\/v2\/media\/6845"}],"wp:attachment":[{"href":"https:\/\/www.stvvalves.com\/de\/wp-json\/wp\/v2\/media?parent=6844"}],"wp:term":[{"taxonomy":"product_brand","embeddable":true,"href":"https:\/\/www.stvvalves.com\/de\/wp-json\/wp\/v2\/product_brand?post=6844"},{"taxonomy":"product_cat","embeddable":true,"href":"https:\/\/www.stvvalves.com\/de\/wp-json\/wp\/v2\/product_cat?post=6844"},{"taxonomy":"product_tag","embeddable":true,"href":"https:\/\/www.stvvalves.com\/de\/wp-json\/wp\/v2\/product_tag?post=6844"}],"curies":[{"name":"wp","href":"https:\/\/api.w.org\/{rel}","templated":true}]}}