{"id":6856,"date":"2023-07-25T12:15:47","date_gmt":"2023-07-25T04:15:47","guid":{"rendered":"https:\/\/www.stvvalves.com\/?post_type=product&#038;p=6856"},"modified":"2024-12-24T19:26:50","modified_gmt":"2024-12-24T11:26:50","slug":"triple-eccentric-butterfly-valve-a216-wcb-28-inch-300-lb-rf","status":"publish","type":"product","link":"https:\/\/www.stvvalves.com\/de\/products\/triple-eccentric-butterfly-valve-a216-wcb-28-inch-300-lb-rf\/","title":{"rendered":"Dreifach-exzentrische Absperrklappe, A216 WCB, 28 Zoll, 300 LB, RF"},"content":{"rendered":"<p><strong>Merkmale:<\/strong><\/p>\n<p>1. Entworfen und hergestellt nach BSEN 593, MSS SP-67 und API 609<\/p>\n<p>2. Geeignet f\u00fcr ANSI 125\/150, BS4504, DIN-Flansche<\/p>\n<p>3. Gr\u00f6\u00dfenbereiche: NPS 2\u2033~52\u2033<\/p>\n<p>4. Druckstufe: PN10\/16, ANSI125\/150\/300\/600\/900<\/p>\n<p>5. Verf\u00fcgbare Materialien in Eisen, Stahl, Edelstahl, Duplex und Bronze, Sitzmaterial sowohl in elastischer als auch in metallischer Ausf\u00fchrung, verschiedene Innengarniturmaterialien f\u00fcr Absperrklappen sind erh\u00e4ltlich, um unterschiedlichen Betriebsbedingungen gerecht zu werden<\/p>\n<p>6. Brandsicheres Design nach API 608\/API 6FD auf Anfrage<\/p>\n<p>7. Zu MSS SP 01-75 Auf Anfrage<\/p>\n<p>8. Bedienung: Hebel, Schneckengetriebe, elektrisch, pneumatisch und hydraulisch<\/p>\n<div class=\"rich-text-table\">\n<table style=\"height: 148px;\" width=\"843\">\n<tbody>\n<tr>\n<td>DESGN &amp; MFT.<\/td>\n<td>API 609<\/td>\n<td>BEENDET DIE VERBINDUNG<\/td>\n<td>FLG. RF<\/td>\n<\/tr>\n<tr>\n<td>VOR-TEP. BEWERTUNG<\/td>\n<td>ASME B16.34<\/td>\n<td>PR\u00dcFEN UND TESTEN<\/td>\n<td>API 598<\/td>\n<\/tr>\n<tr>\n<td>FF-DIMENSION<\/td>\n<td>ANSI B16.10<\/td>\n<td>ENDVERBINDUNG<\/td>\n<td>ANSI B16.5<\/td>\n<\/tr>\n<tr>\n<td>MARKIERUNG<\/td>\n<td>MSS SP-25<\/td>\n<td>FEUERSICHERES DESIGN<\/td>\n<td>&#8212;<\/td>\n<\/tr>\n<tr>\n<td>PAITEN<\/td>\n<td>TBA<\/td>\n<td>SPE. ANFORDERUNGEN<\/td>\n<td>N \/ A<\/td>\n<\/tr>\n<\/tbody>\n<\/table>\n<\/div>","protected":false},"excerpt":{"rendered":"<p>Hersteller von dreifach-exzentrischen Absperrklappen in China, STV bietet dreifach-exzentrische Absperrklappen mit Schneckengetriebe, ASTM A216 wcb, 28 Zoll, 300LB, API 609.<\/p>\n<p>&nbsp;<\/p>","protected":false},"featured_media":6857,"template":"","meta":[],"product_brand":[],"product_cat":[965,972],"product_tag":[1930,1931,1932,1929,1933],"class_list":{"0":"post-6856","1":"product","2":"type-product","3":"status-publish","4":"has-post-thumbnail","6":"product_cat-butterfly-valve","7":"product_cat-flange-butterfly-valve","8":"product_tag-28-inch-triple-eccentric-butterfly-valve","9":"product_tag-300lb-triple-eccentric-butterfly-valve","10":"product_tag-flange-end-triple-eccentric-butterfly-valve","11":"product_tag-triple-eccentric-butterfly-valve-manufacturer","12":"product_tag-wcb-triple-eccentric-butterfly-valve","14":"first","15":"instock","16":"shipping-taxable","17":"product-type-simple"},"_links":{"self":[{"href":"https:\/\/www.stvvalves.com\/de\/wp-json\/wp\/v2\/product\/6856","targetHints":{"allow":["GET"]}}],"collection":[{"href":"https:\/\/www.stvvalves.com\/de\/wp-json\/wp\/v2\/product"}],"about":[{"href":"https:\/\/www.stvvalves.com\/de\/wp-json\/wp\/v2\/types\/product"}],"wp:featuredmedia":[{"embeddable":true,"href":"https:\/\/www.stvvalves.com\/de\/wp-json\/wp\/v2\/media\/6857"}],"wp:attachment":[{"href":"https:\/\/www.stvvalves.com\/de\/wp-json\/wp\/v2\/media?parent=6856"}],"wp:term":[{"taxonomy":"product_brand","embeddable":true,"href":"https:\/\/www.stvvalves.com\/de\/wp-json\/wp\/v2\/product_brand?post=6856"},{"taxonomy":"product_cat","embeddable":true,"href":"https:\/\/www.stvvalves.com\/de\/wp-json\/wp\/v2\/product_cat?post=6856"},{"taxonomy":"product_tag","embeddable":true,"href":"https:\/\/www.stvvalves.com\/de\/wp-json\/wp\/v2\/product_tag?post=6856"}],"curies":[{"name":"wp","href":"https:\/\/api.w.org\/{rel}","templated":true}]}}