{"id":6859,"date":"2023-08-25T12:23:13","date_gmt":"2023-08-25T04:23:13","guid":{"rendered":"https:\/\/www.stvvalves.com\/?post_type=product&#038;p=6859"},"modified":"2023-08-25T12:24:35","modified_gmt":"2023-08-25T04:24:35","slug":"304-trunnion-mounted-ball-valve-6-inch-300lb-rf-end","status":"publish","type":"product","link":"https:\/\/www.stvvalves.com\/de\/products\/304-trunnion-mounted-ball-valve-6-inch-300lb-rf-end\/","title":{"rendered":"304 Kugelhahn mit Zapfenmontage, 6 Zoll, 300 LB, RF-Ende"},"content":{"rendered":"<p><b>Design-Merkmale<\/b><\/p>\n<p>Geteiltes Geh\u00e4usedesign mit seitlichem Einstieg<\/p>\n<p>Feuersicheres Design, antistatisches Ger\u00e4t<\/p>\n<p>Ausblassicheres Design des Vorbaus<\/p>\n<p>Antistatisches Design<\/p>\n<p>Design fl\u00fcchtiger Emissionen<\/p>\n<p>Der Schaft ist verschlei\u00dffest und funktionssicher<\/p>\n<p>ISO 5211 Montageflansch f\u00fcr Bet\u00e4tigung.<\/p>\n<p>Vorbauverl\u00e4ngerung f\u00fcr den Untertagebetrieb.<\/p>\n<p><b>Technische Spezifikation<\/b><\/p>\n<p>Anwendung:<\/p>\n<p>Design und Herstellung gem\u00e4\u00df: API 6D<\/p>\n<p>Pers\u00f6nlich gem\u00e4\u00df:ASME B16.10<\/p>\n<p>Flanschabmessungen gem\u00e4\u00df: ASME B16.5<\/p>\n<p>Druck und Temperatur gem\u00e4\u00df:ASME B16.34<\/p>\n<p>Test und Inspektion gem\u00e4\u00df: API 6D \/ API 598<\/p>\n<p>Sichtpr\u00fcfung gem\u00e4\u00df:MSS SP-55<\/p>\n<p>Kennzeichnung nach:MSS SP-25<\/p>\n<p>&nbsp;<\/p>\n<p>Hauptmaterialteile:<\/p>\n<table>\n<tbody>\n<tr>\n<td width=\"123\">Kohlenstoffstahl<\/td>\n<td width=\"452\">A216 Gr. WCB, WCC, WCA usw<\/td>\n<\/tr>\n<tr>\n<td width=\"123\">Tieftemperaturstahl<\/td>\n<td width=\"452\">A352 Gr. LCB, LCC, LC1 usw<\/td>\n<\/tr>\n<tr>\n<td width=\"123\">Cr-Mo-Stahl<\/td>\n<td width=\"452\">A217 Gr. WC6, WC9, C5, C12, C12A usw<\/td>\n<\/tr>\n<tr>\n<td width=\"123\">Edelstahl<\/td>\n<td width=\"452\">A351 Gr. CF8, CF8M, CF3, CF3M, CF8C usw<\/td>\n<\/tr>\n<tr>\n<td width=\"123\">Legierter Stahl<\/td>\n<td width=\"452\">CN7M-Legierung 20, CN3M-Legierung 20 modifiziert, CT15C usw<\/td>\n<\/tr>\n<tr>\n<td width=\"123\">Super-Duplex<\/td>\n<td width=\"452\">A995 Gr. 4A, 5A, CE8MN, CD6MN, CD3MN usw<\/td>\n<\/tr>\n<tr>\n<td width=\"123\">Aluminiumbronze<\/td>\n<td width=\"452\">B148 C95500, C95600, C95800 usw<\/td>\n<\/tr>\n<tr>\n<td width=\"123\">Monel<\/td>\n<td width=\"452\">M30C, M35-1, CZ100 usw<\/td>\n<\/tr>\n<tr>\n<td width=\"123\">Inconel<\/td>\n<td width=\"452\">CY40 Inconel 600 usw<\/td>\n<\/tr>\n<tr>\n<td width=\"123\">Hastelloy<\/td>\n<td width=\"452\">CW2m Hastelly C4, N12MV Hastelloy B, CW12MW Hastelloy C276 usw<\/td>\n<\/tr>\n<tr>\n<td width=\"123\">Incoloy<\/td>\n<td width=\"452\">CU5MCuC Incoloy 825, CW6MC Incoloy 625 usw<\/td>\n<\/tr>\n<\/tbody>\n<\/table>\n<p>Hinweis: Die Abmessungen des Anschlussflansches k\u00f6nnen nach Kundenwunsch gestaltet werden.<\/p>\n<p>Fertigung nach NACE MR-01-75 auf Anfrage.<\/p>","protected":false},"excerpt":{"rendered":"<p>Modell: STV-Q347F-150LB-304-6\u2033<\/p>\n<p>STV Valve Technology Group Co., Ltd ist ein professioneller Marktf\u00fchrer f\u00fcr China 300LB Edelstahl-Kugelh\u00e4hne, 6-Zoll-Kugelh\u00e4hne aus API 6D-Gussstahl mit Zapfenmontage, API 6D-Kugelh\u00e4hne aus Gussstahl mit Zapfenmontage, zweiteilige Kugelh\u00e4hne mit Zapfenmontage und 304-Kugelh\u00e4hnen mit Zapfenmontage Hersteller von Kugelh\u00e4hnen mit hoher Qualit\u00e4t und wettbewerbsf\u00e4higem Preis.<\/p>","protected":false},"featured_media":6860,"template":"","meta":[],"product_brand":[],"product_cat":[43,56],"product_tag":[605,1936,1934,1935,1937],"class_list":{"0":"post-6859","1":"product","2":"type-product","3":"status-publish","4":"has-post-thumbnail","6":"product_cat-ball-valve","7":"product_cat-trunnion-ball-valve","8":"product_tag-2-piece-trunnion-mounted-ball-valve","9":"product_tag-300lb-trunnion-mounted-ball-valve","10":"product_tag-304-trunnion-mounted-ball-valve","11":"product_tag-6-inch-trunnion-mounted-ball-valve","12":"product_tag-rf-end-trunnion-mounted-ball-valve","14":"first","15":"instock","16":"shipping-taxable","17":"product-type-simple"},"_links":{"self":[{"href":"https:\/\/www.stvvalves.com\/de\/wp-json\/wp\/v2\/product\/6859","targetHints":{"allow":["GET"]}}],"collection":[{"href":"https:\/\/www.stvvalves.com\/de\/wp-json\/wp\/v2\/product"}],"about":[{"href":"https:\/\/www.stvvalves.com\/de\/wp-json\/wp\/v2\/types\/product"}],"wp:featuredmedia":[{"embeddable":true,"href":"https:\/\/www.stvvalves.com\/de\/wp-json\/wp\/v2\/media\/6860"}],"wp:attachment":[{"href":"https:\/\/www.stvvalves.com\/de\/wp-json\/wp\/v2\/media?parent=6859"}],"wp:term":[{"taxonomy":"product_brand","embeddable":true,"href":"https:\/\/www.stvvalves.com\/de\/wp-json\/wp\/v2\/product_brand?post=6859"},{"taxonomy":"product_cat","embeddable":true,"href":"https:\/\/www.stvvalves.com\/de\/wp-json\/wp\/v2\/product_cat?post=6859"},{"taxonomy":"product_tag","embeddable":true,"href":"https:\/\/www.stvvalves.com\/de\/wp-json\/wp\/v2\/product_tag?post=6859"}],"curies":[{"name":"wp","href":"https:\/\/api.w.org\/{rel}","templated":true}]}}