{"id":6861,"date":"2023-08-25T12:32:57","date_gmt":"2023-08-25T04:32:57","guid":{"rendered":"https:\/\/www.stvvalves.com\/?post_type=product&#038;p=6861"},"modified":"2023-08-25T12:32:58","modified_gmt":"2023-08-25T04:32:58","slug":"cast-steel-trunnion-ball-valve12-inch-600lb-api-6d","status":"publish","type":"product","link":"https:\/\/www.stvvalves.com\/de\/products\/cast-steel-trunnion-ball-valve12-inch-600lb-api-6d\/","title":{"rendered":"Zapfenkugelhahn aus Stahlguss, 12 Zoll, 600LB, API 6D"},"content":{"rendered":"<p>Hersteller, Fabrik, Unternehmen und Lieferant von Drehzapfen-Kugelh\u00e4hnen in China f\u00fcr WCB A105 Drehzapfen-Kugelhahn 24 Zoll, mit zapfenmontierter Struktur, 3-teiligem geteiltem K\u00f6rper, vollem Durchgang oder reduziertem Durchgang mit unterschiedlichem Material und unterschiedlicher Druckklasse.<\/p>\n<p><strong>Spezifikation des Kugelhahns mit Drehzapfen aus Gussstahl<\/strong><\/p>\n<table>\n<tbody>\n<tr>\n<td>Produktname<\/td>\n<td>Zapfenkugelhahn aus Stahlguss, 12 Zoll, 600LB, API 6D<\/td>\n<\/tr>\n<tr>\n<td>1. Material<\/td>\n<td>A351 CF8M\/CF8\/CF3, A216 WCB, A352 LCB\/LCC<\/td>\n<\/tr>\n<tr>\n<td>2. Gr\u00f6\u00dfe<\/td>\n<td>2&quot;~48&quot; (DN50~DN1200)<\/td>\n<\/tr>\n<tr>\n<td>4. Hafen<\/td>\n<td>Vollst\u00e4ndiger Port<\/td>\n<\/tr>\n<tr>\n<td>5. Arbeitsdruck<\/td>\n<td>150LB ~ 2500LB<\/td>\n<\/tr>\n<tr>\n<td>6. Verbindung endet<\/td>\n<td>Flansch<\/td>\n<\/tr>\n<tr>\n<td>7. Arbeitstemperatur.<\/td>\n<td>-196 \u00b0C ~ 450 \u00b0C<\/td>\n<\/tr>\n<tr>\n<td>8. Geeignetes Medium<\/td>\n<td>Wasser, Erdgas, \u00d6l und einige \u00e4tzende Fl\u00fcssigkeiten<\/td>\n<\/tr>\n<tr>\n<td>9. Siegel<\/td>\n<td>PTFE, RPTFE, PPL<\/td>\n<\/tr>\n<tr>\n<td>10. Verriegelung<\/td>\n<td>M\u00f6glichkeit<\/td>\n<\/tr>\n<tr>\n<td>11. Inspektion und Pr\u00fcfung<\/td>\n<td>Gem\u00e4\u00df API598<\/td>\n<\/tr>\n<\/tbody>\n<\/table>\n<p><strong>Kugelhahn aus Gussstahl mit Drehzapfen<\/strong><\/p>\n<p>Volle Bohrung und reduzierte Bohrung<br \/>\nAntistatisches Ger\u00e4t<br \/>\nAusblassicherer Schaft<br \/>\nFeuersicheres Design<br \/>\nNotfall-Dichtungsinjektor<br \/>\nEntl\u00fcftungsventil, Ablassventil<br \/>\nHebe\u00f6sen und St\u00fctzf\u00fc\u00dfe (8\u2033 und gr\u00f6\u00dfer)<br \/>\nOptionaler abschlie\u00dfbarer Griffhebel; Getriebe, elektrisch, pneumatisch und hydraulisch<br \/>\n<strong>Zapfenkugelhahn aus Stahlguss <\/strong><strong>Standard<\/strong><br \/>\nDesign und Herstellung: ASME B16.34\/API 6D<br \/>\nVentilbaul\u00e4nge: ASME B16.10<br \/>\nFlanschanschlussma\u00dfe: ASME B 16.5<br \/>\nVentilpr\u00fcfung und Herstellungstest: API 598<br \/>\nFeuersicherheitstest: API 607\/API6FA<br \/>\nSpeziell: NACE MR-01-75<\/p>","protected":false},"excerpt":{"rendered":"<p>STV Valve Technology Group Co., Ltd ist ein professioneller Marktf\u00fchrer in China 600LB Gussstahl-Kugelhahn, 12 Zoll API 6D Gussstahl-Kugelhahn mit Zapfenmontage, API 6D Gussstahl-Kugelhahn mit Zapfenmontage, zweiteiliger Zapfen-Kugelhahn, WCB-Kugelhahn mit Zapfenmontage Hersteller von Kugelh\u00e4hnen mit hoher Qualit\u00e4t und wettbewerbsf\u00e4higem Preis.<\/p>","protected":false},"featured_media":6862,"template":"","meta":[],"product_brand":[],"product_cat":[43,56],"product_tag":[1940,1939,1941,1938],"class_list":{"0":"post-6861","1":"product","2":"type-product","3":"status-publish","4":"has-post-thumbnail","6":"product_cat-ball-valve","7":"product_cat-trunnion-ball-valve","8":"product_tag-12-inch-cast-steel-trunnion-ball-valve","9":"product_tag-600lb-cast-steel-trunnion-ball-valve","10":"product_tag-api-6d-cast-steel-trunnion-ball-valve","11":"product_tag-cast-steel-trunnion-ball-valve","13":"first","14":"instock","15":"shipping-taxable","16":"product-type-simple"},"_links":{"self":[{"href":"https:\/\/www.stvvalves.com\/de\/wp-json\/wp\/v2\/product\/6861","targetHints":{"allow":["GET"]}}],"collection":[{"href":"https:\/\/www.stvvalves.com\/de\/wp-json\/wp\/v2\/product"}],"about":[{"href":"https:\/\/www.stvvalves.com\/de\/wp-json\/wp\/v2\/types\/product"}],"wp:featuredmedia":[{"embeddable":true,"href":"https:\/\/www.stvvalves.com\/de\/wp-json\/wp\/v2\/media\/6862"}],"wp:attachment":[{"href":"https:\/\/www.stvvalves.com\/de\/wp-json\/wp\/v2\/media?parent=6861"}],"wp:term":[{"taxonomy":"product_brand","embeddable":true,"href":"https:\/\/www.stvvalves.com\/de\/wp-json\/wp\/v2\/product_brand?post=6861"},{"taxonomy":"product_cat","embeddable":true,"href":"https:\/\/www.stvvalves.com\/de\/wp-json\/wp\/v2\/product_cat?post=6861"},{"taxonomy":"product_tag","embeddable":true,"href":"https:\/\/www.stvvalves.com\/de\/wp-json\/wp\/v2\/product_tag?post=6861"}],"curies":[{"name":"wp","href":"https:\/\/api.w.org\/{rel}","templated":true}]}}