{"id":6863,"date":"2023-08-25T12:50:53","date_gmt":"2023-08-25T04:50:53","guid":{"rendered":"https:\/\/www.stvvalves.com\/?post_type=product&#038;p=6863"},"modified":"2023-08-25T13:17:05","modified_gmt":"2023-08-25T05:17:05","slug":"forged-trunnion-mounted-ball-valve10-inch-1500lb-a105-gear-box-op","status":"publish","type":"product","link":"https:\/\/www.stvvalves.com\/de\/products\/forged-trunnion-mounted-ball-valve10-inch-1500lb-a105-gear-box-op\/","title":{"rendered":"Geschmiedeter Kugelhahn mit Zapfenmontage, 10 Zoll, 1500LB, A105, Getriebebetrieb"},"content":{"rendered":"<p>Der geschmiedete, zapfenmontierte Kugelhahn wurde gem\u00e4\u00df API 6D entwickelt und verf\u00fcgt \u00fcber ein geteiltes 3-teiliges Geh\u00e4use sowie ein Design mit seitlichem oder oberem Eingang. Der Zapfenkugelhahn mit seitlichem Eingang besteht aus einer breiten Palette an Dichtungsmaterialien, einschlie\u00dflich PTFE, PEEK, DEVLON, NYLON usw. Der API 6D-Kugelhahn mit geteiltem K\u00f6rper und vollem Durchgang kann im Arbeitstemperaturbereich von -46 \u00b0C bis 500 \u00b0C verwendet werden.<\/p>\n<p><strong>Spezifikation des geschmiedeten, zapfenmontierten Kugelhahns:\u00a0<\/strong><\/p>\n<table border=\"1\" cellspacing=\"0\">\n<tbody>\n<tr>\n<td>Zapfenmontierter Kugelhahn Gr\u00f6\u00dfe<\/td>\n<td>NPS 2\u2033 \u2013 NPS 56\u2033<\/td>\n<\/tr>\n<tr>\n<td>Druckrate<\/td>\n<td>Klasse 150LB \u2013 Klasse 2500LB<\/td>\n<\/tr>\n<tr>\n<td>Material<\/td>\n<td>WCB, LCB, CF8, CF8M, CF3, CF3M, A105, LF2, F304, F316, F304L, F316L<\/td>\n<\/tr>\n<tr>\n<td>Design- und Fertigungsstandard<\/td>\n<td>API 608, API 6D, BS 5351, ASME B16.34, DIN, GOST, JIS<\/td>\n<\/tr>\n<tr>\n<td>Von Angesicht zu Angesicht<\/td>\n<td>ASME B16.5, API 6D<\/td>\n<\/tr>\n<tr>\n<td>Verbindung beenden<\/td>\n<td>ASME B16.5, ASME B16.47, ASME B16.25<\/td>\n<\/tr>\n<tr>\n<td>Test und Inspektion<\/td>\n<td>ISO 5208, API 6D<\/td>\n<\/tr>\n<tr>\n<td>Operationsmethode<\/td>\n<td>Manuell, Schneckengetriebe, elektrischer Antrieb, pneumatischer Antrieb<\/td>\n<\/tr>\n<\/tbody>\n<\/table>\n<p><strong>Technische Daten des geschmiedeten, zapfenmontierten Kugelhahns<\/strong><br \/>\n-Design: ASME 16.34\/API 6D<br \/>\n-Von Angesicht zu Angesicht: ASME B16.10<br \/>\n-Endflansch: ASME B16.5<br \/>\n-BW-Ende: ASME B16.25<br \/>\n-Test: API 598\/BS 6755<br \/>\n-Brandschutztest: API 607\/API 6FA<br \/>\n-Spezial: NACE MR-01-75<\/p>\n<p><strong>Konstruktionsmerkmale des geschmiedeten, zapfenmontierten Kugelhahns<\/strong><br \/>\n-Voller Port oder reduzierter Port<br \/>\n-Feuersicheres Design<br \/>\n-Trunnion-montierte Kugel<br \/>\n-Doppeltes Blockieren und Entl\u00fcften<br \/>\n-Notfall-Dichtungsinjektion<br \/>\n-Selbstentlastung des Hohlraumdrucks<br \/>\n- Ausblassicherer Schaft<br \/>\n-Antistatisches Ger\u00e4t<br \/>\n-Optionales Doppelkolbendesign<\/p>","protected":false},"excerpt":{"rendered":"<p>STV Valve Technology Group Co., Ltd ist ein professioneller Marktf\u00fchrer in China 1500LB geschmiedeter Stahlkugelhahn, 10-Zoll-API 6D-Kugelh\u00e4hne aus geschmiedetem Stahl mit Zapfenmontage, API 6D-Kugelh\u00e4hne aus Gussstahl mit Zapfenmontage, dreiteiliger Kugelhahn mit Zapfenmontage und geschmiedetes Getriebe Zapfenmontierter Kugelhahn, A105Trunnion montierter Kugelhahn Hersteller mit hoher Qualit\u00e4t und wettbewerbsf\u00e4higem Preis.<\/p>","protected":false},"featured_media":6864,"template":"","meta":[],"product_brand":[],"product_cat":[43,56],"product_tag":[1943,1944,1945,1942,1946],"class_list":{"0":"post-6863","1":"product","2":"type-product","3":"status-publish","4":"has-post-thumbnail","6":"product_cat-ball-valve","7":"product_cat-trunnion-ball-valve","8":"product_tag-10-inch-forged-trunnion-mounted-ball-valve","9":"product_tag-1500lb-forged-trunnion-mounted-ball-valve","10":"product_tag-a105-forged-trunnion-mounted-ball-valve","11":"product_tag-forged-trunnion-mounted-ball-valve","12":"product_tag-gear-box-forged-trunnion-mounted-ball-valve","14":"first","15":"instock","16":"shipping-taxable","17":"product-type-simple"},"_links":{"self":[{"href":"https:\/\/www.stvvalves.com\/de\/wp-json\/wp\/v2\/product\/6863","targetHints":{"allow":["GET"]}}],"collection":[{"href":"https:\/\/www.stvvalves.com\/de\/wp-json\/wp\/v2\/product"}],"about":[{"href":"https:\/\/www.stvvalves.com\/de\/wp-json\/wp\/v2\/types\/product"}],"wp:featuredmedia":[{"embeddable":true,"href":"https:\/\/www.stvvalves.com\/de\/wp-json\/wp\/v2\/media\/6864"}],"wp:attachment":[{"href":"https:\/\/www.stvvalves.com\/de\/wp-json\/wp\/v2\/media?parent=6863"}],"wp:term":[{"taxonomy":"product_brand","embeddable":true,"href":"https:\/\/www.stvvalves.com\/de\/wp-json\/wp\/v2\/product_brand?post=6863"},{"taxonomy":"product_cat","embeddable":true,"href":"https:\/\/www.stvvalves.com\/de\/wp-json\/wp\/v2\/product_cat?post=6863"},{"taxonomy":"product_tag","embeddable":true,"href":"https:\/\/www.stvvalves.com\/de\/wp-json\/wp\/v2\/product_tag?post=6863"}],"curies":[{"name":"wp","href":"https:\/\/api.w.org\/{rel}","templated":true}]}}