{"id":6871,"date":"2023-09-13T12:37:13","date_gmt":"2023-09-13T04:37:13","guid":{"rendered":"https:\/\/www.stvvalves.com\/?post_type=product&#038;p=6871"},"modified":"2023-09-13T12:37:15","modified_gmt":"2023-09-13T04:37:15","slug":"pneumatic-bidirectional-knife-gate-valve-dn450-wcb-316-trim-lug-type","status":"publish","type":"product","link":"https:\/\/www.stvvalves.com\/de\/products\/pneumatic-bidirectional-knife-gate-valve-dn450-wcb-316-trim-lug-type\/","title":{"rendered":"Pneumatischer bidirektionaler Messerschieber, DN450, WCB, Innengarnitur 316, Ansatztyp"},"content":{"rendered":"<p>Der pneumatische bidirektionale Plattenschieber ist ein unidirektionaler Plattenschieber, der in industriellen Rohrleitungen f\u00fcr den Ein-Aus-Betrieb verwendet wird.<\/p>\n<p>Die Struktur von Geh\u00e4use und Sitz verhindert ein Verstopfen der Absperrung bei Durchfluss mit feinen Partikeln. Dar\u00fcber hinaus hilft eine abgeschr\u00e4gte Messerkante<\/p>\n<p>Der Anschnitt schneidet m\u00fchelos durch dicke Medien. Je nach Arbeitssituation: Messerschieber mit nicht steigendem Schaft, Waffelmesser<\/p>\n<p>Absperrschieber, gezahnter Plattenschieber, pneumatischer Plattenschieber, elektrischer Plattenschieber, manueller Plattenschieber und Abschr\u00e4gung<\/p>\n<p>Zahnrad-Plattenschieber sind alle verf\u00fcgbar.<\/p>\n<p><b>Merkmale:<\/b><\/p>\n<p>1. K\u00f6rper:<\/p>\n<p>a) Der integrierte K\u00f6rper mit Vollbohrungsstruktur sorgt f\u00fcr einen reibungslosen Durchfluss, eine einfache Montage und eine geringere Wahrscheinlichkeit von Leckagen im Geh\u00e4use.<\/p>\n<p>b) Das Design des Geh\u00e4uses ohne Rillen verhindert m\u00f6gliche Verstopfungen beim Absperren des Ventils.<\/p>\n<p>2. Tor:<\/p>\n<p>a) Die abgeschr\u00e4gte Messerkante sorgt f\u00fcr eine starke Schnittbeanspruchung und eine dichte Abdichtung.<\/p>\n<p>b) Die Anschnittdicke kann erh\u00f6ht werden, um h\u00f6heren Dr\u00fccken gerecht zu werden.<\/p>\n<p>3. Sitz:<\/p>\n<p>a) Der U-f\u00f6rmige Elastomersitz sorgt f\u00fcr eine umlaufende Abdichtung entlang der Kante des Anschnitts und sorgt f\u00fcr eine dichte Abdichtung in beiden Bereichen<\/p>\n<p>Str\u00f6mungsrichtungen.<\/p>\n<p>4. Sonstiges:<\/p>\n<p>a) Doppelte Axiallager minimieren das f\u00fcr den Betrieb erforderliche Drehmoment<\/p>\n<p>Gr\u00f6\u00dfe: NPS2-48 (DN50-DN1200)<\/p>\n<p>Anschluss: Wafer-Typ, Flanschtyp, Lug-Typ, geschwei\u00dfter Typ<\/p>\n<p>Dichtungstyp: Weich oder Metall<\/p>\n<p>Material: GGG40-A356, CF8-A351, CF8M-A351<\/p>","protected":false},"excerpt":{"rendered":"<p>STV Valve Technology Group Co., Ltd ist ein professioneller Marktf\u00fchrer f\u00fcr Messerschieber und Wafermesser in China<\/p>\n<p>Absperrschieber, gezahnter Plattenschieber, pneumatischer Plattenschieber, elektrischer Plattenschieber, manueller Plattenschieber und Abschr\u00e4gung<\/p>\n<p>Zahnradschieber.<\/p>","protected":false},"featured_media":6872,"template":"","meta":[],"product_brand":[],"product_cat":[44,62],"product_tag":[1953,1955,1952,1954,1951],"class_list":{"0":"post-6871","1":"product","2":"type-product","3":"status-publish","4":"has-post-thumbnail","6":"product_cat-gate-valve","7":"product_cat-knife-gate-valve","8":"product_tag-150lb-pneumatic-bidirectional-knife-gate-valve","9":"product_tag-cast-steel-pneumatic-bidirectional-knife-gate-valve","10":"product_tag-dn450-pneumatic-bidirectional-knife-gate-valve","11":"product_tag-lug-type-pneumatic-bidirectional-knife-gate-valve","12":"product_tag-pneumatic-bidirectional-knife-gate-valve","14":"first","15":"instock","16":"shipping-taxable","17":"product-type-simple"},"_links":{"self":[{"href":"https:\/\/www.stvvalves.com\/de\/wp-json\/wp\/v2\/product\/6871","targetHints":{"allow":["GET"]}}],"collection":[{"href":"https:\/\/www.stvvalves.com\/de\/wp-json\/wp\/v2\/product"}],"about":[{"href":"https:\/\/www.stvvalves.com\/de\/wp-json\/wp\/v2\/types\/product"}],"wp:featuredmedia":[{"embeddable":true,"href":"https:\/\/www.stvvalves.com\/de\/wp-json\/wp\/v2\/media\/6872"}],"wp:attachment":[{"href":"https:\/\/www.stvvalves.com\/de\/wp-json\/wp\/v2\/media?parent=6871"}],"wp:term":[{"taxonomy":"product_brand","embeddable":true,"href":"https:\/\/www.stvvalves.com\/de\/wp-json\/wp\/v2\/product_brand?post=6871"},{"taxonomy":"product_cat","embeddable":true,"href":"https:\/\/www.stvvalves.com\/de\/wp-json\/wp\/v2\/product_cat?post=6871"},{"taxonomy":"product_tag","embeddable":true,"href":"https:\/\/www.stvvalves.com\/de\/wp-json\/wp\/v2\/product_tag?post=6871"}],"curies":[{"name":"wp","href":"https:\/\/api.w.org\/{rel}","templated":true}]}}