{"id":6875,"date":"2023-09-13T13:06:58","date_gmt":"2023-09-13T05:06:58","guid":{"rendered":"https:\/\/www.stvvalves.com\/?post_type=product&#038;p=6875"},"modified":"2023-09-13T13:07:00","modified_gmt":"2023-09-13T05:07:00","slug":"electric-bidirectional-knife-gate-valve-304-wafer-type-150lb","status":"publish","type":"product","link":"https:\/\/www.stvvalves.com\/de\/products\/electric-bidirectional-knife-gate-valve-304-wafer-type-150lb\/","title":{"rendered":"Elektrischer bidirektionaler Messerschieber, 304, Wafer-Typ, 150 LB"},"content":{"rendered":"<p>Der manuelle bidirektionale Messerschieber ist ein unidirektionaler Wafer-Messerschieber, der in Industrierohrleitungen f\u00fcr den Ein-Aus-Betrieb verwendet wird.<\/p>\n<p>Die Struktur von Geh\u00e4use und Sitz verhindert ein Verstopfen der Absperrung bei Durchfluss mit feinen Partikeln. Dar\u00fcber hinaus hilft eine abgeschr\u00e4gte Messerkante<\/p>\n<p>Der Anschnitt schneidet m\u00fchelos durch dicke Medien. Je nach Arbeitssituation: Messerschieber mit nicht steigendem Schaft, Waffelmesser<\/p>\n<p>Absperrschieber, gezahnter Plattenschieber, pneumatischer Plattenschieber, elektrischer Plattenschieber, manueller Plattenschieber und Abschr\u00e4gung<\/p>\n<p>Zahnrad-Plattenschieber sind alle verf\u00fcgbar<\/p>\n<p><b>Merkmale:<\/b><\/p>\n<p>1. K\u00f6rper:<\/p>\n<p>a) Der integrierte K\u00f6rper mit Vollbohrungsstruktur sorgt f\u00fcr einen reibungslosen Durchfluss, eine einfache Montage und eine geringere Wahrscheinlichkeit von Leckagen im Geh\u00e4use.<\/p>\n<p>b) Das Design des Geh\u00e4uses ohne Rillen verhindert m\u00f6gliche Verstopfungen beim Absperren des Ventils.<\/p>\n<p>2. Tor:<\/p>\n<p>a) Die abgeschr\u00e4gte Messerkante sorgt f\u00fcr eine starke Schnittbeanspruchung und eine dichte Abdichtung.<\/p>\n<p>b) Die Anschnittdicke kann erh\u00f6ht werden, um h\u00f6heren Dr\u00fccken gerecht zu werden.<\/p>\n<p>3. Sitz:<\/p>\n<p>a) Der U-f\u00f6rmige Elastomersitz sorgt f\u00fcr eine umlaufende Abdichtung entlang der Kante des Anschnitts und sorgt f\u00fcr eine dichte Abdichtung in beiden Bereichen<\/p>\n<p>Str\u00f6mungsrichtungen.<\/p>\n<p>4. Sonstiges:<\/p>\n<p>a) Doppelte Axiallager minimieren das f\u00fcr den Betrieb erforderliche Drehmoment<\/p>\n<p>Gr\u00f6\u00dfe: NPS2-48 (DN50-DN1200)<\/p>\n<p>Anschluss: Wafer-Typ, Flanschtyp, Lug-Typ, geschwei\u00dfter Typ<\/p>\n<p>Dichtungstyp: Weich oder Metall<\/p>\n<p>Material: GGG40-A356, CF8-A351, CF8M-A351,WCB<\/p>\n<table border=\"1\" width=\"812\">\n<tbody>\n<tr>\n<td>Gr\u00f6\u00dfenbereich:<\/td>\n<td>\u00a0 \u00a0 \u00a0DN50~600mm NPS 2&quot;-24&quot; (Gr\u00f6\u00dfere Gr\u00f6\u00dfe auf Anfrage)<\/td>\n<\/tr>\n<tr>\n<td>\u00a0 \u00a0Max. Arbeitsdruck:<\/td>\n<td>\u00a0 \u00a0 \u00a0DN50~DN250: 10Bar NPS2~NPS10:150PsiDN300~DN450: 7Bar NPS12~NPS18:90Psi<\/p>\n<p>DN500~DN600: 4Bar NPS20~NPS24: 60Psi<\/td>\n<\/tr>\n<tr>\n<td>\u00a0 \u00a0Temp. Reichweite:<\/td>\n<td>\u00a0 \u00a0 \u00a0-29\u2026+200\u2103<\/td>\n<\/tr>\n<tr>\n<td>\u00a0 \u00a0Dichtheit:<\/td>\n<td>\u00a0 \u00a0 \u00a0Gem\u00e4\u00df MSS SP-81<\/td>\n<\/tr>\n<tr>\n<td>\u00a0 \u00a0K\u00f6rpermaterial:<\/td>\n<td>\u00a0 \u00a0 \u00a0Gusseisen<\/td>\n<\/tr>\n<tr>\n<td>\u00a0 \u00a0Tormaterial:<\/td>\n<td>\u00a0 \u00a0 \u00a0Edelstahl verchromt, Speziallegierung<\/td>\n<\/tr>\n<tr>\n<td>\u00a0 \u00a0Sitzmaterial:<\/td>\n<td>\u00a0 \u00a0\u00a0\u00a0EPDM (120 \u00b0C) \/Viton (200 \u00b0C) \/NBR (90 \u00b0C)<\/td>\n<\/tr>\n<tr>\n<td>\u00a0 \u00a0Angesicht zu Angesicht:<\/td>\n<td>\u00a0 \u00a0 \u00a0MSS SP-81<\/td>\n<\/tr>\n<tr>\n<td>\u00a0 \u00a0Flanschstandard:<\/td>\n<td>\u00a0 \u00a0 \u00a0GB\/T 9113.1, JB\/T 79.1, HG 20592, ASME B16.5, EN1092-1<\/td>\n<\/tr>\n<tr>\n<td>\u00a0 \u00a0Anwendungen:<\/td>\n<td>\u00a0 \u00a0 \u00a0Zellstoff und Papier, Wasseraufbereitung, Getr\u00e4nke und Lebensmittel, Feinchemie, Energiewirtschaft, Stahlindustrie usw.<\/td>\n<\/tr>\n<\/tbody>\n<\/table>","protected":false},"excerpt":{"rendered":"<p>Manual Bidirectional Knife gate Valve is a unidirectional wafer knife\u00a0 gate valve used on industrial pipeline for on-off operation. The structure of body and\u00a0seat eliminates clogging shutoff for flow with fine particles. Additionally, beveled knife edge helps the gate cut through thick media easily.\u00a0According to\u00a0different working situation: non-rising stem knife gate valve, wafer knife gate [&hellip;]<\/p>\n","protected":false},"featured_media":6876,"template":"","meta":[],"product_brand":[],"product_cat":[44,62],"product_tag":[1962,1963,1961,1964],"class_list":{"0":"post-6875","1":"product","2":"type-product","3":"status-publish","4":"has-post-thumbnail","6":"product_cat-gate-valve","7":"product_cat-knife-gate-valve","8":"product_tag-150lb-electric-bidirectional-knife-gate-valve","9":"product_tag-304-electric-bidirectional-knife-gate-valve","10":"product_tag-electric-bidirectional-knife-gate-valve","11":"product_tag-wafer-type-electric-bidirectional-knife-gate-valve","13":"first","14":"instock","15":"shipping-taxable","16":"product-type-simple"},"_links":{"self":[{"href":"https:\/\/www.stvvalves.com\/de\/wp-json\/wp\/v2\/product\/6875","targetHints":{"allow":["GET"]}}],"collection":[{"href":"https:\/\/www.stvvalves.com\/de\/wp-json\/wp\/v2\/product"}],"about":[{"href":"https:\/\/www.stvvalves.com\/de\/wp-json\/wp\/v2\/types\/product"}],"wp:featuredmedia":[{"embeddable":true,"href":"https:\/\/www.stvvalves.com\/de\/wp-json\/wp\/v2\/media\/6876"}],"wp:attachment":[{"href":"https:\/\/www.stvvalves.com\/de\/wp-json\/wp\/v2\/media?parent=6875"}],"wp:term":[{"taxonomy":"product_brand","embeddable":true,"href":"https:\/\/www.stvvalves.com\/de\/wp-json\/wp\/v2\/product_brand?post=6875"},{"taxonomy":"product_cat","embeddable":true,"href":"https:\/\/www.stvvalves.com\/de\/wp-json\/wp\/v2\/product_cat?post=6875"},{"taxonomy":"product_tag","embeddable":true,"href":"https:\/\/www.stvvalves.com\/de\/wp-json\/wp\/v2\/product_tag?post=6875"}],"curies":[{"name":"wp","href":"https:\/\/api.w.org\/{rel}","templated":true}]}}