{"id":6879,"date":"2023-09-13T13:39:56","date_gmt":"2023-09-13T05:39:56","guid":{"rendered":"https:\/\/www.stvvalves.com\/?post_type=product&#038;p=6879"},"modified":"2023-09-13T13:39:58","modified_gmt":"2023-09-13T05:39:58","slug":"metal-seat-knife-gate-valve-wcb-body-316-trim-penumatic-actuator","status":"publish","type":"product","link":"https:\/\/www.stvvalves.com\/de\/products\/metal-seat-knife-gate-valve-wcb-body-316-trim-penumatic-actuator\/","title":{"rendered":"Metallsitz-Plattenschieber, WCB-Geh\u00e4use, Innengarnitur 316, pneumatischer Antrieb"},"content":{"rendered":"<p>Der Metallsitz-Absperrschieber ist ein unidirektionaler Wafer-Absperrschieber, der in industriellen Rohrleitungen f\u00fcr den Ein-Aus-Betrieb verwendet wird.<\/p>\n<p>Die Struktur von Geh\u00e4use und Sitz verhindert ein Verstopfen der Absperrung bei Durchfluss mit feinen Partikeln. Dar\u00fcber hinaus hilft eine abgeschr\u00e4gte Messerkante<\/p>\n<p>Der Anschnitt schneidet m\u00fchelos durch dicke Medien. Je nach Arbeitssituation: Messerschieber mit nicht steigendem Schaft, Waffelmesser<\/p>\n<p>Absperrschieber, gezahnter Plattenschieber, pneumatischer Plattenschieber, elektrischer Plattenschieber, manueller Plattenschieber und Abschr\u00e4gung<\/p>\n<p>Zahnrad-Plattenschieber sind alle verf\u00fcgbar.<\/p>\n<p><b>Merkmale:<\/b><\/p>\n<p>1. K\u00f6rper:<\/p>\n<p>a) Der integrierte K\u00f6rper mit Vollbohrungsstruktur sorgt f\u00fcr einen reibungslosen Durchfluss, eine einfache Montage und eine geringere Wahrscheinlichkeit von Leckagen im Geh\u00e4use.<\/p>\n<p>b) Das Design der F\u00fchrungsklauen am Anschlussboden zur Torbefestigung anstelle einer Nut verhindert m\u00f6gliche Verstopfungen<\/p>\n<p>wenn Ventilabschaltung.<\/p>\n<p>&nbsp;<\/p>\n<p>2. Tor:<\/p>\n<p>a) Die abgeschr\u00e4gte Messerkante sorgt f\u00fcr eine starke Schnittbeanspruchung und eine dichte Abdichtung.<\/p>\n<p>b) Die elastische PTFE-Spitzenf\u00fchrung \u00fcber dem Anschluss verhindert den Metall-Metall-Kontakt zwischen Anschnitt und Geh\u00e4use.<\/p>\n<p>c) Die Anschnittdicke kann erh\u00f6ht werden, um h\u00f6heren Dr\u00fccken gerecht zu werden.<\/p>\n<p>3. Sitz:<\/p>\n<p>a) Der Sitz mit seitlichem Einstieg ist austauschbar, was die Wartungskosten senkt.<\/p>\n<p>b) Der vorgespannte Sitz ist verstellbar, um unterschiedlichen Dichtungsklassen gerecht zu werden und den normalen Sitzverschlei\u00df auszugleichen.<\/p>\n<p>4. Sonstiges:<\/p>\n<p>a) Doppelte Axiallager minimieren das f\u00fcr den Betrieb erforderliche Drehmoment<\/p>\n<p><span id=\"remark\">Produkteinf\u00fchrung<\/span><\/p>\n<table border=\"1\" width=\"812\">\n<tbody>\n<tr>\n<td>\u00a0 \u00a0Gr\u00f6\u00dfenbereich:<\/td>\n<td>\u00a0 \u00a0 \u00a0DN50~600mm NPS 2&quot;-24&quot; (Gr\u00f6\u00dfere Gr\u00f6\u00dfe auf Anfrage)<\/td>\n<\/tr>\n<tr>\n<td>\u00a0 \u00a0Max. Arbeitsdruck:<\/td>\n<td>\u00a0 \u00a0 \u00a0DN50~DN250: 10Bar NPS2~NPS10: 150Psi<\/p>\n<p>DN300~DN450: 7Bar NPS12~NPS18:90Psi<\/p>\n<p>DN500~DN600: 4Bar NPS20~NPS24: 60Psi<\/td>\n<\/tr>\n<tr>\n<td>\u00a0 \u00a0Temp. Reichweite:<\/td>\n<td>\u00a0 \u00a0 \u00a0-29\u2026+800\u2103<\/td>\n<\/tr>\n<tr>\n<td>\u00a0 \u00a0Dichtheit:<\/td>\n<td>\u00a0 \u00a0 \u00a0Gem\u00e4\u00df MSS SP-81<\/td>\n<\/tr>\n<tr>\n<td>\u00a0 \u00a0K\u00f6rpermaterial:<\/td>\n<td>\u00a0 \u00a0 \u00a0Kohlenstoffstahl, Edelstahl, Speziallegierung<\/td>\n<\/tr>\n<tr>\n<td>\u00a0 \u00a0Tormaterial:<\/td>\n<td>\u00a0 \u00a0 \u00a0Edelstahl verchromt, Speziallegierung<\/td>\n<\/tr>\n<tr>\n<td>\u00a0 \u00a0Sitzmaterial:<\/td>\n<td>\u00a0 \u00a0 \u00a0Edelstahl+STL<\/p>\n<p>EPDM (120 \u00b0C) \/Viton (200 \u00b0C)\/PTFE (200 \u00b0C) \/NBR (90 \u00b0C)<\/td>\n<\/tr>\n<tr>\n<td>\u00a0 \u00a0Angesicht zu Angesicht:<\/td>\n<td>\u00a0 \u00a0 \u00a0MSS SP-81<\/td>\n<\/tr>\n<tr>\n<td>\u00a0 \u00a0Flanschstandard:<\/td>\n<td>\u00a0 \u00a0 \u00a0GB\/T 9113.1, JB\/T 79.1, HG 20592, ASME B16.5, EN1092-1<\/td>\n<\/tr>\n<tr>\n<td>\u00a0 \u00a0Anwendungen:<\/td>\n<td>\u00a0 \u00a0 \u00a0Zellstoff und Papier, Wasseraufbereitung, Getr\u00e4nke und Lebensmittel, Feinchemikalien,<\/p>\n<p>Power Planet, Stahlindustrie usw.<\/td>\n<\/tr>\n<\/tbody>\n<\/table>","protected":false},"excerpt":{"rendered":"<p>Anwendbare Standards f\u00fcr Laschenschieber: Messerschieber, MSS SP-81 Stahlventile, ASME B16.34 Gegen\u00fcberliegendes MSS SP-81, elastischer Keil, Legierung, Edelstahl, Kohlenstoffstahl, Zwischenplattenende, Laschenenden, Flanschenden, 2 \u2013 48 Zoll, Klasse 150 LB, oder nach Kundenwunsch.<\/p>","protected":false},"featured_media":6880,"template":"","meta":[],"product_brand":[],"product_cat":[44,62],"product_tag":[1971,1972,1969,1970],"class_list":{"0":"post-6879","1":"product","2":"type-product","3":"status-publish","4":"has-post-thumbnail","6":"product_cat-gate-valve","7":"product_cat-knife-gate-valve","8":"product_tag-150lb-metal-seat-knife-gate-valve","9":"product_tag-316-metal-seat-knife-gate-valve","10":"product_tag-metal-seat-knife-gate-valve","11":"product_tag-wcb-metal-seat-knife-gate-valve","13":"first","14":"instock","15":"shipping-taxable","16":"product-type-simple"},"_links":{"self":[{"href":"https:\/\/www.stvvalves.com\/de\/wp-json\/wp\/v2\/product\/6879","targetHints":{"allow":["GET"]}}],"collection":[{"href":"https:\/\/www.stvvalves.com\/de\/wp-json\/wp\/v2\/product"}],"about":[{"href":"https:\/\/www.stvvalves.com\/de\/wp-json\/wp\/v2\/types\/product"}],"wp:featuredmedia":[{"embeddable":true,"href":"https:\/\/www.stvvalves.com\/de\/wp-json\/wp\/v2\/media\/6880"}],"wp:attachment":[{"href":"https:\/\/www.stvvalves.com\/de\/wp-json\/wp\/v2\/media?parent=6879"}],"wp:term":[{"taxonomy":"product_brand","embeddable":true,"href":"https:\/\/www.stvvalves.com\/de\/wp-json\/wp\/v2\/product_brand?post=6879"},{"taxonomy":"product_cat","embeddable":true,"href":"https:\/\/www.stvvalves.com\/de\/wp-json\/wp\/v2\/product_cat?post=6879"},{"taxonomy":"product_tag","embeddable":true,"href":"https:\/\/www.stvvalves.com\/de\/wp-json\/wp\/v2\/product_tag?post=6879"}],"curies":[{"name":"wp","href":"https:\/\/api.w.org\/{rel}","templated":true}]}}