{"id":6893,"date":"2023-09-18T12:31:25","date_gmt":"2023-09-18T04:31:25","guid":{"rendered":"https:\/\/www.stvvalves.com\/?post_type=product&#038;p=6893"},"modified":"2023-09-18T12:31:27","modified_gmt":"2023-09-18T04:31:27","slug":"astm-b148-c95600-globe-valve-bs1878-8-inch-150-lb-rf","status":"publish","type":"product","link":"https:\/\/www.stvvalves.com\/de\/products\/astm-b148-c95600-globe-valve-bs1878-8-inch-150-lb-rf\/","title":{"rendered":"ASTM B148 C95600 Durchgangsventil, BS1878, 8 Zoll, 150 LB, RF"},"content":{"rendered":"<p><strong>Anwendbare Standards:\u00a0\u00a0\u00a0\u00a0\u00a0\u00a0<\/strong><br \/>\nDurchgangsventil, BS1878\/ASME B16.34<br \/>\nStahlventile, ASME B16.34<br \/>\nPers\u00f6nlich ASME B16.10<br \/>\nEndflansche ASME B16.5\/ASME B16.47<br \/>\nStumpfschwei\u00dfende endet ASME B16.25<br \/>\nInspektion und Test API 598<\/p>\n<p><strong>Material:\u00a0<\/strong>C95800, C95400, C83600<br \/>\n<strong>Gr\u00f6\u00dfenbereich:<\/strong>\u00a02\u2033~36\u2033<br \/>\n<strong>Druckrate:\u00a0<\/strong>ASME CL, 150, 300, 600, 900, 1500, 2500<br \/>\n<strong>Temperaturbereich:<\/strong>\u00a0-196\u2103~650\u2103<\/p>\n<p><strong>Design Beschreibung:<\/strong><br \/>\n\u2013 Au\u00dfenschraube und Joch<br \/>\n\u2013 Verschraubte Haube und Druckdichtung<br \/>\n\u2013 Steigender Stiel<br \/>\n\u2013 Erh\u00e4ltlich mit Getriebeantrieb<br \/>\n\u2013 Flanschenden und Stumpfschwei\u00dfenden<br \/>\n\u2013 Design mit geringem Drehmoment, Schaft mit glatter Oberfl\u00e4che.<\/p>\n<table border=\"0\" cellspacing=\"0\" cellpadding=\"0\">\n<tbody>\n<tr>\n<td>Marke<\/td>\n<td>STV<\/td>\n<\/tr>\n<tr>\n<td>Struktur<\/td>\n<td>Globus<\/td>\n<\/tr>\n<tr>\n<td>Ventilmaterial<\/td>\n<td>Stahlguss, Edelstahl, Sonderlegierung, CI, DI usw<\/td>\n<\/tr>\n<tr>\n<td>Ventiltyp<\/td>\n<td>\u00a0Globus<\/td>\n<\/tr>\n<tr>\n<td>Ventiltest<\/td>\n<td>100% Menge vor der Auslieferung getestet<\/td>\n<\/tr>\n<tr>\n<td>Ventilgarantie<\/td>\n<td>18 Monate nach Lieferung und 12 Monate nach Installation<\/td>\n<\/tr>\n<tr>\n<td>Ventilstruktur<\/td>\n<td>gerade<\/td>\n<\/tr>\n<tr>\n<td>Ventillieferung<\/td>\n<td>15 \u2013 30 Tage<\/td>\n<\/tr>\n<tr>\n<td>Ventilprobe<\/td>\n<td>Muster erh\u00e4ltlich bei Didtek Valve<\/td>\n<\/tr>\n<tr>\n<td>Ventilfarbe<\/td>\n<td>Kundenanfrage<\/td>\n<\/tr>\n<tr>\n<td>Ventilpackung<\/td>\n<td>Sperrholzgeh\u00e4use f\u00fcr Durchgangsventil<\/td>\n<\/tr>\n<tr>\n<td>Mindestbestellmenge<\/td>\n<td>1 Satz<\/td>\n<\/tr>\n<tr>\n<td>Ventilzertifikat<\/td>\n<td>API6D\/CE\/ISO9001\/ISO14001<\/td>\n<\/tr>\n<tr>\n<td>Herkunftsort<\/td>\n<td>Zhejiang, China (Festland)<\/td>\n<\/tr>\n<tr>\n<td>Lieferdetails:<\/td>\n<td>Versand innerhalb von 15\u201330 Tagen nach Zahlungseingang<\/td>\n<\/tr>\n<tr>\n<td>Hafen<\/td>\n<td>Shanghai oder Ningbo<\/td>\n<\/tr>\n<tr>\n<td>Zahlungsbedingungen<\/td>\n<td>L\/C, D\/A, D\/P, T\/T, Western Union<\/td>\n<\/tr>\n<\/tbody>\n<\/table>\n<p><strong>Anwendung &amp; Funktion:<\/strong><br \/>\nC95400-Kugelventile werden haupts\u00e4chlich f\u00fcr vollst\u00e4ndig ge\u00f6ffnete oder vollst\u00e4ndig geschlossene Absperrventile verwendet. Sie werden normalerweise nicht f\u00fcr Drosselzwecke in Betracht gezogen, sondern eher f\u00fcr Schl\u00e4mme, viskose Fl\u00fcssigkeiten usw. Absperrschieber zeichnen sich durch einen beweglichen Keil aus, der bei Bet\u00e4tigung der Spindelmutter bewegt wird. Der Keil bewegt sich senkrecht zur Str\u00f6mungsrichtung. Absperrschieber weisen im vollst\u00e4ndig ge\u00f6ffneten Zustand in der Regel einen minimalen Druckabfall auf, bieten im vollst\u00e4ndig geschlossenen Zustand einen dichten Abschluss und bleiben relativ frei von Verunreinigungen.<\/p>\n<p><strong>Zubeh\u00f6r:<\/strong><br \/>\nZur Erf\u00fcllung der Kundenanforderungen sind Zubeh\u00f6rteile wie Getriebeantriebe, Aktuatoren, Byp\u00e4sse, Verriegelungsvorrichtungen, Kettenr\u00e4der, verl\u00e4ngerte Spindeln und Hauben f\u00fcr den Tieftemperaturbetrieb und viele andere erh\u00e4ltlich.<\/p>","protected":false},"excerpt":{"rendered":"<p>STV Valve Technology Group Co., Ltd ist ein professioneller Marktf\u00fchrer in China ASTM B148 C95400 Kugelventil, BS1878 C95600 Kugelventil, 8 Zoll C95400 Kugelventil, 150 LB C95600 Kugelventil, RF C95600 Kugelventilhersteller mit hoher Qualit\u00e4t und wettbewerbsf\u00e4higem Preis.<\/p>","protected":false},"featured_media":6894,"template":"","meta":[],"product_brand":[],"product_cat":[45,63],"product_tag":[1990,1991,1988,1989,1992],"class_list":{"0":"post-6893","1":"product","2":"type-product","3":"status-publish","4":"has-post-thumbnail","6":"product_cat-globe-valve","7":"product_cat-cast-steel-globe-valve","8":"product_tag-150lb-b148-c95600-globe-valve","9":"product_tag-8-inch-b148-c95600-globe-valve","10":"product_tag-b148-c95600-globe-valve","11":"product_tag-bs1878-b148-c95600-globe-valve","12":"product_tag-c95600-globe-valve-manufacturer","14":"first","15":"instock","16":"shipping-taxable","17":"product-type-simple"},"_links":{"self":[{"href":"https:\/\/www.stvvalves.com\/de\/wp-json\/wp\/v2\/product\/6893","targetHints":{"allow":["GET"]}}],"collection":[{"href":"https:\/\/www.stvvalves.com\/de\/wp-json\/wp\/v2\/product"}],"about":[{"href":"https:\/\/www.stvvalves.com\/de\/wp-json\/wp\/v2\/types\/product"}],"wp:featuredmedia":[{"embeddable":true,"href":"https:\/\/www.stvvalves.com\/de\/wp-json\/wp\/v2\/media\/6894"}],"wp:attachment":[{"href":"https:\/\/www.stvvalves.com\/de\/wp-json\/wp\/v2\/media?parent=6893"}],"wp:term":[{"taxonomy":"product_brand","embeddable":true,"href":"https:\/\/www.stvvalves.com\/de\/wp-json\/wp\/v2\/product_brand?post=6893"},{"taxonomy":"product_cat","embeddable":true,"href":"https:\/\/www.stvvalves.com\/de\/wp-json\/wp\/v2\/product_cat?post=6893"},{"taxonomy":"product_tag","embeddable":true,"href":"https:\/\/www.stvvalves.com\/de\/wp-json\/wp\/v2\/product_tag?post=6893"}],"curies":[{"name":"wp","href":"https:\/\/api.w.org\/{rel}","templated":true}]}}