{"id":6916,"date":"2023-09-28T14:38:52","date_gmt":"2023-09-28T06:38:52","guid":{"rendered":"https:\/\/www.stvvalves.com\/?post_type=product&#038;p=6916"},"modified":"2024-12-24T20:11:33","modified_gmt":"2024-12-24T12:11:33","slug":"api-609-lug-type-butterfly-valve-150lb-16-inch-c95800","status":"publish","type":"product","link":"https:\/\/www.stvvalves.com\/de\/products\/api-609-lug-type-butterfly-valve-150lb-16-inch-c95800\/","title":{"rendered":"API 609-Absperrklappe, 150 LB, 16 Zoll, C95800"},"content":{"rendered":"<p>Design und Herstellung: API 609<\/p>\n<p>Face-to-Face-Abmessungen: API609, ISO5752, ASME B16.10<\/p>\n<p>Abmessungen der Flanschverbindung: ASME B16.5, ASME B16.47<\/p>\n<p>Test und Inspektion: API 598<\/p>\n<p>Druck-Temperatur-Bewertung: API 609, ASME B16.34<br \/>\nProduktauswahl<\/p>\n<p>Geh\u00e4usematerial: Gussstahl, Edelstahl, Monel<\/p>\n<p>Nenndurchmesser: 2\u2033\uff5e120\u2033\uff08DN50~DN3000\uff09<\/p>\n<p>Endverbindung: Doppelflansch, Wafer, Kabelschuh usw<\/p>\n<p>Druckbereich: Klasse 150 ~ 600 (PN16 ~ PN100)<\/p>\n<p>Arbeitstemperatur: -46\u2103 ~ +550\u2103<\/p>\n<p>Bedienung: Griff, Getriebe, elektrischer Antrieb usw<\/p>\n<p>Dichtungsstruktur, weiche Dichtung,<br \/>\nStopper-Treiber<br \/>\nISO 5211 Montagepad<br \/>\nVerbindung, Flansch, Wafer Lug-Wafer<br \/>\nBetrieb, Typ, manuell, Schneckengetriebe, elektrisch,<br \/>\nPneumatisch, hydraulisch<br \/>\nExzentrische Struktur, zentriert<\/p>\n<p>Wir sind ein professioneller Hersteller von Produkten der Absperrklappenserie. Das Unternehmen wurde 2006 mit einem Grundkapital von 11,18 Millionen Yuan gegr\u00fcndet. Seit seiner Gr\u00fcndung widmen wir uns der Erforschung und \u00d6ffnung von Produkten der Absperrklappenserie. Alle von unserem Unternehmen hergestellten Produkte der Absperrklappenserie verwenden jetzt unsere einzigartigen Formen und k\u00f6nnen unabh\u00e4ngig von der Wandst\u00e4rke des Ventilk\u00f6rpers, der Flanschdicke und der Baul\u00e4nge alle relevanten Standards erf\u00fcllen. Gie\u00dfereiformen, die von den meisten Herstellern auf dem Markt nicht h\u00e4ufig verwendet werden. Unser Produktionsumfang umfasst haupts\u00e4chlich Flansch-Absperrklappen, Wafer-Absperrklappen, Laschen-Absperrklappen und geschwei\u00dfte Absperrklappen. Der Nenndruck reicht von PN1-100150LB.600LB und die Spezifikationen reichen von DN40-1400 bis NPS2-60. Zu den beteiligten Normen geh\u00f6ren nationale Normen, das Ministerium f\u00fcr chemische Industrie und das Maschinenministerium sowie Exportnormen wie amerikanische Normen, deutsche Normen, japanische Normen, russische Normen und britische Normen<br \/>\nVon gew\u00f6hnlichem Gussstahl WCB, Edelstahl 304316304L, 316L bis hin zu Dualphasenstahl 2205, 2507, Nickel-Aluminium-Blau C95800, Material, Hastelloy und anderen Spezialst\u00e4hlen hat unser Unternehmen produziert.<\/p>","protected":false},"excerpt":{"rendered":"<p>STV Valve Technology Group Co., Ltd is a professional leader China C95800 butterfly valve,double eccentric butterfly valve\uff0cflanged butterfly valve,flanged butterfly valve,pneumatic butterfly valve,wafer butterfly valve,lug butterfly valve,triple offset butterfly valve,4 inch butterfly valve,6 inch butterfly valve,3 inch butterfly valve,8 inch butterfly valve,API 609 Lug Type Butterfly Valve\uff0c2 inch butterfly valve Manufacture with high quality and competitive price.<\/p>","protected":false},"featured_media":6919,"template":"","meta":[],"product_brand":[],"product_cat":[965,971],"product_tag":[1999,1998,1997],"class_list":{"0":"post-6916","1":"product","2":"type-product","3":"status-publish","4":"has-post-thumbnail","6":"product_cat-butterfly-valve","7":"product_cat-wafer-butterfly-valve","8":"product_tag-150lb-api-609-lug-type-butterfly-valve","9":"product_tag-16-inch-api-609-lug-type-butterfly-valve","10":"product_tag-api-609-lug-type-butterfly-valve","12":"first","13":"instock","14":"shipping-taxable","15":"product-type-simple"},"_links":{"self":[{"href":"https:\/\/www.stvvalves.com\/de\/wp-json\/wp\/v2\/product\/6916","targetHints":{"allow":["GET"]}}],"collection":[{"href":"https:\/\/www.stvvalves.com\/de\/wp-json\/wp\/v2\/product"}],"about":[{"href":"https:\/\/www.stvvalves.com\/de\/wp-json\/wp\/v2\/types\/product"}],"wp:featuredmedia":[{"embeddable":true,"href":"https:\/\/www.stvvalves.com\/de\/wp-json\/wp\/v2\/media\/6919"}],"wp:attachment":[{"href":"https:\/\/www.stvvalves.com\/de\/wp-json\/wp\/v2\/media?parent=6916"}],"wp:term":[{"taxonomy":"product_brand","embeddable":true,"href":"https:\/\/www.stvvalves.com\/de\/wp-json\/wp\/v2\/product_brand?post=6916"},{"taxonomy":"product_cat","embeddable":true,"href":"https:\/\/www.stvvalves.com\/de\/wp-json\/wp\/v2\/product_cat?post=6916"},{"taxonomy":"product_tag","embeddable":true,"href":"https:\/\/www.stvvalves.com\/de\/wp-json\/wp\/v2\/product_tag?post=6916"}],"curies":[{"name":"wp","href":"https:\/\/api.w.org\/{rel}","templated":true}]}}