{"id":6971,"date":"2023-11-02T12:54:07","date_gmt":"2023-11-02T04:54:07","guid":{"rendered":"https:\/\/www.stvvalves.com\/?post_type=product&#038;p=6971"},"modified":"2023-11-02T12:54:09","modified_gmt":"2023-11-02T04:54:09","slug":"c95800-bronze-swing-check-valve-12-inch-150lb-flange-end","status":"publish","type":"product","link":"https:\/\/www.stvvalves.com\/de\/products\/c95800-bronze-swing-check-valve-12-inch-150lb-flange-end\/","title":{"rendered":"C95800 Bronze-R\u00fcckschlagventil, 12 Zoll, 150 LB, Flanschende"},"content":{"rendered":"<p><strong>C95800 R\u00fcckschlagventil aus Bronze mit Flanschenden\u00a0<\/strong><\/p>\n<p><strong>R\u00fcckschlagklappen<\/strong>\u00a0sind unidirektionale Ventile, die den R\u00fcckfluss von Medien verhindern. Andere Bezeichnungen f\u00fcr diese Ventile sind R\u00fcckschlagventil oder R\u00fcckschlagventil. R\u00fcckschlagventile arbeiten automatisch, sodass weder ein Rad noch ein Stellantrieb erforderlich sind. Erw\u00e4gen Sie den Einsatz eines R\u00fcckschlagventils, wenn ein Schaden durch R\u00fcckfluss droht oder um eine Kontamination zu verhindern. Allerdings muss der einzelne Einlass und Auslass richtig ausgerichtet sein, um sicherzustellen, dass die R\u00fcckschlagventile ordnungsgem\u00e4\u00df funktionieren.<\/p>\n<p><b>PRODUKTDETAILS<\/b><br \/>\nVollst\u00e4ndig ge\u00f6ffnetes R\u00fcckschlagventil<\/p>\n<p>Es handelt sich um ein automatisches Ventil, wenn es durch die Kraft des in der Rohrleitung flie\u00dfenden Mediums automatisch ge\u00f6ffnet oder geschlossen wird.<br \/>\nSeine Hauptfunktion besteht darin, den R\u00fcckfluss des Mediums in der Rohrleitung zu verhindern.<br \/>\nR\u00fcckw\u00e4rtsdrehung der Pumpe und ihres Antriebsmotors sowie Entleerung des Mediums im Beh\u00e4lter.<\/p>\n<p><strong>Reichweite<\/strong><br \/>\nGr\u00f6\u00dfe: 2&#039;~48 Zoll DN50-DN1200<br \/>\nDruckstufe: 150LB ~ 1500LB<br \/>\nMaterial: C95800, C95400, C83600<br \/>\nGeeignete Temperatur: -196 \u00b0C bis 450 \u00b0C (unterschiedliche Temperaturen, verschiedene Materialien w\u00e4hlen).<br \/>\nGeeignetes Medium: Wasser, \u00d6l und Erdgas sowie andere \u00e4tzende Medien (unterschiedliche Rohstoffe f\u00fcr unterschiedliche Medien)<\/p>\n<p><strong>Standards<\/strong><br \/>\nDesign- und Herstellungsstandard: API 6D, BS 1868<br \/>\nDruck- und Temperaturstandard: ASME B16.34<br \/>\nStandard f\u00fcr Baul\u00e4ngenabmessungen: ASME B16.10<br \/>\nFlanschstandard: ASME B16.5, ASME B16.47<br \/>\nTesten und pr\u00fcfen: API 598<\/p>\n<p><strong>Merkmale<\/strong><br \/>\nSchwingscheibe;<br \/>\nKompakte und vern\u00fcnftige Produktstruktur;<br \/>\nKein menschliches Eingreifen erforderlich;<br \/>\nVerhindert wirksam den R\u00fcckfluss;<br \/>\nKann als Backup-System verwendet werden;<br \/>\nZuverl\u00e4ssige Dichtheit und gute Leistung;<br \/>\nSchnelles Schlie\u00dfen und flexible Bet\u00e4tigung des Ventiltellers;<br \/>\nKann mit einem D\u00e4mpfungszylinder ausgestattet werden;<br \/>\nGlatter Fl\u00fcssigkeitsdurchgang und geringer Fl\u00fcssigkeitswiderstand;<br \/>\nBei geringem Schlie\u00dfsto\u00df ist die Entstehung eines Wasserschlags unwahrscheinlich.<\/p>","protected":false},"excerpt":{"rendered":"<p>C95800 Bronze-R\u00fcckschlagventil, 12 Zoll, 150 LB, Flanschende STV Valve Technology Group Co., Ltd ist ein professioneller Marktf\u00fchrer in China ASTM C95800 Bronze-R\u00fcckschlagventil, BS1868 C95800 R\u00fcckschlagventil, 12 Zoll C95800 R\u00fcckschlagventil, 150 LB C95800 Swing R\u00fcckschlagventil, RF C95800 R\u00fcckschlagventil Hersteller mit hoher Qualit\u00e4t und wettbewerbsf\u00e4higem Preis.<\/p>","protected":false},"featured_media":6972,"template":"","meta":[],"product_brand":[],"product_cat":[46,67],"product_tag":[2029,2030,2028,2027,2031],"class_list":{"0":"post-6971","1":"product","2":"type-product","3":"status-publish","4":"has-post-thumbnail","6":"product_cat-check-valves","7":"product_cat-stainless-steel-check-valve","8":"product_tag-12-inch-c95800-swing-check-valve","9":"product_tag-150-lb-c95800-swing-check-valve","10":"product_tag-bs1868-c95800-swing-check-valve","11":"product_tag-china-astm-c95800-bronze-swing-check-valve","12":"product_tag-rf-c95800-swing-check-valve-manufacturer","14":"first","15":"instock","16":"shipping-taxable","17":"product-type-simple"},"_links":{"self":[{"href":"https:\/\/www.stvvalves.com\/de\/wp-json\/wp\/v2\/product\/6971","targetHints":{"allow":["GET"]}}],"collection":[{"href":"https:\/\/www.stvvalves.com\/de\/wp-json\/wp\/v2\/product"}],"about":[{"href":"https:\/\/www.stvvalves.com\/de\/wp-json\/wp\/v2\/types\/product"}],"wp:featuredmedia":[{"embeddable":true,"href":"https:\/\/www.stvvalves.com\/de\/wp-json\/wp\/v2\/media\/6972"}],"wp:attachment":[{"href":"https:\/\/www.stvvalves.com\/de\/wp-json\/wp\/v2\/media?parent=6971"}],"wp:term":[{"taxonomy":"product_brand","embeddable":true,"href":"https:\/\/www.stvvalves.com\/de\/wp-json\/wp\/v2\/product_brand?post=6971"},{"taxonomy":"product_cat","embeddable":true,"href":"https:\/\/www.stvvalves.com\/de\/wp-json\/wp\/v2\/product_cat?post=6971"},{"taxonomy":"product_tag","embeddable":true,"href":"https:\/\/www.stvvalves.com\/de\/wp-json\/wp\/v2\/product_tag?post=6971"}],"curies":[{"name":"wp","href":"https:\/\/api.w.org\/{rel}","templated":true}]}}