{"id":6976,"date":"2023-11-02T13:51:05","date_gmt":"2023-11-02T05:51:05","guid":{"rendered":"https:\/\/www.stvvalves.com\/?post_type=product&#038;p=6976"},"modified":"2023-11-02T13:51:06","modified_gmt":"2023-11-02T05:51:06","slug":"2500lb-axial-flow-check-valve-10-inch-wcb-body-flange-end","status":"publish","type":"product","link":"https:\/\/www.stvvalves.com\/de\/products\/2500lb-axial-flow-check-valve-10-inch-wcb-body-flange-end\/","title":{"rendered":"2500LB Axialfluss-R\u00fcckschlagventil, 10 Zoll, WCB-Geh\u00e4use, Flanschende"},"content":{"rendered":"<p><b><strong>2500LB Axialfluss-R\u00fcckschlagventil\u00a0<\/strong><\/b><\/p>\n<p>Produktmerkmale<\/p>\n<p>Zu API594<br \/>\nPers\u00f6nlich gem\u00e4\u00df ANSI B 16.10<br \/>\nFlanschendenabmessungen ANSI B 16,5\/ANSI B 16,47<\/p>\n<p>Endkontrolle nach API598.<\/p>\n<p>Verf\u00fcgbare Materialien in:<br \/>\nWCB, LCB, CF8, CF8M, CF3, CF3M, WC6, WC9, C5, C12 oder gleichwertig, erh\u00e4ltlich auch in Tieftemperaturst\u00e4hlen, niedriglegierten St\u00e4hlen, rostfreien St\u00e4hlen, Duplex-Edelst\u00e4hlen und anderen exotischen Materialien; Je nach Einsatzbedingungen stehen verschiedene Verkleidungsmaterialien zur Verf\u00fcgung<\/p>\n<p>Korrosionsschutz<br \/>\nEpoxidbeschichtung innen und au\u00dfen<\/p>\n<p>Anwendbare Temperatur:<br \/>\n-196-540 verschiedene Rohstoffe f\u00fcr unterschiedliche Arbeitstemperaturen<br \/>\nAnwendbares Medium: Wasser, \u00d6l, Gas und andere \u00e4tzende Medien (unterschiedliche Rohstoffe f\u00fcr unterschiedliche Medien)<\/p>","protected":false},"excerpt":{"rendered":"<p>STV Valve Technology Group Co., Ltd ist ein professioneller Marktf\u00fchrer in China 2500LB Axial Flow R\u00fcckschlagventil, 10 Zoll 2500LB Axial Flow R\u00fcckschlagventil, WCB 2500LB Axial Flow R\u00fcckschlagventil, Flanschende 2500LB Axial Flow R\u00fcckschlagventil Hersteller mit hoher Qualit\u00e4t und wettbewerbsf\u00e4higem Preis.<\/p>","protected":false},"featured_media":6977,"template":"","meta":[],"product_brand":[],"product_cat":[46,84],"product_tag":[2037,2036,2039,2038],"class_list":{"0":"post-6976","1":"product","2":"type-product","3":"status-publish","4":"has-post-thumbnail","6":"product_cat-check-valves","7":"product_cat-wafer-check-valve","8":"product_tag-10-inch-2500lb-axial-flow-check-valve","9":"product_tag-china-2500lb-axial-flow-check-valve","10":"product_tag-flange-end-2500lb-axial-flow-check-valve-manufacturer","11":"product_tag-wcb-2500lb-axial-flow-check-valve","13":"first","14":"instock","15":"shipping-taxable","16":"product-type-simple"},"_links":{"self":[{"href":"https:\/\/www.stvvalves.com\/de\/wp-json\/wp\/v2\/product\/6976","targetHints":{"allow":["GET"]}}],"collection":[{"href":"https:\/\/www.stvvalves.com\/de\/wp-json\/wp\/v2\/product"}],"about":[{"href":"https:\/\/www.stvvalves.com\/de\/wp-json\/wp\/v2\/types\/product"}],"wp:featuredmedia":[{"embeddable":true,"href":"https:\/\/www.stvvalves.com\/de\/wp-json\/wp\/v2\/media\/6977"}],"wp:attachment":[{"href":"https:\/\/www.stvvalves.com\/de\/wp-json\/wp\/v2\/media?parent=6976"}],"wp:term":[{"taxonomy":"product_brand","embeddable":true,"href":"https:\/\/www.stvvalves.com\/de\/wp-json\/wp\/v2\/product_brand?post=6976"},{"taxonomy":"product_cat","embeddable":true,"href":"https:\/\/www.stvvalves.com\/de\/wp-json\/wp\/v2\/product_cat?post=6976"},{"taxonomy":"product_tag","embeddable":true,"href":"https:\/\/www.stvvalves.com\/de\/wp-json\/wp\/v2\/product_tag?post=6976"}],"curies":[{"name":"wp","href":"https:\/\/api.w.org\/{rel}","templated":true}]}}