{"id":6983,"date":"2023-11-03T16:07:26","date_gmt":"2023-11-03T08:07:26","guid":{"rendered":"https:\/\/www.stvvalves.com\/?post_type=product&#038;p=6983"},"modified":"2023-11-03T16:07:27","modified_gmt":"2023-11-03T08:07:27","slug":"tilting-disc-check-valve-cf8m-body-150lb-4-inch","status":"publish","type":"product","link":"https:\/\/www.stvvalves.com\/de\/products\/tilting-disc-check-valve-cf8m-body-150lb-4-inch\/","title":{"rendered":"Kippbares Scheibenr\u00fcckschlagventil, CF8M-Geh\u00e4use, 150 LB, 4 Zoll"},"content":{"rendered":"<p>Die Dichtfl\u00e4che des Kippscheiben-R\u00fcckschlagventils ist mit einem kleinen Neigungswinkel gegen den Auslass geneigt, um Vibrationen zu reduzieren. Gleichzeitig gibt es im Geh\u00e4use eine Puffervorrichtung, die den Durchfluss puffern kann, um ein Zur\u00fcckdrehen der Pumpe und extrem hohen Wasserschlagdruck zu verhindern.<br \/>\nDie unterschiedliche Materialauswahl kann f\u00fcr Medien wie Wasser, Dampf, \u00d6le, Salpeters\u00e4ure, Essigs\u00e4ure, stark oxidierende Medien und Harnstoff usw. gelten.<\/p>\n<p><strong>Strukturelles Merkmal<\/strong><\/p>\n<p>Schnelles Schlie\u00dfen der Ventilscheibe, geringer Wasserschlagdruck;<br \/>\nAnwendbar und einfach zu installieren f\u00fcr vertikale oder horizontale Rohrleitungen;<br \/>\nGlatter Str\u00f6mungskanal und geringer Fl\u00fcssigkeitswiderstand;<br \/>\nFlexible Wirkung und gute Dichtleistung;<br \/>\nSchmaler Ventilhub und geringer Schlie\u00dfsto\u00df;<br \/>\nIntegrierte Struktur, einfach und kompakt, in sch\u00f6ner Form;<br \/>\nLange Lebensdauer und gute Zuverl\u00e4ssigkeit.<br \/>\nVersetzte Struktur mit optimaler Baul\u00e4nge, die den Str\u00f6mungswiderstand reduziert und Druckst\u00f6\u00dfe verhindert. Zum Schutz vor Medienr\u00fcckfluss.<\/p>\n<p><strong>Hauptparameterspezifikation<\/strong><\/p>\n<p>Design und Herstellung: API594<br \/>\nVon Angesicht zu Angesicht und von Ende zu Ende: API594<br \/>\nInspektion und Test: API598<\/p>\n<p><strong>Produktauswahl<\/strong><\/p>\n<p>Geh\u00e4usematerial: Kohlenstoffstahl, Edelstahl, legierter Stahl, Bronze<br \/>\nNenndurchmesser: 2\u2033~24\u2033(DN50~DN600)<br \/>\nEndverbindung: Wafer<br \/>\nDruckbereich: Klasse 150 bis 2500 (PN16 bis PN150)<br \/>\nArbeitstemperatur: -196 \u00b0C bis +560 \u00b0C<\/p>","protected":false},"excerpt":{"rendered":"<p>STV Valve Technology Group Co., Ltd ist ein professioneller Marktf\u00fchrer f\u00fcr Kippscheiben-R\u00fcckschlagventile in China, CF8M-Kippscheiben-R\u00fcckschlagventile, 150LB-Kippscheiben-R\u00fcckschlagventile, 4-Zoll-Kippscheiben-R\u00fcckschlagventile, Metallsitz-Kippscheiben-R\u00fcckschlagventile und API 594-Kippscheiben-R\u00fcckschlagventile Ventilhersteller mit hoher Qualit\u00e4t und wettbewerbsf\u00e4higem Preis.<\/p>","protected":false},"featured_media":6984,"template":"","meta":[],"product_brand":[],"product_cat":[46,84],"product_tag":[2052,2053,2055,2051,2050,2054],"class_list":{"0":"post-6983","1":"product","2":"type-product","3":"status-publish","4":"has-post-thumbnail","6":"product_cat-check-valves","7":"product_cat-wafer-check-valve","8":"product_tag-150lb-tilting-disc-check-valve","9":"product_tag-4-inch-tilting-disc-check-valve","10":"product_tag-api-594-tilting-disc-check-valve-manufacturer","11":"product_tag-cf8m-tilting-disc-check-valve","12":"product_tag-china-tilting-disc-check-valve-supplier","13":"product_tag-metal-seat-tilting-disc-check-valve","15":"first","16":"instock","17":"shipping-taxable","18":"product-type-simple"},"_links":{"self":[{"href":"https:\/\/www.stvvalves.com\/de\/wp-json\/wp\/v2\/product\/6983","targetHints":{"allow":["GET"]}}],"collection":[{"href":"https:\/\/www.stvvalves.com\/de\/wp-json\/wp\/v2\/product"}],"about":[{"href":"https:\/\/www.stvvalves.com\/de\/wp-json\/wp\/v2\/types\/product"}],"wp:featuredmedia":[{"embeddable":true,"href":"https:\/\/www.stvvalves.com\/de\/wp-json\/wp\/v2\/media\/6984"}],"wp:attachment":[{"href":"https:\/\/www.stvvalves.com\/de\/wp-json\/wp\/v2\/media?parent=6983"}],"wp:term":[{"taxonomy":"product_brand","embeddable":true,"href":"https:\/\/www.stvvalves.com\/de\/wp-json\/wp\/v2\/product_brand?post=6983"},{"taxonomy":"product_cat","embeddable":true,"href":"https:\/\/www.stvvalves.com\/de\/wp-json\/wp\/v2\/product_cat?post=6983"},{"taxonomy":"product_tag","embeddable":true,"href":"https:\/\/www.stvvalves.com\/de\/wp-json\/wp\/v2\/product_tag?post=6983"}],"curies":[{"name":"wp","href":"https:\/\/api.w.org\/{rel}","templated":true}]}}