{"id":6985,"date":"2023-12-05T12:48:12","date_gmt":"2023-12-05T04:48:12","guid":{"rendered":"https:\/\/www.stvvalves.com\/?post_type=product&#038;p=6985"},"modified":"2023-12-05T12:48:14","modified_gmt":"2023-12-05T04:48:14","slug":"flange-tilting-disc-check-valve-wcb-body-300lb-14-inch","status":"publish","type":"product","link":"https:\/\/www.stvvalves.com\/de\/products\/flange-tilting-disc-check-valve-wcb-body-300lb-14-inch\/","title":{"rendered":"Flansch-Kippscheiben-R\u00fcckschlagventil, WCB-Geh\u00e4use, 300 LB, 14 Zoll"},"content":{"rendered":"<div class=\"rich-text-table\">\n<table>\n<tbody>\n<tr>\n<td>Name<\/td>\n<td>Kippscheiben-R\u00fcckschlagventil<\/td>\n<\/tr>\n<tr>\n<td>Gr\u00f6\u00dfe<\/td>\n<td>2\u2033~24\u2033; DN50~DN600<\/td>\n<\/tr>\n<tr>\n<td>Normaler Druck<\/td>\n<td>Klasse 150\/300\/600\/900\/1500\/2500; PN16\/PN25\/PN40\/PN64\/PN100\/PN160\/PN250<\/td>\n<\/tr>\n<tr>\n<td>Designstandard<\/td>\n<td>BS1868, API 6D, ASME B16.34; DIN3356, EN10739<\/td>\n<\/tr>\n<tr>\n<td>Markiert<\/td>\n<td>MSS SP-25<\/td>\n<\/tr>\n<tr>\n<td>Endflansch<\/td>\n<td>ANSI B 16.5, ASME B16.47; EN1092,DIN2543~DIN2547,AS2129<\/td>\n<\/tr>\n<tr>\n<td>Angesicht zu Angesicht<\/td>\n<td>ANSI B 16.10, API 6D; DIN3202, EN558-1, EN12982, ISO 5752<\/td>\n<\/tr>\n<tr>\n<td>Pr\u00fcfstandard<\/td>\n<td>API598, API 6D; DIN3230, EN12266, ISO 5208<\/td>\n<\/tr>\n<tr>\n<td>Geeignete Temperatur<\/td>\n<td>-29~425\u00b0C<\/td>\n<\/tr>\n<tr>\n<td>Mittel<\/td>\n<td>S\u00fc\u00dfwasser, Abwasser, Meerwasser, Luft, Dampf, Lebensmittel, Medikamente, \u00d6le, Laugen, Salz usw.<\/td>\n<\/tr>\n<tr>\n<td>Saure Umgebung<\/td>\n<td>NACE MR0175<\/td>\n<\/tr>\n<\/tbody>\n<\/table>\n<\/div>\n<p><b><i>Struktur<\/i><\/b><\/p>\n<div class=\"rich-text-table\">\n<table>\n<tbody>\n<tr>\n<td>\u2013 Regul\u00e4rer Hafen<\/td>\n<\/tr>\n<tr>\n<td>\u2013 Verschraubte Motorhaube \/ Druckversiegelte Motorhaube \/ Geschwei\u00dfte Motorhaube<\/td>\n<\/tr>\n<tr>\n<td>\u00a0-PT-Bewertungen gem\u00e4\u00df ASME B16.34<\/td>\n<\/tr>\n<tr>\n<td>\u2013 Erneuerbarer Sitz<\/td>\n<\/tr>\n<tr>\n<td>\u2013 Sitzring mit Gewinde oder geschwei\u00dft<\/td>\n<\/tr>\n<tr>\n<td>\u2013 Design: BS1868, API 6D, DIN3356, EN10739, JIS, ANSI, GB<\/td>\n<\/tr>\n<tr>\n<td>\u2013 Stumpfschwei\u00dfenden nach ASME B16.25; DIN 3239, EN12627<\/td>\n<\/tr>\n<tr>\n<td>\u2013 Flanschenden nach ASME B16.5;DIN2543~DIN2547;EN1092<\/td>\n<\/tr>\n<tr>\n<td>\u2013 Gegossener oder geschmiedeter Kohlenstoffstahl, Edelstahl, Duplexstahl<\/td>\n<\/tr>\n<\/tbody>\n<\/table>\n<\/div>\n<p><b><i>Hauptteil und Materialien<\/i><\/b><\/p>\n<div class=\"rich-text-table\">\n<table>\n<tbody>\n<tr>\n<td>Teilenamen<\/td>\n<td colspan=\"8\">Teilematerialien<\/td>\n<\/tr>\n<tr>\n<td>K\u00f6rper<\/td>\n<td>WCB<\/td>\n<td>LCB<\/td>\n<td>WC6<\/td>\n<td>CF8<\/td>\n<td>CF8M<\/td>\n<td>CF3<\/td>\n<td>CF3M<\/td>\n<td>CE8MN\/CD4McN<\/td>\n<\/tr>\n<tr>\n<td>Abdeckung<\/td>\n<td>WCB<\/td>\n<td>LCB<\/td>\n<td>WC6<\/td>\n<td>CF8<\/td>\n<td>CF8M<\/td>\n<td>CF3<\/td>\n<td>CF3M<\/td>\n<td>CE8MN\/CD4McN<\/td>\n<\/tr>\n<tr>\n<td>Rabatt<\/td>\n<td>WCB<\/td>\n<td>LCB<\/td>\n<td>WC6<\/td>\n<td>CF8<\/td>\n<td>CF8M<\/td>\n<td>CF3<\/td>\n<td>CF3M<\/td>\n<td>CE8MN\/CD4McN<\/td>\n<\/tr>\n<tr>\n<td>Arm<\/td>\n<td>WCB<\/td>\n<td>LCB<\/td>\n<td>WC6<\/td>\n<td>CF8<\/td>\n<td>CF8M<\/td>\n<td>CF3<\/td>\n<td>CF3M<\/td>\n<td>CE8MN\/CD4McN<\/td>\n<\/tr>\n<tr>\n<td>Armstift<\/td>\n<td>A182 6a<\/td>\n<td>A182 304<\/td>\n<td>A182 304<\/td>\n<td>A182 304<\/td>\n<td>A182 316<\/td>\n<td>A182 304L<\/td>\n<td>A182 316L<\/td>\n<td>A182 F53\/F51<\/td>\n<\/tr>\n<tr>\n<td>Sitz\/Sitzring<\/td>\n<td>13%Cr<\/td>\n<td>SS304<\/td>\n<td>13%Cr<\/td>\n<td>SS304<\/td>\n<td>SS316<\/td>\n<td>SS304L<\/td>\n<td>SS316L<\/td>\n<td>A182 F53\/F51<\/td>\n<\/tr>\n<tr>\n<td>Deckeldichtung<\/td>\n<td colspan=\"8\">SS304+Graphit\/SS304+Graphit<\/td>\n<\/tr>\n<tr>\n<td>Schrauben Muttern<\/td>\n<td>B7\/2H<\/td>\n<td>L7\/4<\/td>\n<td>B16\/4<\/td>\n<td>B8\/8<\/td>\n<td>B8M\/8M<\/td>\n<td>B8\/8<\/td>\n<td>B8M\/8M<\/td>\n<td>B8M\/8M<\/td>\n<\/tr>\n<tr>\n<td>Geeignetes Medium<\/td>\n<td colspan=\"3\">WOG usw.<\/td>\n<td colspan=\"4\">HNO3, CH3OOH usw.<\/td>\n<td>Harnstoff usw.<\/td>\n<\/tr>\n<tr>\n<td>Geeignete Temperatur<\/td>\n<td>-29~425 \u00b0C<\/td>\n<td>-46~340 \u00b0C<\/td>\n<td>-29~538 \u00b0C<\/td>\n<td>-196~427 \u00b0C<\/td>\n<td>-196~427 \u00b0C<\/td>\n<td>-196~427 \u00b0C<\/td>\n<td>-196~427 \u00b0C<\/td>\n<td>-29~315 \u00b0C<\/td>\n<\/tr>\n<\/tbody>\n<\/table>\n<\/div>\n<p><b>Zeichnung<\/b><br \/>\n<img decoding=\"async\" src=\"https:\/\/image.made-in-china.com\/226f3j00ZnKVHPwqNAky\/ANSI-Stainless-Steel-ASTM-A351-CF8-Tilting-Disc-Check-Valve.webp\" alt=\"ANSI Stainless Steel ASTM A351 CF8 Tilting Disc Check Valve\" width=\"750px\" data-original=\"\/\/image.made-in-china.com\/226f3j00ZnKVHPwqNAky\/ANSI-Stainless-Steel-ASTM-A351-CF8-Tilting-Disc-Check-Valve.webp\" \/><\/p>","protected":false},"excerpt":{"rendered":"<p>STV Valve Technology Group Co., Ltd ist ein professioneller Marktf\u00fchrer in China, Hersteller von 300LB-Kippscheiben-R\u00fcckschlagventilen, 14-Zoll-Kippscheiben-R\u00fcckschlagventilen, WCB-Kippscheiben-R\u00fcckschlagventilen und Flanschend-Kippscheiben-R\u00fcckschlagventilen mit hoher Qualit\u00e4t und wettbewerbsf\u00e4higem Preis<\/p>","protected":false},"featured_media":6990,"template":"","meta":[],"product_brand":[],"product_cat":[46,84],"product_tag":[2063,2062,2065,2064],"class_list":{"0":"post-6985","1":"product","2":"type-product","3":"status-publish","4":"has-post-thumbnail","6":"product_cat-check-valves","7":"product_cat-wafer-check-valve","8":"product_tag-14-inch-tilting-disc-check-valve","9":"product_tag-china-300lb-tilting-disc-check-valve","10":"product_tag-flange-end-tilting-disc-check-valve-manufacturer","11":"product_tag-wcb-tilting-disc-check-valve","13":"first","14":"instock","15":"shipping-taxable","16":"product-type-simple"},"_links":{"self":[{"href":"https:\/\/www.stvvalves.com\/de\/wp-json\/wp\/v2\/product\/6985","targetHints":{"allow":["GET"]}}],"collection":[{"href":"https:\/\/www.stvvalves.com\/de\/wp-json\/wp\/v2\/product"}],"about":[{"href":"https:\/\/www.stvvalves.com\/de\/wp-json\/wp\/v2\/types\/product"}],"wp:featuredmedia":[{"embeddable":true,"href":"https:\/\/www.stvvalves.com\/de\/wp-json\/wp\/v2\/media\/6990"}],"wp:attachment":[{"href":"https:\/\/www.stvvalves.com\/de\/wp-json\/wp\/v2\/media?parent=6985"}],"wp:term":[{"taxonomy":"product_brand","embeddable":true,"href":"https:\/\/www.stvvalves.com\/de\/wp-json\/wp\/v2\/product_brand?post=6985"},{"taxonomy":"product_cat","embeddable":true,"href":"https:\/\/www.stvvalves.com\/de\/wp-json\/wp\/v2\/product_cat?post=6985"},{"taxonomy":"product_tag","embeddable":true,"href":"https:\/\/www.stvvalves.com\/de\/wp-json\/wp\/v2\/product_tag?post=6985"}],"curies":[{"name":"wp","href":"https:\/\/api.w.org\/{rel}","templated":true}]}}