{"id":6988,"date":"2023-12-04T14:42:09","date_gmt":"2023-12-04T06:42:09","guid":{"rendered":"https:\/\/www.stvvalves.com\/?post_type=product&#038;p=6988"},"modified":"2025-05-20T20:38:45","modified_gmt":"2025-05-20T12:38:45","slug":"904l-knife-gate-valve-24-inch-150lb-lugged-type","status":"publish","type":"product","link":"https:\/\/www.stvvalves.com\/de\/products\/904l-knife-gate-valve-24-inch-150lb-lugged-type\/","title":{"rendered":"904L-Plattenschieber, 24 Zoll, 150 lb, Ausf\u00fchrung mit Laschen"},"content":{"rendered":"<p>904L-Plattenschieber, 24 Zoll, 150 lb, Ausf\u00fchrung mit Laschen<br \/>\nUnidirektionales Design<br \/>\nGeh\u00e4use aus Gussstahl mit Vollflansch<br \/>\nSelbstreinigungsmechanismus<br \/>\nSteigender Vorbau, Au\u00dfenschraube und Joch<br \/>\nJochtyp: Platte oder Guss<\/p>\n<p>Anwendbare Standards f\u00fcr Flanschschieberventile:<br \/>\na) Design und Herstellung: MSS SP-61, ASME 16.34<br \/>\nb) Pers\u00f6nlich: MSS SP-81, ASME B16.10, EN 558<br \/>\nc) Anschlussende: ASME B16.5, EN 1092, JIS B2220<br \/>\nd) Test: MSS SP-81<\/p>\n<p>Gr\u00f6\u00dfen: 2\u2033 \u2013 48\u2033 oder DN 50 \u2013 DN 1200<br \/>\nDruckstufe: Klasse 150 oder PN6 \u2013 PN16<br \/>\nMaterialien des Ventilk\u00f6rpers: WCB, LCB, WC6, CF8, CF3, CF8M, CF3M, 4A usw.<br \/>\nBedienung: Manuell, Getriebe, pneumatisch, hydraulisch und elektrisch<\/p>\n<table>\n<tbody>\n<tr>\n<td width=\"200\"><strong>Produktname<\/strong><\/td>\n<td width=\"481\">904L-Plattenschieber, 24 Zoll, 150 lb, Ausf\u00fchrung mit Laschen<\/td>\n<\/tr>\n<tr>\n<td width=\"200\">1. Material<\/td>\n<td width=\"481\">904L<\/td>\n<\/tr>\n<tr>\n<td width=\"200\">2. Gr\u00f6\u00dfe<\/td>\n<td width=\"481\">24 Zoll<\/td>\n<\/tr>\n<tr>\n<td width=\"200\">4. Hafen<\/td>\n<td width=\"481\">Vollst\u00e4ndiger Port<\/td>\n<\/tr>\n<tr>\n<td width=\"200\">5. Arbeitsdruck<\/td>\n<td width=\"481\">150 Pfund<\/td>\n<\/tr>\n<tr>\n<td width=\"200\">6. Verbindung endet<\/td>\n<td width=\"481\">RF<\/td>\n<\/tr>\n<tr>\n<td width=\"200\">7. Arbeitstemperatur.<\/td>\n<td width=\"481\">-29~425 \u00b0C,<\/td>\n<\/tr>\n<tr>\n<td width=\"200\">8. Geeignetes Medium<\/td>\n<td width=\"481\">Wasser, Erdgas, \u00d6l und einige \u00e4tzende Fl\u00fcssigkeiten<\/td>\n<\/tr>\n<tr>\n<td width=\"200\">9. Betrieben<\/td>\n<td width=\"481\">Handrad<\/td>\n<\/tr>\n<tr>\n<td width=\"200\">10. Inspektion und Pr\u00fcfung<\/td>\n<td width=\"481\">Gem\u00e4\u00df API598<\/td>\n<\/tr>\n<tr>\n<td width=\"200\"><strong>Sendung<\/strong><\/td>\n<td width=\"481\"><\/td>\n<\/tr>\n<tr>\n<td width=\"200\">Lieferzeit<\/td>\n<td width=\"481\">30 Tage<\/td>\n<\/tr>\n<tr>\n<td width=\"200\">Paket<\/td>\n<td width=\"481\">Standard-Export-Sperrholzkiste<\/td>\n<\/tr>\n<tr>\n<td width=\"200\">Hafen<\/td>\n<td width=\"481\">Ningbo\/Shanghai, China<\/td>\n<\/tr>\n<tr>\n<td width=\"200\">Versandbedingungen<\/td>\n<td width=\"481\">Exw, FOB, CFR, CIF usw.<\/td>\n<\/tr>\n<tr>\n<td width=\"200\">Zahlungsbedingungen<\/td>\n<td width=\"481\">T\/T, Western Union, PayPal usw.<\/td>\n<\/tr>\n<tr>\n<td width=\"200\"><\/td>\n<td width=\"481\">30% Vorauszahlung, 70% Restbetrag vor dem Versand bezahlt<\/td>\n<\/tr>\n<tr>\n<td width=\"200\">Herkunftsland<\/td>\n<td width=\"481\">Stadt Wenzhou, China<\/td>\n<\/tr>\n<tr>\n<td width=\"200\">Produktionskapazit\u00e4t<\/td>\n<td width=\"481\">6000 Tonnen\/Jahr<\/td>\n<\/tr>\n<tr>\n<td width=\"200\">Mindestbestellmenge<\/td>\n<td width=\"481\">1 St\u00fcck\/Gr\u00f6\u00dfe<\/td>\n<\/tr>\n<\/tbody>\n<\/table>\n<p>&nbsp;<\/p>","protected":false},"excerpt":{"rendered":"<p>STV Valve Technology Group Co., Ltd ist ein professioneller Marktf\u00fchrer f\u00fcr China-Messerschieber, 904L-Messerschieber, 24-Zoll-Messerschieber, Laschenschieber, China-Getriebe, 150LB-Messerschieber mit hoher Qualit\u00e4t und wettbewerbsf\u00e4higem Preis.<\/p>","protected":false},"featured_media":6989,"template":"","meta":[],"product_brand":[],"product_cat":[44,62],"product_tag":[2061,2058,2057,2060,2056,2059],"class_list":{"0":"post-6988","1":"product","2":"type-product","3":"status-publish","4":"has-post-thumbnail","6":"product_cat-gate-valve","7":"product_cat-knife-gate-valve","8":"product_tag-150lb-knife-gate-valve-manufacturer","9":"product_tag-24-inch-knife-gate-valve","10":"product_tag-904l-knife-gate-valve","11":"product_tag-china-gear-box","12":"product_tag-china-knife-gate-valve","13":"product_tag-lug-type-knife-gate-valve","15":"first","16":"instock","17":"shipping-taxable","18":"product-type-simple"},"_links":{"self":[{"href":"https:\/\/www.stvvalves.com\/de\/wp-json\/wp\/v2\/product\/6988","targetHints":{"allow":["GET"]}}],"collection":[{"href":"https:\/\/www.stvvalves.com\/de\/wp-json\/wp\/v2\/product"}],"about":[{"href":"https:\/\/www.stvvalves.com\/de\/wp-json\/wp\/v2\/types\/product"}],"wp:featuredmedia":[{"embeddable":true,"href":"https:\/\/www.stvvalves.com\/de\/wp-json\/wp\/v2\/media\/6989"}],"wp:attachment":[{"href":"https:\/\/www.stvvalves.com\/de\/wp-json\/wp\/v2\/media?parent=6988"}],"wp:term":[{"taxonomy":"product_brand","embeddable":true,"href":"https:\/\/www.stvvalves.com\/de\/wp-json\/wp\/v2\/product_brand?post=6988"},{"taxonomy":"product_cat","embeddable":true,"href":"https:\/\/www.stvvalves.com\/de\/wp-json\/wp\/v2\/product_cat?post=6988"},{"taxonomy":"product_tag","embeddable":true,"href":"https:\/\/www.stvvalves.com\/de\/wp-json\/wp\/v2\/product_tag?post=6988"}],"curies":[{"name":"wp","href":"https:\/\/api.w.org\/{rel}","templated":true}]}}