{"id":7008,"date":"2023-12-07T14:32:15","date_gmt":"2023-12-07T06:32:15","guid":{"rendered":"https:\/\/www.stvvalves.com\/?post_type=product&#038;p=7008"},"modified":"2024-12-24T15:44:53","modified_gmt":"2024-12-24T07:44:53","slug":"2-pc-ball-valve-6000psi-a105n-316-trim-peek-seat","status":"publish","type":"product","link":"https:\/\/www.stvvalves.com\/de\/products\/2-pc-ball-valve-6000psi-a105n-316-trim-peek-seat\/","title":{"rendered":"2-teiliger Kugelhahn 6000 PSI, A105N, Innengarnitur 316, Peek-Sitz"},"content":{"rendered":"<p>2-teiliges K\u00f6rperdesign<br \/>\n2-teiliger 5000PSI-Kugelhahn<br \/>\n2-teiliger Kugelhahn mit geschmiedetem Stahldraht und vollem Durchgang<br \/>\nDieses Produkt ist auf die Belieferung von Kunden mit Erd\u00f6lpipeline-Ausr\u00fcstung spezialisiert.<br \/>\nDruckbereich: 5000 PSI<br \/>\nGr\u00f6\u00dfenbereich: DN15-DN50<br \/>\nTemperaturbereich: -29~220 \u2103<br \/>\nAnwendbare Materialien: A105\/SS304\/SS316\/Edelstahl Duplexstahl 2205 usw.<br \/>\nAnwendungsbereich der Verbindungsmethode: BSPT\/NPT\/ISO7-1<\/p>\n<p>Design- und Herstellungsstandard: API 608, API 607, API 6D, BS 5351<\/p>\n<p>Face-to-Face-Standard: API B16.10, API 6D, DIN 3202<br \/>\nEndverbindungsstandard: NPT, BSP, BSPT, DIN259\/2999<\/p>\n<p>Teststandard: ISO5208, API 6D, BS 6755, API598<br \/>\nGeh\u00e4usematerial: A105, F304, F316<\/p>\n<p>Sitz: RPTFE, PPL, Nylon<\/p>\n<p>Arbeitstemperatur: -40\u2013180 \u00b0C<\/p>\n<p>Geeignet: Wasser, \u00d6l, Gas<\/p>\n<table>\n<tbody>\n<tr>\n<td width=\"200\"><strong>Produktname<\/strong><\/td>\n<td width=\"481\">2-teiliger Kugelhahn 6000 PSI, A105N, Innengarnitur 316, Peek-Sitz<\/td>\n<\/tr>\n<tr>\n<td width=\"200\">1. Material<\/td>\n<td width=\"481\">A105<\/td>\n<\/tr>\n<tr>\n<td width=\"200\">2. Gr\u00f6\u00dfe<\/td>\n<td width=\"481\">2&quot;<\/td>\n<\/tr>\n<tr>\n<td width=\"200\">4. Hafen<\/td>\n<td width=\"481\">Vollst\u00e4ndiger Port<\/td>\n<\/tr>\n<tr>\n<td width=\"200\">5. Arbeitsdruck<\/td>\n<td width=\"481\">6000PSI<\/td>\n<\/tr>\n<tr>\n<td width=\"200\">6. Verbindung endet<\/td>\n<td width=\"481\">NVV<\/td>\n<\/tr>\n<tr>\n<td width=\"200\">7. Arbeitstemperatur.<\/td>\n<td width=\"481\">-29~120 \u00b0C,<\/td>\n<\/tr>\n<tr>\n<td width=\"200\">8. Geeignetes Medium<\/td>\n<td width=\"481\">Wasser, Erdgas, \u00d6l und einige \u00e4tzende Fl\u00fcssigkeiten<\/td>\n<\/tr>\n<tr>\n<td width=\"200\">9. Betrieben<\/td>\n<td width=\"481\">Handrad<\/td>\n<\/tr>\n<tr>\n<td width=\"200\">10. Inspektion und Pr\u00fcfung<\/td>\n<td width=\"481\">Gem\u00e4\u00df API598<\/td>\n<\/tr>\n<tr>\n<td width=\"200\"><strong>Sendung<\/strong><\/td>\n<td width=\"481\"><\/td>\n<\/tr>\n<tr>\n<td width=\"200\">Lieferzeit<\/td>\n<td width=\"481\">30 Tage<\/td>\n<\/tr>\n<tr>\n<td width=\"200\">Paket<\/td>\n<td width=\"481\">Standard-Export-Sperrholzkiste<\/td>\n<\/tr>\n<tr>\n<td width=\"200\">Hafen<\/td>\n<td width=\"481\">Ningbo\/Shanghai, China<\/td>\n<\/tr>\n<tr>\n<td width=\"200\">Versandbedingungen<\/td>\n<td width=\"481\">Exw, FOB, CFR, CIF usw.<\/td>\n<\/tr>\n<tr>\n<td width=\"200\">Zahlungsbedingungen<\/td>\n<td width=\"481\">T\/T, Western Union, PayPal usw.<\/td>\n<\/tr>\n<tr>\n<td width=\"200\"><\/td>\n<td width=\"481\">30% Vorauszahlung, 70% Restbetrag vor dem Versand bezahlt<\/td>\n<\/tr>\n<tr>\n<td width=\"200\">Herkunftsland<\/td>\n<td width=\"481\">Stadt Wenzhou, China<\/td>\n<\/tr>\n<tr>\n<td width=\"200\">Produktionskapazit\u00e4t<\/td>\n<td width=\"481\">6000 Tonnen\/Jahr<\/td>\n<\/tr>\n<tr>\n<td width=\"200\">Mindestbestellmenge<\/td>\n<td width=\"481\">1 St\u00fcck\/Gr\u00f6\u00dfe<\/td>\n<\/tr>\n<\/tbody>\n<\/table>","protected":false},"excerpt":{"rendered":"<p>STV Valve Technology Group Co., Ltd is a professional leader China 2-PC Ball Valve 6000PSI,2-PC Ball Valve, 6000PSI 2-PC Ball Valve,A105N 2-PC Ball Valve,316 Trim 2-PC Ball Valve,Peek Seat 2-PC Ball Valve,High pressure Ball Valve,Thread\u00a0 Ball Valve, China Forged Steel Ball Valve Manufacturer with high quality and competitive price.<\/p>","protected":false},"featured_media":7009,"template":"","meta":[],"product_brand":[],"product_cat":[43,55,79],"product_tag":[2097,2095,2096,2094,2100,208,2098,2099],"class_list":{"0":"post-7008","1":"product","2":"type-product","3":"status-publish","4":"has-post-thumbnail","6":"product_cat-ball-valve","7":"product_cat-forged-steel-ball-valve","8":"product_cat-threaded-ball-valve","9":"product_tag-316-trim-2-pc-ball-valve","10":"product_tag-6000psi-2-pc-ball-valve","11":"product_tag-a105n-2-pc-ball-valve","12":"product_tag-china-2-pc-ball-valve","13":"product_tag-china-forged-steel-ball-valve-manufacturer","14":"product_tag-high-pressure-ball-valve","15":"product_tag-peek-seat-2-pc-ball-valve","16":"product_tag-thread-ball-valve","18":"first","19":"instock","20":"shipping-taxable","21":"product-type-simple"},"_links":{"self":[{"href":"https:\/\/www.stvvalves.com\/de\/wp-json\/wp\/v2\/product\/7008","targetHints":{"allow":["GET"]}}],"collection":[{"href":"https:\/\/www.stvvalves.com\/de\/wp-json\/wp\/v2\/product"}],"about":[{"href":"https:\/\/www.stvvalves.com\/de\/wp-json\/wp\/v2\/types\/product"}],"wp:featuredmedia":[{"embeddable":true,"href":"https:\/\/www.stvvalves.com\/de\/wp-json\/wp\/v2\/media\/7009"}],"wp:attachment":[{"href":"https:\/\/www.stvvalves.com\/de\/wp-json\/wp\/v2\/media?parent=7008"}],"wp:term":[{"taxonomy":"product_brand","embeddable":true,"href":"https:\/\/www.stvvalves.com\/de\/wp-json\/wp\/v2\/product_brand?post=7008"},{"taxonomy":"product_cat","embeddable":true,"href":"https:\/\/www.stvvalves.com\/de\/wp-json\/wp\/v2\/product_cat?post=7008"},{"taxonomy":"product_tag","embeddable":true,"href":"https:\/\/www.stvvalves.com\/de\/wp-json\/wp\/v2\/product_tag?post=7008"}],"curies":[{"name":"wp","href":"https:\/\/api.w.org\/{rel}","templated":true}]}}