{"id":7013,"date":"2023-12-07T15:10:43","date_gmt":"2023-12-07T07:10:43","guid":{"rendered":"https:\/\/www.stvvalves.com\/?post_type=product&#038;p=7013"},"modified":"2024-12-24T19:13:23","modified_gmt":"2024-12-24T11:13:23","slug":"2-pc-ball-valve-3000-wog-cf8m1-inch-weld-bonnet","status":"publish","type":"product","link":"https:\/\/www.stvvalves.com\/de\/products\/2-pc-ball-valve-3000-wog-cf8m1-inch-weld-bonnet\/","title":{"rendered":"2-teiliger Kugelhahn 3000 WOG, CF8M, 1 Zoll, Schwei\u00dfhaube"},"content":{"rendered":"<p>2-teiliges, abgedichtetes, geschwei\u00dftes Kugelventil, Kugelventil mit vollem Durchgang, 3000 WOG<br \/>\n1). FEINGUSSK\u00d6RPER<br \/>\n2).Arbeitsdruck: 3000 psi<br \/>\n3).MIT VERRIEGELUNGSVORRICHTUNG<br \/>\n4).PR\u00dcFDRUCK:<br \/>\nGEH\u00c4USE: 4500 PSI (HYDROSTATISCH)<br \/>\n5). SITZ: 100 PSI (LUFT)<br \/>\n6). Ausblassicheres Schaftdesign<br \/>\n7). ENDANSCHLUSS: NPT, BSPT, BSP, DIN<br \/>\n8). GR\u00d6SSE: 1\/4\u2033-2\u2033<\/p>","protected":false},"excerpt":{"rendered":"<p>STV Valve Technology Group Co., Ltd ist ein professioneller Marktf\u00fchrer f\u00fcr China 2-PC-Kugelhahn 3000 WOG, CF8M 3000 WOG-Kugelhahn, 316 Trim-Kugelhahn, 1-Zoll-Kugelhahn, Kugelhahn mit geschwei\u00dfter Haube, 2-teiliger Kugelhahn, Peek Sitz-2-PC-Kugelhahn, Hochdruck-Kugelhahn, Gewinde-Kugelhahn, China-Kugelhahn mit vollem Anschluss, Hersteller mit hoher Qualit\u00e4t und wettbewerbsf\u00e4higem Preis.<\/p>","protected":false},"featured_media":7014,"template":"","meta":[],"product_brand":[],"product_cat":[43,78,79],"product_tag":[166,2105,2103,2107,2106,2108,208,2098,2099,2104],"class_list":{"0":"post-7013","1":"product","2":"type-product","3":"status-publish","4":"has-post-thumbnail","6":"product_cat-ball-valve","7":"product_cat-floating-ball-valve","8":"product_cat-threaded-ball-valve","9":"product_tag-1-inch-ball-valve","10":"product_tag-2-pc-ball-valve","11":"product_tag-316-trim-ball-valve","12":"product_tag-cf8m-3000-wog-ball-valve","13":"product_tag-china-2-pc-ball-valve-3000-wog","14":"product_tag-china-full-port-ball-valve-manufacturer","15":"product_tag-high-pressure-ball-valve","16":"product_tag-peek-seat-2-pc-ball-valve","17":"product_tag-thread-ball-valve","18":"product_tag-weld-bonnet-ball-valve","20":"first","21":"instock","22":"shipping-taxable","23":"product-type-simple"},"_links":{"self":[{"href":"https:\/\/www.stvvalves.com\/de\/wp-json\/wp\/v2\/product\/7013","targetHints":{"allow":["GET"]}}],"collection":[{"href":"https:\/\/www.stvvalves.com\/de\/wp-json\/wp\/v2\/product"}],"about":[{"href":"https:\/\/www.stvvalves.com\/de\/wp-json\/wp\/v2\/types\/product"}],"wp:featuredmedia":[{"embeddable":true,"href":"https:\/\/www.stvvalves.com\/de\/wp-json\/wp\/v2\/media\/7014"}],"wp:attachment":[{"href":"https:\/\/www.stvvalves.com\/de\/wp-json\/wp\/v2\/media?parent=7013"}],"wp:term":[{"taxonomy":"product_brand","embeddable":true,"href":"https:\/\/www.stvvalves.com\/de\/wp-json\/wp\/v2\/product_brand?post=7013"},{"taxonomy":"product_cat","embeddable":true,"href":"https:\/\/www.stvvalves.com\/de\/wp-json\/wp\/v2\/product_cat?post=7013"},{"taxonomy":"product_tag","embeddable":true,"href":"https:\/\/www.stvvalves.com\/de\/wp-json\/wp\/v2\/product_tag?post=7013"}],"curies":[{"name":"wp","href":"https:\/\/api.w.org\/{rel}","templated":true}]}}