{"id":7039,"date":"2024-01-29T21:25:07","date_gmt":"2024-01-29T13:25:07","guid":{"rendered":"https:\/\/www.stvvalves.com\/?post_type=product&#038;p=7039"},"modified":"2024-12-24T20:07:44","modified_gmt":"2024-12-24T12:07:44","slug":"4-inch-wafer-butterfly-valve-150lb-c95800-lever-handle","status":"publish","type":"product","link":"https:\/\/www.stvvalves.com\/de\/products\/4-inch-wafer-butterfly-valve-150lb-c95800-lever-handle\/","title":{"rendered":"4 Inch Wafer Butterfly Valve,150LB,C95800,Lever Handle"},"content":{"rendered":"<p>Design und Herstellung: API 609<\/p>\n<p>Face-to-Face-Abmessungen: API609, ISO5752, ASME B16.10<\/p>\n<p>Abmessungen der Flanschverbindung: ASME B16.5, ASME B16.47<\/p>\n<p>Test und Inspektion: API 598<\/p>\n<p>Druck-Temperatur-Bewertung: API 609, ASME B16.34<br \/>\nProduktauswahl<\/p>\n<p>Geh\u00e4usematerial: Gussstahl, Edelstahl, Monel<\/p>\n<p>Nenndurchmesser: 2\u2033\uff5e120\u2033\uff08DN50~DN3000\uff09<\/p>\n<p>Endverbindung: Doppelflansch, Wafer, Kabelschuh usw<\/p>\n<p>Druckbereich: Klasse 150 ~ 600 (PN16 ~ PN100)<\/p>\n<p>Arbeitstemperatur: -46\u2103 ~ +550\u2103<\/p>\n<p>Bedienung: Griff, Getriebe, elektrischer Antrieb usw<\/p>\n<p>Bedienung: Griff, Getriebe, elektrischer Antrieb usw<\/p>\n<table>\n<tbody>\n<tr>\n<td width=\"200\"><strong><b>Produktname<\/b><\/strong><\/td>\n<td width=\"481\">4 Inch Wafer Butterfly Valve,150LB,C95800,Lever Handle<\/td>\n<\/tr>\n<tr>\n<td width=\"200\">1. Material<\/td>\n<td width=\"481\">C9500<\/td>\n<\/tr>\n<tr>\n<td width=\"200\">2. Gr\u00f6\u00dfe<\/td>\n<td width=\"481\">4&quot;<\/td>\n<\/tr>\n<tr>\n<td width=\"200\">4. Hafen<\/td>\n<td width=\"481\">Vollst\u00e4ndiger Port<\/td>\n<\/tr>\n<tr>\n<td width=\"200\">5. Arbeitsdruck<\/td>\n<td width=\"481\">150 Pfund<\/td>\n<\/tr>\n<tr>\n<td width=\"200\">6. Verbindung endet<\/td>\n<td width=\"481\">WAFER<\/td>\n<\/tr>\n<tr>\n<td width=\"200\">7. Arbeitstemperatur.<\/td>\n<td width=\"481\">-29~120 \u00b0C,<\/td>\n<\/tr>\n<tr>\n<td width=\"200\">8. Geeignetes Medium<\/td>\n<td width=\"481\">Wasser, Erdgas, \u00d6l und einige \u00e4tzende Fl\u00fcssigkeiten<\/td>\n<\/tr>\n<tr>\n<td width=\"200\">9. Betrieben<\/td>\n<td width=\"481\">Getriebe<\/td>\n<\/tr>\n<tr>\n<td width=\"200\">10. Inspektion und Pr\u00fcfung<\/td>\n<td width=\"481\">Gem\u00e4\u00df API 598<\/td>\n<\/tr>\n<tr>\n<td width=\"200\">Sendung<\/td>\n<td width=\"481\"><\/td>\n<\/tr>\n<tr>\n<td width=\"200\">Lieferzeit<\/td>\n<td width=\"481\">30 Tage<\/td>\n<\/tr>\n<tr>\n<td width=\"200\">Paket<\/td>\n<td width=\"481\">Standard-Export-Sperrholzkiste<\/td>\n<\/tr>\n<tr>\n<td width=\"200\">Hafen<\/td>\n<td width=\"481\">Ningbo\/Shanghai, China<\/td>\n<\/tr>\n<tr>\n<td width=\"200\">Versandbedingungen<\/td>\n<td width=\"481\">Exw, FOB, CFR, CIF usw.<\/td>\n<\/tr>\n<tr>\n<td width=\"200\">Zahlungsbedingungen<\/td>\n<td width=\"481\">T\/T, Western Union, PayPal usw.<\/td>\n<\/tr>\n<tr>\n<td width=\"200\"><\/td>\n<td width=\"481\">30% Vorauszahlung, 70% Restbetrag vor dem Versand bezahlt<\/td>\n<\/tr>\n<tr>\n<td width=\"200\">Herkunftsland<\/td>\n<td width=\"481\">Stadt Wenzhou, China<\/td>\n<\/tr>\n<tr>\n<td width=\"200\">Produktionskapazit\u00e4t<\/td>\n<td width=\"481\">6000 Tonnen\/Jahr<\/td>\n<\/tr>\n<tr>\n<td width=\"200\">Mindestbestellmenge<\/td>\n<td width=\"481\">10 St\u00fcck\/Gr\u00f6\u00dfe<\/td>\n<\/tr>\n<\/tbody>\n<\/table>","protected":false},"excerpt":{"rendered":"<p>STV Valve Technology Group Co., Ltd is a professional leader China Wafer Butterfly Valve,High performance Butterfly Valves,Wafer Butterfly Valves,Triple Eccentric Butterfly Valve,4 Inch Wafer Butterfly Valve,150LB Wafer Butterfly Valve,C95800 Wafer Butterfly Valve,Lever Handle Wafer Butterfly Valve Manufacture with high quality and competitive price<\/p>","protected":false},"featured_media":7040,"template":"","meta":[],"product_brand":[],"product_cat":[965,971],"product_tag":[2144,2143,2145,2142,732,2146,733,700],"class_list":{"0":"post-7039","1":"product","2":"type-product","3":"status-publish","4":"has-post-thumbnail","6":"product_cat-butterfly-valve","7":"product_cat-wafer-butterfly-valve","8":"product_tag-150lb-wafer-butterfly-valve","9":"product_tag-4-inch-wafer-butterfly-valve","10":"product_tag-c95800-wafer-butterfly-valve","11":"product_tag-china-wafer-butterfly-valve","12":"product_tag-high-performance-butterfly-valves","13":"product_tag-lever-handle-wafer-butterfly-valve-manufacture","14":"product_tag-triple-eccentric-butterfly-valve","15":"product_tag-wafer-butterfly-valves","17":"first","18":"instock","19":"shipping-taxable","20":"product-type-simple"},"_links":{"self":[{"href":"https:\/\/www.stvvalves.com\/de\/wp-json\/wp\/v2\/product\/7039","targetHints":{"allow":["GET"]}}],"collection":[{"href":"https:\/\/www.stvvalves.com\/de\/wp-json\/wp\/v2\/product"}],"about":[{"href":"https:\/\/www.stvvalves.com\/de\/wp-json\/wp\/v2\/types\/product"}],"wp:featuredmedia":[{"embeddable":true,"href":"https:\/\/www.stvvalves.com\/de\/wp-json\/wp\/v2\/media\/7040"}],"wp:attachment":[{"href":"https:\/\/www.stvvalves.com\/de\/wp-json\/wp\/v2\/media?parent=7039"}],"wp:term":[{"taxonomy":"product_brand","embeddable":true,"href":"https:\/\/www.stvvalves.com\/de\/wp-json\/wp\/v2\/product_brand?post=7039"},{"taxonomy":"product_cat","embeddable":true,"href":"https:\/\/www.stvvalves.com\/de\/wp-json\/wp\/v2\/product_cat?post=7039"},{"taxonomy":"product_tag","embeddable":true,"href":"https:\/\/www.stvvalves.com\/de\/wp-json\/wp\/v2\/product_tag?post=7039"}],"curies":[{"name":"wp","href":"https:\/\/api.w.org\/{rel}","templated":true}]}}