{"id":7062,"date":"2024-01-30T16:50:00","date_gmt":"2024-01-30T08:50:00","guid":{"rendered":"https:\/\/www.stvvalves.com\/?post_type=product&#038;p=7062"},"modified":"2024-01-30T16:50:01","modified_gmt":"2024-01-30T08:50:01","slug":"f11-forged-steel-y-strainer-150lb-butt-weld-end","status":"publish","type":"product","link":"https:\/\/www.stvvalves.com\/de\/products\/f11-forged-steel-y-strainer-150lb-butt-weld-end\/","title":{"rendered":"F11 Forged Steel Y Strainer,150LB, Butt Weld End"},"content":{"rendered":"<p>1. Schraubenhaube, Schraubenhaube,<br \/>\nStumpfgeschwei\u00dfte Motorhaube<br \/>\n2. Voller Anschluss und reduzierender Anschluss<br \/>\n3. Eine Gewinde- und Druckdichtungshaube<br \/>\n4. Materialien entsprechen ANSI\/ASTM<\/p>\n<p>Standard: 1. Designstandard: API602, BS5352<br \/>\n2. Materialdruck-Temperaturstandard: ASME B16.34<br \/>\n3. Standard f\u00fcr Face-to-Face-Abmessungen: ASME B16.10<br \/>\n4. Flanschabmessungsstandard: ASME B16.5<br \/>\n5. Die geschwei\u00dften Enden entsprechen ANSI B16.11<br \/>\n6. Schraubenenden entsprechen ANSI B1.20.1<br \/>\n7. Inspektions- und Teststandard: API598<\/p>\n<p>&nbsp;<\/p>\n<p>Gr\u00f6\u00dfe: 1\/4\u2033~2\u201c<\/p>\n<p>Druckstufe: Klasse 150\u20132500 LB<\/p>\n<p>Geh\u00e4usematerial: ASTM A105, ASTM A182 LF2, ASTM A182 F11, ASTM A182 F22, ASTM A182 F51, ASTM A182 F91, ASTM A182 F304, ASTM A182 F316, ASTM A182 F304L, ASTM A182 F316L usw.<\/p>\n<p>Endanschluss: NPT,BW,SW,RF,RTJ.<\/p>\n<p>Arbeitstemperatur: -29\u2103~650\u2103<\/p>\n<table>\n<tbody>\n<tr>\n<td width=\"200\"><strong>Produktname<\/strong><\/td>\n<td width=\"481\">F11 Forged Steel Y Strainer,150LB, Butt Weld End<\/td>\n<\/tr>\n<tr>\n<td width=\"200\">1. Material<\/td>\n<td width=\"481\">F11<\/td>\n<\/tr>\n<tr>\n<td width=\"200\">2. Gr\u00f6\u00dfe<\/td>\n<td width=\"481\">1&quot;<\/td>\n<\/tr>\n<tr>\n<td width=\"200\">4. Hafen<\/td>\n<td width=\"481\">\u00a0Reduzieranschluss<\/td>\n<\/tr>\n<tr>\n<td width=\"200\">5. Arbeitsdruck<\/td>\n<td width=\"481\">150 Pfund<\/td>\n<\/tr>\n<tr>\n<td width=\"200\">6. Verbindung endet<\/td>\n<td width=\"481\">BW<\/td>\n<\/tr>\n<tr>\n<td width=\"200\">7. Arbeitstemperatur.<\/td>\n<td width=\"481\">-29~520 \u00b0C,<\/td>\n<\/tr>\n<tr>\n<td width=\"200\">8. Geeignetes Medium<\/td>\n<td width=\"481\">Wasser, Erdgas, \u00d6l und einige \u00e4tzende Fl\u00fcssigkeiten<\/td>\n<\/tr>\n<tr>\n<td width=\"200\">9. Betrieben<\/td>\n<td width=\"481\"><\/td>\n<\/tr>\n<tr>\n<td width=\"200\">10. Inspektion und Pr\u00fcfung<\/td>\n<td width=\"481\">Gem\u00e4\u00df API598<\/td>\n<\/tr>\n<tr>\n<td width=\"200\"><strong>Sendung<\/strong><\/td>\n<td width=\"481\"><\/td>\n<\/tr>\n<tr>\n<td width=\"200\">Lieferzeit<\/td>\n<td width=\"481\">30 Tage<\/td>\n<\/tr>\n<tr>\n<td width=\"200\">Paket<\/td>\n<td width=\"481\">Standard-Export-Sperrholzkiste<\/td>\n<\/tr>\n<tr>\n<td width=\"200\">Hafen<\/td>\n<td width=\"481\">Ningbo\/Shanghai, China<\/td>\n<\/tr>\n<tr>\n<td width=\"200\">Versandbedingungen<\/td>\n<td width=\"481\">Exw, FOB, CFR, CIF usw.<\/td>\n<\/tr>\n<tr>\n<td width=\"200\">Zahlungsbedingungen<\/td>\n<td width=\"481\">T\/T, Western Union, PayPal usw.<\/td>\n<\/tr>\n<tr>\n<td width=\"200\"><\/td>\n<td width=\"481\">30% Vorauszahlung, 70% Restbetrag vor dem Versand bezahlt<\/td>\n<\/tr>\n<tr>\n<td width=\"200\">Herkunftsland<\/td>\n<td width=\"481\">Stadt Wenzhou, China<\/td>\n<\/tr>\n<tr>\n<td width=\"200\">Produktionskapazit\u00e4t<\/td>\n<td width=\"481\">6000 Tonnen\/Jahr<\/td>\n<\/tr>\n<tr>\n<td width=\"200\">Mindestbestellmenge<\/td>\n<td width=\"481\">1 St\u00fcck\/Gr\u00f6\u00dfe<\/td>\n<\/tr>\n<\/tbody>\n<\/table>","protected":false},"excerpt":{"rendered":"<p>STV Valve Technology Group Co., Ltd is a professional leader China Forged Steel Y Strainer,FORGED STEEL CLASS 2500 \u201cY\u201d TYPE WELDED COVER STRAINER,Forged Steel Y Type Strainer,F11 Y Type Strainer,Class 150Lb Y- Type Strainers,Forged Steel Y-Pattern Strainer,NPT or BW END,Y Type Strainers and Filters,Y-type strainer Manufacturer with high quality and competitive price.<\/p>","protected":false},"featured_media":7063,"template":"","meta":[],"product_brand":[],"product_cat":[48,964],"product_tag":[2189,2191,2190,283,284,281,286,287,2192],"class_list":{"0":"post-7062","1":"product","2":"type-product","3":"status-publish","4":"has-post-thumbnail","6":"product_cat-y-strainer","7":"product_cat-forged-steel-y-type-strainer","8":"product_tag-china-forged-steel-y-strainer","9":"product_tag-class-150lb-y-type-strainers","10":"product_tag-f11-y-type-strainer","11":"product_tag-forged-steel-class-2500-y-type-welded-cover-strainer","12":"product_tag-forged-steel-y-type-strainer","13":"product_tag-forged-steel-y-pattern-strainer","14":"product_tag-npt-or-bw-end","15":"product_tag-y-type-strainers-and-filters","16":"product_tag-y-type-strainer-manufacturer","18":"first","19":"instock","20":"shipping-taxable","21":"product-type-simple"},"_links":{"self":[{"href":"https:\/\/www.stvvalves.com\/de\/wp-json\/wp\/v2\/product\/7062","targetHints":{"allow":["GET"]}}],"collection":[{"href":"https:\/\/www.stvvalves.com\/de\/wp-json\/wp\/v2\/product"}],"about":[{"href":"https:\/\/www.stvvalves.com\/de\/wp-json\/wp\/v2\/types\/product"}],"wp:featuredmedia":[{"embeddable":true,"href":"https:\/\/www.stvvalves.com\/de\/wp-json\/wp\/v2\/media\/7063"}],"wp:attachment":[{"href":"https:\/\/www.stvvalves.com\/de\/wp-json\/wp\/v2\/media?parent=7062"}],"wp:term":[{"taxonomy":"product_brand","embeddable":true,"href":"https:\/\/www.stvvalves.com\/de\/wp-json\/wp\/v2\/product_brand?post=7062"},{"taxonomy":"product_cat","embeddable":true,"href":"https:\/\/www.stvvalves.com\/de\/wp-json\/wp\/v2\/product_cat?post=7062"},{"taxonomy":"product_tag","embeddable":true,"href":"https:\/\/www.stvvalves.com\/de\/wp-json\/wp\/v2\/product_tag?post=7062"}],"curies":[{"name":"wp","href":"https:\/\/api.w.org\/{rel}","templated":true}]}}